{"id":765185,"date":"2025-08-28T11:34:40","date_gmt":"2025-08-28T08:34:40","guid":{"rendered":"https:\/\/roveyayinevi.com.tr\/index.php\/urun\/kaygi\/"},"modified":"2026-04-13T03:26:21","modified_gmt":"2026-04-13T00:26:21","slug":"kaygi","status":"publish","type":"product","link":"https:\/\/roveyayinevi.com.tr\/index.php\/urun\/kaygi\/","title":{"rendered":"Kayg\u0131"},"content":{"rendered":"<p>Sava\u015farak de\u011fil, bar\u0131\u015farak kazan\u0131n! Ya hata yaparsam!Ya sevdiklerime bir \u015fey olursa!Ya i\u015fimi kaybedersem!Ya deprem olursa! Ya beni sevmezse!Ya ba\u015far\u0131s\u0131z olursam!Ya beni terk ederse! Bunlar size tan\u0131d\u0131k geldi mi? Peki ya bu sorular\u0131n getirdi\u011fi duygular? Hepimiz kayg\u0131lar\u0131m\u0131zdan kurtulmak isteriz. Ne var ki bu \u00e7abayla debelenirken adeta o batakl\u0131\u011fa g\u00f6m\u00fcl\u00fcr\u00fcz. Kayg\u0131n\u0131n ka\u00e7\u0131n\u0131lmaz oldu\u011fu bu d\u00fcnyada, kazanamayaca\u011f\u0131m\u0131z bir sava\u015fa girmektense ona \u201cdo\u011fru ayar\u0131\u201d verebilmek daha mant\u0131kl\u0131 bir se\u00e7enektir. Hayat\u0131m\u0131z\u0131 zorla\u015ft\u0131ran hi\u00e7bir \u015feyi sevmek zorunda de\u011filiz. Kayg\u0131y\u0131 da&#8230; Fakat onunla bar\u0131\u015f i\u00e7inde ya\u015famay\u0131 \u00f6\u011frenmeden ge\u00e7ecek bir \u00f6m\u00fcr, canl\u0131l\u0131ktan ve doyumdan uzak olacakt\u0131r. Yazar, klinik psikolog ve psikoterapist \u015eenay Kahraman bu kitab\u0131yla kayg\u0131y\u0131 ba\u015fka bir g\u00f6zle anlay\u0131p sakinlikle kar\u015f\u0131laman\u0131za yard\u0131mc\u0131 olacak. Mizac\u0131n\u0131z\u0131n kayg\u0131 \u00fczerindeki etkisine ve toplumsal tetikleyicilere dair \u00e7arp\u0131c\u0131 \u00f6rneklerle kendinize do\u011fru bir ad\u0131m atacak, kayg\u0131y\u0131 yok etmenin de\u011fil ama ondan \u00f6zg\u00fcrle\u015fmenin yollar\u0131n\u0131 \u00f6\u011freneceksiniz. <\/p>\n","protected":false},"excerpt":{"rendered":"<p>Sava\u015farak de\u011fil, bar\u0131\u015farak kazan\u0131n! Ya hata yaparsam!Ya sevdiklerime bir \u015fey olursa!Ya i\u015fimi kaybedersem!Ya deprem olursa! Ya beni sevmezse!Ya ba\u015far\u0131s\u0131z olursam!Ya beni terk ederse! Bunlar size tan\u0131d\u0131k<span class=\"excerpt-hellip\"> [\u2026]<\/span><\/p>\n","protected":false},"featured_media":0,"template":"","meta":{"_monsterinsights_skip_tracking":false,"_monsterinsights_sitenote_active":false,"_monsterinsights_sitenote_note":"","_monsterinsights_sitenote_category":0},"product_brand":[],"product_cat":[12357],"product_tag":[],"class_list":{"0":"post-765185","1":"product","2":"type-product","3":"status-publish","5":"product_cat-psikoloji","6":"pa_cilt-ciltsiz","7":"pa_tur-kitap","8":"pa_yayinevi-destek-yayinlari","9":"pa_yazar-senay-kahraman","11":"first","12":"instock","13":"sale","14":"shipping-taxable","15":"purchasable","16":"product-type-simple"},"_links":{"self":[{"href":"https:\/\/roveyayinevi.com.tr\/index.php\/wp-json\/wp\/v2\/product\/765185","targetHints":{"allow":["GET"]}}],"collection":[{"href":"https:\/\/roveyayinevi.com.tr\/index.php\/wp-json\/wp\/v2\/product"}],"about":[{"href":"https:\/\/roveyayinevi.com.tr\/index.php\/wp-json\/wp\/v2\/types\/product"}],"wp:attachment":[{"href":"https:\/\/roveyayinevi.com.tr\/index.php\/wp-json\/wp\/v2\/media?parent=765185"}],"wp:term":[{"taxonomy":"product_brand","embeddable":true,"href":"https:\/\/roveyayinevi.com.tr\/index.php\/wp-json\/wp\/v2\/product_brand?post=765185"},{"taxonomy":"product_cat","embeddable":true,"href":"https:\/\/roveyayinevi.com.tr\/index.php\/wp-json\/wp\/v2\/product_cat?post=765185"},{"taxonomy":"product_tag","embeddable":true,"href":"https:\/\/roveyayinevi.com.tr\/index.php\/wp-json\/wp\/v2\/product_tag?post=765185"}],"curies":[{"name":"wp","href":"https:\/\/api.w.org\/{rel}","templated":true}]}}