{"id":765183,"date":"2025-08-28T11:34:36","date_gmt":"2025-08-28T08:34:36","guid":{"rendered":"https:\/\/roveyayinevi.com.tr\/index.php\/urun\/para-bilinci\/"},"modified":"2026-04-15T03:30:56","modified_gmt":"2026-04-15T00:30:56","slug":"para-bilinci","status":"publish","type":"product","link":"https:\/\/roveyayinevi.com.tr\/index.php\/urun\/para-bilinci\/","title":{"rendered":"Para Bilinci"},"content":{"rendered":"<p>KEND\u0130 DE\u011eER\u0130N\u0130Z\u0130 B\u0130LD\u0130\u011e\u0130N\u0130ZDE PARA DA S\u0130ZE AKAR. Para Bilinci, sadece finansal \u00f6zg\u00fcrl\u00fc\u011fe ula\u015fman\u0131n yollar\u0131n\u0131 de\u011fil, paran\u0131n ki\u015fisel de\u011ferimizle ve bilin\u00e7 seviyemizle olan ili\u015fkisini de g\u00f6zler \u00f6n\u00fcne seriyor. Bu kitap, para bilincinizi geli\u015ftirip ya\u015fam standard\u0131n\u0131z\u0131 y\u00fckseltirken, hayal etti\u011finiz ya\u015fam\u0131 in\u015fa etmenize yard\u0131mc\u0131 olacak bir rehber.   \u0130\u015flevsiz d\u00fc\u015f\u00fcnme al\u0131\u015fkanl\u0131klar\u0131n\u0131 de\u011fi\u015ftirme alan\u0131ndaki 20 y\u0131l\u0131 a\u015fk\u0131n deneyimiyle d\u00fcnya \u00e7ap\u0131nda bir otorite olan Nev\u015fah Fidan Karamehmet size finansal \u00f6zg\u00fcrl\u00fc\u011fe giden yolda ad\u0131m ad\u0131m e\u015flik ediyor. Zenginlik ile varl\u0131k aras\u0131ndaki fark\u0131 a\u00e7\u0131klarken finansal ba\u015far\u0131ya ula\u015fman\u0131n zihin yap\u0131m\u0131zla do\u011frudan ba\u011flant\u0131l\u0131 oldu\u011funu savunuyor. D\u00fc\u015f\u00fcncenin ve meditasyonun g\u00fcc\u00fcn\u00fc kullanarak hayat\u0131n\u0131zdaki para ak\u0131\u015f\u0131n\u0131 dengelemenin s\u0131rlar\u0131n\u0131 payla\u015f\u0131yor. Hayat\u0131n\u0131z\u0131 anlaml\u0131 aktivitelerle doldurmak ve ustaca bir ya\u015fam s\u00fcrmek i\u00e7in yepyeni bir yolculu\u011fa \u00e7\u0131kar\u0131yor. <\/p>\n","protected":false},"excerpt":{"rendered":"<p>KEND\u0130 DE\u011eER\u0130N\u0130Z\u0130 B\u0130LD\u0130\u011e\u0130N\u0130ZDE PARA DA S\u0130ZE AKAR. Para Bilinci, sadece finansal \u00f6zg\u00fcrl\u00fc\u011fe ula\u015fman\u0131n yollar\u0131n\u0131 de\u011fil, paran\u0131n ki\u015fisel de\u011ferimizle ve bilin\u00e7 seviyemizle olan ili\u015fkisini de g\u00f6zler \u00f6n\u00fcne<span class=\"excerpt-hellip\"> [\u2026]<\/span><\/p>\n","protected":false},"featured_media":0,"template":"","meta":{"_monsterinsights_skip_tracking":false,"_monsterinsights_sitenote_active":false,"_monsterinsights_sitenote_note":"","_monsterinsights_sitenote_category":0},"product_brand":[],"product_cat":[12364,12376],"product_tag":[],"class_list":{"0":"post-765183","1":"product","2":"type-product","3":"status-publish","5":"product_cat-genel-konular","6":"product_cat-kisisel-gelisim","7":"pa_cilt-ciltsiz","8":"pa_tur-kitap","9":"pa_yayinevi-destek-yayinlari","10":"pa_yazar-nevsah-fidan","12":"first","13":"instock","14":"sale","15":"shipping-taxable","16":"purchasable","17":"product-type-simple"},"_links":{"self":[{"href":"https:\/\/roveyayinevi.com.tr\/index.php\/wp-json\/wp\/v2\/product\/765183","targetHints":{"allow":["GET"]}}],"collection":[{"href":"https:\/\/roveyayinevi.com.tr\/index.php\/wp-json\/wp\/v2\/product"}],"about":[{"href":"https:\/\/roveyayinevi.com.tr\/index.php\/wp-json\/wp\/v2\/types\/product"}],"wp:attachment":[{"href":"https:\/\/roveyayinevi.com.tr\/index.php\/wp-json\/wp\/v2\/media?parent=765183"}],"wp:term":[{"taxonomy":"product_brand","embeddable":true,"href":"https:\/\/roveyayinevi.com.tr\/index.php\/wp-json\/wp\/v2\/product_brand?post=765183"},{"taxonomy":"product_cat","embeddable":true,"href":"https:\/\/roveyayinevi.com.tr\/index.php\/wp-json\/wp\/v2\/product_cat?post=765183"},{"taxonomy":"product_tag","embeddable":true,"href":"https:\/\/roveyayinevi.com.tr\/index.php\/wp-json\/wp\/v2\/product_tag?post=765183"}],"curies":[{"name":"wp","href":"https:\/\/api.w.org\/{rel}","templated":true}]}}