{"id":765182,"date":"2025-08-28T11:34:33","date_gmt":"2025-08-28T08:34:33","guid":{"rendered":"https:\/\/roveyayinevi.com.tr\/index.php\/urun\/hapisteki-emanet-1-ciltli\/"},"modified":"2026-04-15T03:30:56","modified_gmt":"2026-04-15T00:30:56","slug":"hapisteki-emanet-1-ciltli","status":"publish","type":"product","link":"https:\/\/roveyayinevi.com.tr\/index.php\/urun\/hapisteki-emanet-1-ciltli\/","title":{"rendered":"Hapisteki Emanet 1 (Ciltli)"},"content":{"rendered":"<p>Kimli\u011fini, ailesini, do\u011fup b\u00fcy\u00fcd\u00fc\u011f\u00fc Karadeniz\u2019i geride b\u0131rak\u0131p \u0130stanbul\u2019a gelen Kurt Atabey ba\u015far\u0131l\u0131 bir savc\u0131d\u0131r ancak bir g\u00fcnbeklemedi\u011fi bir \u015fekilde cezaevine girer.   \u00c7ocuklu\u011fundan bu yana \u00fcvey annesinin \u015fiddetiyle b\u00fcy\u00fcyen Beliz Yarg\u0131c\u0131 babas\u0131n\u0131n cezaevine girmesiyle daha \u00e7ok sars\u0131l\u0131r, \u00e7aresizce ortada kal\u0131r. Babas\u0131n\u0131n yoklu\u011funda \u00fcvey annesi taraf\u0131ndan soka\u011fa at\u0131l\u0131r. Her \u015feyin cehenneme d\u00f6n\u00fc\u015ft\u00fc\u011f\u00fcn\u00fc d\u00fc\u015f\u00fcnd\u00fc\u011f\u00fc bir anda t\u00fcm d\u00fcnyas\u0131 tamamen de\u011fi\u015fir.   Ve bir g\u00fcn, cezaevinde babas\u0131n\u0131n g\u00f6r\u00fc\u015f g\u00fcn\u00fcndeyken yan masadan b\u00fcy\u00fck bir g\u00fcr\u00fclt\u00fc duyulur. Beliz korkuyla yan masaya bakt\u0131\u011f\u0131nda heybetli, sa\u00e7\u0131 sakal\u0131 birbirine kar\u0131\u015fm\u0131\u015f olan o adamla g\u00f6z g\u00f6ze gelir, kalbi korkuyla \u00e7arpar.   \u0130\u015fte \u015fimdi kader onlar i\u00e7in a\u011flar\u0131n\u0131 \u00f6rmeye ba\u015flam\u0131\u015ft\u0131r&#8230; Kaderin onlar i\u00e7in \u00e7ok farkl\u0131 planlar\u0131 olsa da ikisi de bunu bilemez&#8230; Beliz babas\u0131n\u0131n kendisini hi\u00e7 tan\u0131mad\u0131\u011f\u0131 bu yabanc\u0131ya emanet edece\u011finden habersizdir\u2026   Bu iki gencin ya\u015fayaca\u011f\u0131 a\u015fk hem yakacak hem k\u00fcl edecektir\u2026   Bir Karadeniz hik\u00e2yesi\u2026 <\/p>\n","protected":false},"excerpt":{"rendered":"<p>Kimli\u011fini, ailesini, do\u011fup b\u00fcy\u00fcd\u00fc\u011f\u00fc Karadeniz\u2019i geride b\u0131rak\u0131p \u0130stanbul\u2019a gelen Kurt Atabey ba\u015far\u0131l\u0131 bir savc\u0131d\u0131r ancak bir g\u00fcnbeklemedi\u011fi bir \u015fekilde cezaevine girer. \u00c7ocuklu\u011fundan bu yana \u00fcvey annesinin<span class=\"excerpt-hellip\"> [\u2026]<\/span><\/p>\n","protected":false},"featured_media":0,"template":"","meta":{"_monsterinsights_skip_tracking":false,"_monsterinsights_sitenote_active":false,"_monsterinsights_sitenote_note":"","_monsterinsights_sitenote_category":0},"product_brand":[],"product_cat":[12291,12711],"product_tag":[],"class_list":{"0":"post-765182","1":"product","2":"type-product","3":"status-publish","5":"product_cat-edebiyat","6":"product_cat-roman-oyku","7":"pa_cilt-ciltli","8":"pa_tur-kitap","9":"pa_yayinevi-athica-yayinlari","10":"pa_yazar-rumeysa-gulhan","12":"first","13":"instock","14":"sale","15":"shipping-taxable","16":"purchasable","17":"product-type-simple"},"_links":{"self":[{"href":"https:\/\/roveyayinevi.com.tr\/index.php\/wp-json\/wp\/v2\/product\/765182","targetHints":{"allow":["GET"]}}],"collection":[{"href":"https:\/\/roveyayinevi.com.tr\/index.php\/wp-json\/wp\/v2\/product"}],"about":[{"href":"https:\/\/roveyayinevi.com.tr\/index.php\/wp-json\/wp\/v2\/types\/product"}],"wp:attachment":[{"href":"https:\/\/roveyayinevi.com.tr\/index.php\/wp-json\/wp\/v2\/media?parent=765182"}],"wp:term":[{"taxonomy":"product_brand","embeddable":true,"href":"https:\/\/roveyayinevi.com.tr\/index.php\/wp-json\/wp\/v2\/product_brand?post=765182"},{"taxonomy":"product_cat","embeddable":true,"href":"https:\/\/roveyayinevi.com.tr\/index.php\/wp-json\/wp\/v2\/product_cat?post=765182"},{"taxonomy":"product_tag","embeddable":true,"href":"https:\/\/roveyayinevi.com.tr\/index.php\/wp-json\/wp\/v2\/product_tag?post=765182"}],"curies":[{"name":"wp","href":"https:\/\/api.w.org\/{rel}","templated":true}]}}