{"id":765180,"date":"2025-08-28T11:34:28","date_gmt":"2025-08-28T08:34:28","guid":{"rendered":"https:\/\/roveyayinevi.com.tr\/index.php\/urun\/flores-kadinlarinin-laneti\/"},"modified":"2026-04-15T03:30:56","modified_gmt":"2026-04-15T00:30:56","slug":"flores-kadinlarinin-laneti","status":"publish","type":"product","link":"https:\/\/roveyayinevi.com.tr\/index.php\/urun\/flores-kadinlarinin-laneti\/","title":{"rendered":"Flores Kad\u0131nlar\u0131n\u0131n Laneti"},"content":{"rendered":"<p>Hayatlar\u0131 Dantelle \u00d6r\u00fclm\u00fc\u015f Yedi Neslin Kad\u0131nlar\u0131 \u00d6RD\u00dcKLER\u0130 DANTELDE OLU\u015eTURDUKLARI \u015e\u0130FREYLE ERKEK BASKISINA BA\u015e KALDIRAN KADINLAR&#8230; On sekiz ya\u015f\u0131nda bir gen\u00e7 k\u0131z olan Alice, y\u0131llar \u00f6nce ailesiyle ba\u011f\u0131n\u0131 koparm\u0131\u015f olan annesiyle birlikte Brezilya\u2019n\u0131n Rio de Janerio kentinde ya\u015famaktad\u0131r. Toplumda kad\u0131nlar\u0131 ikinci planda g\u00f6ren d\u00fczene ve annesinin bask\u0131c\u0131 tutumuna kar\u015f\u0131 s\u00fcrd\u00fcrd\u00fc\u011f\u00fc \u00f6zg\u00fcrl\u00fck m\u00fccadelesinde kendini yaln\u0131z hissetmektedir. Ta ki, atalar\u0131ndan miras kalan bir dantel duvak, ailesindeki kad\u0131nlar\u0131n gizli tarihini ke\u015ffetme yolunu a\u00e7ana kadar. Yedi ku\u015fak \u00f6nce, k\u00fc\u00e7\u00fck bir kasaba olan Bom Retiro\u2019da ya\u015fayan Floresler, ailedeki erkeklerin erken \u00f6lmesi y\u00fcz\u00fcnden kasaba halk\u0131 taraf\u0131ndan \u201clanetli\u201d olarak g\u00f6r\u00fclmekte ve d\u0131\u015flanmaktad\u0131r. Flores kad\u0131nlar\u0131 dantel sanat\u0131n\u0131 \u00f6\u011frenerek kendi ayaklar\u0131 \u00fczerinde durmay\u0131 ve erkeklere gerek duymadan ya\u015famlar\u0131n\u0131 s\u00fcrd\u00fcrmeyi ba\u015far\u0131rlar. Ancak kurduklar\u0131 huzurlu hayat k\u0131sa s\u00fcrede bozulunca, yine dantel sanat\u0131 imdada yeti\u015fecek, \u00f6rg\u00fclerle olu\u015fturduklar\u0131 \u015fifre onlar\u0131 \u00f6zg\u00fcrl\u00fc\u011fe ta\u015f\u0131yan yolu a\u00e7acakt\u0131r. Gen\u00e7 ve deli\u015fmen Alice, ailesinin tarihini bir araya getirmeye ba\u015flad\u0131k\u00e7a, baz\u0131 \u015feylerin h\u00e2l\u00e2 de\u011fi\u015fmedi\u011fini g\u00f6recek ve kendisini atalar\u0131n\u0131n u\u011fruna \u00e7abalad\u0131\u011f\u0131 gelece\u011fe ta\u015f\u0131yacak o g\u00fcc\u00fc bulacakt\u0131r. Kad\u0131nlar aras\u0131ndaki sars\u0131lmaz ba\u011flar\u0131 anlatan bu unutulmaz romanda, gen\u00e7 bir k\u0131z aile ge\u00e7mi\u015finin ard\u0131ndaki ger\u00e7e\u011fi ve ku\u015faklar boyunca yank\u0131lanan s\u0131rlar\u0131 ortaya \u00e7\u0131kar\u0131yor.<\/p>\n","protected":false},"excerpt":{"rendered":"<p>Hayatlar\u0131 Dantelle \u00d6r\u00fclm\u00fc\u015f Yedi Neslin Kad\u0131nlar\u0131 \u00d6RD\u00dcKLER\u0130 DANTELDE OLU\u015eTURDUKLARI \u015e\u0130FREYLE ERKEK BASKISINA BA\u015e KALDIRAN KADINLAR&#8230; On sekiz ya\u015f\u0131nda bir gen\u00e7 k\u0131z olan Alice, y\u0131llar \u00f6nce ailesiyle<span class=\"excerpt-hellip\"> [\u2026]<\/span><\/p>\n","protected":false},"featured_media":0,"template":"","meta":{"_monsterinsights_skip_tracking":false,"_monsterinsights_sitenote_active":false,"_monsterinsights_sitenote_note":"","_monsterinsights_sitenote_category":0},"product_brand":[],"product_cat":[12291,12711],"product_tag":[],"class_list":{"0":"post-765180","1":"product","2":"type-product","3":"status-publish","5":"product_cat-edebiyat","6":"product_cat-roman-oyku","7":"pa_cilt-ciltsiz","8":"pa_tur-kitap","9":"pa_yayinevi-remzi-kitabevi","10":"pa_yazar-angelica-lopes","12":"first","13":"instock","14":"sale","15":"shipping-taxable","16":"purchasable","17":"product-type-simple"},"_links":{"self":[{"href":"https:\/\/roveyayinevi.com.tr\/index.php\/wp-json\/wp\/v2\/product\/765180","targetHints":{"allow":["GET"]}}],"collection":[{"href":"https:\/\/roveyayinevi.com.tr\/index.php\/wp-json\/wp\/v2\/product"}],"about":[{"href":"https:\/\/roveyayinevi.com.tr\/index.php\/wp-json\/wp\/v2\/types\/product"}],"wp:attachment":[{"href":"https:\/\/roveyayinevi.com.tr\/index.php\/wp-json\/wp\/v2\/media?parent=765180"}],"wp:term":[{"taxonomy":"product_brand","embeddable":true,"href":"https:\/\/roveyayinevi.com.tr\/index.php\/wp-json\/wp\/v2\/product_brand?post=765180"},{"taxonomy":"product_cat","embeddable":true,"href":"https:\/\/roveyayinevi.com.tr\/index.php\/wp-json\/wp\/v2\/product_cat?post=765180"},{"taxonomy":"product_tag","embeddable":true,"href":"https:\/\/roveyayinevi.com.tr\/index.php\/wp-json\/wp\/v2\/product_tag?post=765180"}],"curies":[{"name":"wp","href":"https:\/\/api.w.org\/{rel}","templated":true}]}}