{"id":765179,"date":"2025-08-28T11:34:26","date_gmt":"2025-08-28T08:34:26","guid":{"rendered":"https:\/\/roveyayinevi.com.tr\/index.php\/urun\/alet-kullanan-merakli-canlilar\/"},"modified":"2026-04-15T03:30:56","modified_gmt":"2026-04-15T00:30:56","slug":"alet-kullanan-merakli-canlilar","status":"publish","type":"product","link":"https:\/\/roveyayinevi.com.tr\/index.php\/urun\/alet-kullanan-merakli-canlilar\/","title":{"rendered":"Alet Kullanan Merakl\u0131 Canl\u0131lar"},"content":{"rendered":"<p>D\u00fcnya \u00fczerinde balta girmemi\u015f ormanlarda, \u00e7\u00f6llerde ve  denizin derinliklerinde merakl\u0131 canl\u0131lar har\u0131l har\u0131l \u00e7al\u0131\u015f\u0131yor! Gezegenimizi, dev yapraklardan \u015femsiyeler yapan orangutanlar ve do\u011fadaki her \u015feyi bir alet gibi kullanabilen zeki kargalar ve daha bir\u00e7ok harika hayvanla payla\u015f\u0131yoruz. Bu hayvanlar\u0131n nesneleri nas\u0131l ve neden bu kadar ustal\u0131kla kulland\u0131klar\u0131n\u0131 \u00f6\u011frenin ve bu becerikli canl\u0131larla hayal etti\u011finizden daha fazla ortak y\u00f6n\u00fcn\u00fcz oldu\u011funu ke\u015ffedin! <\/p>\n","protected":false},"excerpt":{"rendered":"<p>D\u00fcnya \u00fczerinde balta girmemi\u015f ormanlarda, \u00e7\u00f6llerde ve denizin derinliklerinde merakl\u0131 canl\u0131lar har\u0131l har\u0131l \u00e7al\u0131\u015f\u0131yor! Gezegenimizi, dev yapraklardan \u015femsiyeler yapan orangutanlar ve do\u011fadaki her \u015feyi bir alet<span class=\"excerpt-hellip\"> [\u2026]<\/span><\/p>\n","protected":false},"featured_media":0,"template":"","meta":{"_monsterinsights_skip_tracking":false,"_monsterinsights_sitenote_active":false,"_monsterinsights_sitenote_note":"","_monsterinsights_sitenote_category":0},"product_brand":[],"product_cat":[12274,12284],"product_tag":[],"class_list":{"0":"post-765179","1":"product","2":"type-product","3":"status-publish","5":"product_cat-cocuk-ve-genclik-kitaplari","6":"product_cat-hikayeler","7":"pa_cilt-ciltsiz","8":"pa_tur-kitap","9":"pa_yayinevi-vakifbank-kultur-yayinlari","10":"pa_yazar-zoe-armstrong","12":"first","13":"instock","14":"sale","15":"shipping-taxable","16":"purchasable","17":"product-type-simple"},"_links":{"self":[{"href":"https:\/\/roveyayinevi.com.tr\/index.php\/wp-json\/wp\/v2\/product\/765179","targetHints":{"allow":["GET"]}}],"collection":[{"href":"https:\/\/roveyayinevi.com.tr\/index.php\/wp-json\/wp\/v2\/product"}],"about":[{"href":"https:\/\/roveyayinevi.com.tr\/index.php\/wp-json\/wp\/v2\/types\/product"}],"wp:attachment":[{"href":"https:\/\/roveyayinevi.com.tr\/index.php\/wp-json\/wp\/v2\/media?parent=765179"}],"wp:term":[{"taxonomy":"product_brand","embeddable":true,"href":"https:\/\/roveyayinevi.com.tr\/index.php\/wp-json\/wp\/v2\/product_brand?post=765179"},{"taxonomy":"product_cat","embeddable":true,"href":"https:\/\/roveyayinevi.com.tr\/index.php\/wp-json\/wp\/v2\/product_cat?post=765179"},{"taxonomy":"product_tag","embeddable":true,"href":"https:\/\/roveyayinevi.com.tr\/index.php\/wp-json\/wp\/v2\/product_tag?post=765179"}],"curies":[{"name":"wp","href":"https:\/\/api.w.org\/{rel}","templated":true}]}}