{"id":765178,"date":"2025-08-28T11:34:24","date_gmt":"2025-08-28T08:34:24","guid":{"rendered":"https:\/\/roveyayinevi.com.tr\/index.php\/urun\/boya-kupune-dusen-cakal\/"},"modified":"2026-03-12T03:28:03","modified_gmt":"2026-03-12T00:28:03","slug":"boya-kupune-dusen-cakal","status":"publish","type":"product","link":"https:\/\/roveyayinevi.com.tr\/index.php\/urun\/boya-kupune-dusen-cakal\/","title":{"rendered":"Boya K\u00fcp\u00fcne D\u00fc\u015fen \u00c7akal"},"content":{"rendered":"<p>Gen\u00e7 bir \u00e7akal ya\u015farm\u0131\u015f Orman\u0131n bir yerinde. G\u00fcn\u00fcm\u00fczden pek uzak Evvel zaman i\u00e7inde. Pek merakl\u0131 bir \u015feymi\u015f K\u00fc\u00e7\u00fck, sevimli haylaz. Kimseyi be\u011fenmezmi\u015f Kibirliymi\u015f de biraz. Bizim merakl\u0131 \u00e7akal Pek uymazm\u0131\u015f kimseye. Tek ba\u015f\u0131na gidermi\u015f Avlanmaya, gezmeye. <\/p>\n","protected":false},"excerpt":{"rendered":"<p>Gen\u00e7 bir \u00e7akal ya\u015farm\u0131\u015f Orman\u0131n bir yerinde. G\u00fcn\u00fcm\u00fczden pek uzak Evvel zaman i\u00e7inde. Pek merakl\u0131 bir \u015feymi\u015f K\u00fc\u00e7\u00fck, sevimli haylaz. Kimseyi be\u011fenmezmi\u015f Kibirliymi\u015f de biraz. Bizim<span class=\"excerpt-hellip\"> [\u2026]<\/span><\/p>\n","protected":false},"featured_media":0,"template":"","meta":{"_monsterinsights_skip_tracking":false,"_monsterinsights_sitenote_active":false,"_monsterinsights_sitenote_note":"","_monsterinsights_sitenote_category":0},"product_brand":[],"product_cat":[12274,12284],"product_tag":[],"class_list":{"0":"post-765178","1":"product","2":"type-product","3":"status-publish","5":"product_cat-cocuk-ve-genclik-kitaplari","6":"product_cat-hikayeler","7":"pa_cilt-ciltsiz","8":"pa_tur-kitap","9":"pa_yayinevi-kirmizi-cati-yayinlari","10":"pa_yazar-ismail-guctas","12":"first","13":"instock","14":"sale","15":"shipping-taxable","16":"purchasable","17":"product-type-simple"},"_links":{"self":[{"href":"https:\/\/roveyayinevi.com.tr\/index.php\/wp-json\/wp\/v2\/product\/765178","targetHints":{"allow":["GET"]}}],"collection":[{"href":"https:\/\/roveyayinevi.com.tr\/index.php\/wp-json\/wp\/v2\/product"}],"about":[{"href":"https:\/\/roveyayinevi.com.tr\/index.php\/wp-json\/wp\/v2\/types\/product"}],"wp:attachment":[{"href":"https:\/\/roveyayinevi.com.tr\/index.php\/wp-json\/wp\/v2\/media?parent=765178"}],"wp:term":[{"taxonomy":"product_brand","embeddable":true,"href":"https:\/\/roveyayinevi.com.tr\/index.php\/wp-json\/wp\/v2\/product_brand?post=765178"},{"taxonomy":"product_cat","embeddable":true,"href":"https:\/\/roveyayinevi.com.tr\/index.php\/wp-json\/wp\/v2\/product_cat?post=765178"},{"taxonomy":"product_tag","embeddable":true,"href":"https:\/\/roveyayinevi.com.tr\/index.php\/wp-json\/wp\/v2\/product_tag?post=765178"}],"curies":[{"name":"wp","href":"https:\/\/api.w.org\/{rel}","templated":true}]}}