{"id":765177,"date":"2025-08-28T11:34:22","date_gmt":"2025-08-28T08:34:22","guid":{"rendered":"https:\/\/roveyayinevi.com.tr\/index.php\/urun\/nikola-tesla-2\/"},"modified":"2026-04-15T03:30:55","modified_gmt":"2026-04-15T00:30:55","slug":"nikola-tesla-2","status":"publish","type":"product","link":"https:\/\/roveyayinevi.com.tr\/index.php\/urun\/nikola-tesla-2\/","title":{"rendered":"Nikola Tesla"},"content":{"rendered":"<p>O biiiiir elektrik m\u00fchendisi&#8230; O biiir makine m\u00fchendisi&#8230; O bilir f\u00fct\u00fcrist&#8230;O bilir bilim adam\u0131&#8230;   Vay can\u0131na, herkes parma\u011f\u0131n\u0131 kald\u0131r\u0131p s\u00f6z istedi\u011fine g\u00f6re kimden bahsetti\u011fimizi hemen anlad\u0131n\u0131z! Ama bu kadar az ipucu vermi\u015fken nas\u0131l anlad\u0131n\u0131z ki???   Nikola Tesla yak\u0131n tarihimizin en b\u00fcy\u00fck d\u00e2hilerinden biridir. Bug\u00fcn kulland\u0131\u011f\u0131m\u0131z teknolojinin \u00e7ok b\u00fcy\u00fck bir k\u0131sm\u0131n\u0131n onun icatlar\u0131 oldu\u011funu biliyor muydunuz? Onun hakk\u0131nda konu\u015facak o kadar \u00e7ok \u015feyimiz var ki. Hadi hi\u00e7 vakit kaybetmeden ba\u015flayal\u0131m. <\/p>\n","protected":false},"excerpt":{"rendered":"<p>O biiiiir elektrik m\u00fchendisi&#8230; O biiir makine m\u00fchendisi&#8230; O bilir f\u00fct\u00fcrist&#8230;O bilir bilim adam\u0131&#8230; Vay can\u0131na, herkes parma\u011f\u0131n\u0131 kald\u0131r\u0131p s\u00f6z istedi\u011fine g\u00f6re kimden bahsetti\u011fimizi hemen anlad\u0131n\u0131z!<span class=\"excerpt-hellip\"> [\u2026]<\/span><\/p>\n","protected":false},"featured_media":0,"template":"","meta":{"_monsterinsights_skip_tracking":false,"_monsterinsights_sitenote_active":false,"_monsterinsights_sitenote_note":"","_monsterinsights_sitenote_category":0},"product_brand":[],"product_cat":[13829,12274],"product_tag":[],"class_list":{"0":"post-765177","1":"product","2":"type-product","3":"status-publish","5":"product_cat-bilimsel-kitaplar","6":"product_cat-cocuk-ve-genclik-kitaplari","7":"pa_cilt-ciltsiz","8":"pa_tur-kitap","9":"pa_yayinevi-profil-kitap","10":"pa_yazar-sebnem-piskin","12":"first","13":"instock","14":"sale","15":"shipping-taxable","16":"purchasable","17":"product-type-simple"},"_links":{"self":[{"href":"https:\/\/roveyayinevi.com.tr\/index.php\/wp-json\/wp\/v2\/product\/765177","targetHints":{"allow":["GET"]}}],"collection":[{"href":"https:\/\/roveyayinevi.com.tr\/index.php\/wp-json\/wp\/v2\/product"}],"about":[{"href":"https:\/\/roveyayinevi.com.tr\/index.php\/wp-json\/wp\/v2\/types\/product"}],"wp:attachment":[{"href":"https:\/\/roveyayinevi.com.tr\/index.php\/wp-json\/wp\/v2\/media?parent=765177"}],"wp:term":[{"taxonomy":"product_brand","embeddable":true,"href":"https:\/\/roveyayinevi.com.tr\/index.php\/wp-json\/wp\/v2\/product_brand?post=765177"},{"taxonomy":"product_cat","embeddable":true,"href":"https:\/\/roveyayinevi.com.tr\/index.php\/wp-json\/wp\/v2\/product_cat?post=765177"},{"taxonomy":"product_tag","embeddable":true,"href":"https:\/\/roveyayinevi.com.tr\/index.php\/wp-json\/wp\/v2\/product_tag?post=765177"}],"curies":[{"name":"wp","href":"https:\/\/api.w.org\/{rel}","templated":true}]}}