{"id":765176,"date":"2025-08-28T11:34:19","date_gmt":"2025-08-28T08:34:19","guid":{"rendered":"https:\/\/roveyayinevi.com.tr\/index.php\/urun\/elon-musk\/"},"modified":"2026-04-15T03:30:55","modified_gmt":"2026-04-15T00:30:55","slug":"elon-musk","status":"publish","type":"product","link":"https:\/\/roveyayinevi.com.tr\/index.php\/urun\/elon-musk\/","title":{"rendered":"Elon Musk"},"content":{"rendered":"<p>O biiiiir SpaceX \u015firketinin kurucusu&#8230; O biiiir CEO&#8230; O biiir d\u00fcnyan\u0131n en zengin insan\u0131&#8230; O bir tasar\u0131m \u015fefi&#8230; O biiiiir yat\u0131r\u0131mc\u0131&#8230; O biiiir \u00fcr\u00fcn mimar\u0131&#8230; O biiiir end\u00fcstriyel tasar\u0131mc\u0131&#8230; O biiiir teknoloji giri\u015fimcisi&#8230; O biiiiiir f\u00fct\u00fcr\u00fcstik&#8230; O biiiiir&#8230;&#8230;. \u015eimdiden yoruldum arkada\u015flar. Baksan\u0131za Elon Musk&#8217;\u0131 tarif etmeye \u00e7al\u0131\u015fmak bile ba\u015fl\u0131 ba\u015f\u0131na bilimsel bir tez konusu. Haz\u0131rsan\u0131z kemerlerinizi ba\u011flay\u0131n l\u00fctfen, \u00e7\u00fcnk\u00fc ak\u0131llara durgunluk verecek bir ba\u015far\u0131 hikayesi dinlemek \u00fczeresiniz. \u00dcstelik kitab\u0131m\u0131z\u0131n sonuna do\u011fru ba\u015fka gezegenlere do\u011fru ufak bir seyahate \u00e7\u0131kaca\u011f\u0131m\u0131z\u0131 da \u015fimdiden s\u00f6ylemek istiyorum. Hay Allah, s\u00fcrprizi sona saklayaca\u011f\u0131ma daha kitab\u0131n ba\u015f\u0131nda a\u011fz\u0131mdan ka\u00e7\u0131r\u0131verdim. T\u00fch!!! Benim a\u011fz\u0131mda da bakla \u0131slanm\u0131yor! Hadi bakal\u0131m ba\u015fl\u0131yoruuuuuz! <\/p>\n","protected":false},"excerpt":{"rendered":"<p>O biiiiir SpaceX \u015firketinin kurucusu&#8230; O biiiir CEO&#8230; O biiir d\u00fcnyan\u0131n en zengin insan\u0131&#8230; O bir tasar\u0131m \u015fefi&#8230; O biiiiir yat\u0131r\u0131mc\u0131&#8230; O biiiir \u00fcr\u00fcn mimar\u0131&#8230; O<span class=\"excerpt-hellip\"> [\u2026]<\/span><\/p>\n","protected":false},"featured_media":0,"template":"","meta":{"_monsterinsights_skip_tracking":false,"_monsterinsights_sitenote_active":false,"_monsterinsights_sitenote_note":"","_monsterinsights_sitenote_category":0},"product_brand":[],"product_cat":[13829,12274],"product_tag":[],"class_list":{"0":"post-765176","1":"product","2":"type-product","3":"status-publish","5":"product_cat-bilimsel-kitaplar","6":"product_cat-cocuk-ve-genclik-kitaplari","7":"pa_cilt-ciltsiz","8":"pa_tur-kitap","9":"pa_yayinevi-profil-kitap","10":"pa_yazar-sebnem-piskin","12":"first","13":"instock","14":"sale","15":"shipping-taxable","16":"purchasable","17":"product-type-simple"},"_links":{"self":[{"href":"https:\/\/roveyayinevi.com.tr\/index.php\/wp-json\/wp\/v2\/product\/765176","targetHints":{"allow":["GET"]}}],"collection":[{"href":"https:\/\/roveyayinevi.com.tr\/index.php\/wp-json\/wp\/v2\/product"}],"about":[{"href":"https:\/\/roveyayinevi.com.tr\/index.php\/wp-json\/wp\/v2\/types\/product"}],"wp:attachment":[{"href":"https:\/\/roveyayinevi.com.tr\/index.php\/wp-json\/wp\/v2\/media?parent=765176"}],"wp:term":[{"taxonomy":"product_brand","embeddable":true,"href":"https:\/\/roveyayinevi.com.tr\/index.php\/wp-json\/wp\/v2\/product_brand?post=765176"},{"taxonomy":"product_cat","embeddable":true,"href":"https:\/\/roveyayinevi.com.tr\/index.php\/wp-json\/wp\/v2\/product_cat?post=765176"},{"taxonomy":"product_tag","embeddable":true,"href":"https:\/\/roveyayinevi.com.tr\/index.php\/wp-json\/wp\/v2\/product_tag?post=765176"}],"curies":[{"name":"wp","href":"https:\/\/api.w.org\/{rel}","templated":true}]}}