{"id":765174,"date":"2025-08-28T11:34:15","date_gmt":"2025-08-28T08:34:15","guid":{"rendered":"https:\/\/roveyayinevi.com.tr\/index.php\/urun\/steve-jobs-3\/"},"modified":"2026-04-15T03:30:55","modified_gmt":"2026-04-15T00:30:55","slug":"steve-jobs-3","status":"publish","type":"product","link":"https:\/\/roveyayinevi.com.tr\/index.php\/urun\/steve-jobs-3\/","title":{"rendered":"Steve Jobs"},"content":{"rendered":"<p>Bir varm\u0131\u015f, bir yokmu\u015f. Evvel zamanlar\u0131n birinde, uzak bir \u00fclkede bir padi\u015fah ile \u00fc\u00e7 o\u011flu ya\u015farm\u0131\u015f. Gel zaman, git zaman bu padi\u015fah&#8230;   Hay Allah arkada\u015flar sihirli elma deyince akl\u0131m bamba\u015fka yerlere gitti. Ger\u00e7i \u015fimdi anlataca\u011f\u0131m\u0131z hikaye de en az sihirli elma masallar\u0131 kadar masals\u0131 ve dillere destan olma niteli\u011finde ya! Ama s\u00f6z konusu elma, ne o bildi\u011fimiz eski masallar\u0131n sihirli elmas\u0131, ne de Amasya elmas\u0131. Bu elma, Steve Jobs&#8217;un elmas\u0131!   Ee \u00f6yleyse ne duruyoruz, muhte\u015fem bir ba\u015far\u0131 hik\u00e2yesi dinlemeye haz\u0131rsan\u0131z ba\u015fl\u0131yoruz! <\/p>\n","protected":false},"excerpt":{"rendered":"<p>Bir varm\u0131\u015f, bir yokmu\u015f. Evvel zamanlar\u0131n birinde, uzak bir \u00fclkede bir padi\u015fah ile \u00fc\u00e7 o\u011flu ya\u015farm\u0131\u015f. Gel zaman, git zaman bu padi\u015fah&#8230; Hay Allah arkada\u015flar sihirli<span class=\"excerpt-hellip\"> [\u2026]<\/span><\/p>\n","protected":false},"featured_media":0,"template":"","meta":{"_monsterinsights_skip_tracking":false,"_monsterinsights_sitenote_active":false,"_monsterinsights_sitenote_note":"","_monsterinsights_sitenote_category":0},"product_brand":[],"product_cat":[13829,12274],"product_tag":[],"class_list":{"0":"post-765174","1":"product","2":"type-product","3":"status-publish","5":"product_cat-bilimsel-kitaplar","6":"product_cat-cocuk-ve-genclik-kitaplari","7":"pa_cilt-ciltsiz","8":"pa_tur-kitap","9":"pa_yayinevi-profil-kitap","10":"pa_yazar-sebnem-piskin","12":"first","13":"instock","14":"sale","15":"shipping-taxable","16":"purchasable","17":"product-type-simple"},"_links":{"self":[{"href":"https:\/\/roveyayinevi.com.tr\/index.php\/wp-json\/wp\/v2\/product\/765174","targetHints":{"allow":["GET"]}}],"collection":[{"href":"https:\/\/roveyayinevi.com.tr\/index.php\/wp-json\/wp\/v2\/product"}],"about":[{"href":"https:\/\/roveyayinevi.com.tr\/index.php\/wp-json\/wp\/v2\/types\/product"}],"wp:attachment":[{"href":"https:\/\/roveyayinevi.com.tr\/index.php\/wp-json\/wp\/v2\/media?parent=765174"}],"wp:term":[{"taxonomy":"product_brand","embeddable":true,"href":"https:\/\/roveyayinevi.com.tr\/index.php\/wp-json\/wp\/v2\/product_brand?post=765174"},{"taxonomy":"product_cat","embeddable":true,"href":"https:\/\/roveyayinevi.com.tr\/index.php\/wp-json\/wp\/v2\/product_cat?post=765174"},{"taxonomy":"product_tag","embeddable":true,"href":"https:\/\/roveyayinevi.com.tr\/index.php\/wp-json\/wp\/v2\/product_tag?post=765174"}],"curies":[{"name":"wp","href":"https:\/\/api.w.org\/{rel}","templated":true}]}}