{"id":765173,"date":"2025-08-28T11:34:13","date_gmt":"2025-08-28T08:34:13","guid":{"rendered":"https:\/\/roveyayinevi.com.tr\/index.php\/urun\/jeff-bezos\/"},"modified":"2026-04-15T03:30:55","modified_gmt":"2026-04-15T00:30:55","slug":"jeff-bezos","status":"publish","type":"product","link":"https:\/\/roveyayinevi.com.tr\/index.php\/urun\/jeff-bezos\/","title":{"rendered":"Jeff Bezos"},"content":{"rendered":"<p>Arkada\u015flar hepinizin g\u00f6zlerinde y\u0131ld\u0131r\u0131mlar gibi \u00e7akan dolar i\u015faretlerini g\u00f6r\u00fcr gibi oluyorum, hay\u0131rd\u0131r? Ah tabi ya!!! Jeff Bezos&#8217;un d\u00fcnyan\u0131n ennnn zengin i\u015f adam\u0131 oldu\u011funu bildi\u011finiz i\u00e7in tabii, de\u011fil mi ya! Bu b\u00f6l\u00fcmde Time dergisi taraf\u0131ndan 1999&#8217;da Y\u0131l\u0131n Ki\u015fisi se\u00e7ilen, internet giri\u015fimcisi ve yat\u0131r\u0131mc\u0131s\u0131, Blue Origin&#8217;inin kurucusu ve sahibi, ayn\u0131 zamanda 2013&#8217;den beri The Washington Post gazetesinin sahibi olan Bay Jeff Bezos&#8217;un ba\u015far\u0131 hikayesine kulak verece\u011fiz. Biz halk aras\u0131nda b\u00f6yle insanlar i\u00e7in &#8220;a\u011fz\u0131nda alt\u0131n ka\u015f\u0131kla m\u0131 do\u011fdun?&#8221; diye sorar\u0131z. Hadi \u00f6yleyse hep birlikte soral\u0131m. Jeff Bezos sen a\u011fz\u0131nda alt\u0131n ka\u015f\u0131kla m\u0131 do\u011fdun? Cevap: Yooooooo! Hi\u00e7bir ba\u015far\u0131 ve zenginlik alt\u0131n tepsiyle sunulmaz arkada\u015flar. \u0130nsanlar ba\u015far\u0131l\u0131, zengin ya da \u00e7ok \u015f\u00f6hretli olmak i\u00e7in gerekirse t\u0131rnaklar\u0131yla kaz\u0131yarak, \u00e7ok \u00e7al\u0131\u015farak ve mutlaka kar\u015f\u0131l\u0131\u011f\u0131nda bir bedel \u00f6deyerek bunlara sahip olurlar. Peki ya Jeff Bezos bunlara nas\u0131l sahip oldu, bug\u00fcnlere nas\u0131l geldi diye merak ediyor musunuz? Hadi \u00f6yleyse d\u00fc\u015f\u00fcn pe\u015fime, t\u00fcm sorular\u0131m\u0131z\u0131n yan\u0131tlar\u0131n\u0131 almak \u00fczere Bay Bezos&#8217;a misafirli\u011fe gidiyoruz. <\/p>\n","protected":false},"excerpt":{"rendered":"<p>Arkada\u015flar hepinizin g\u00f6zlerinde y\u0131ld\u0131r\u0131mlar gibi \u00e7akan dolar i\u015faretlerini g\u00f6r\u00fcr gibi oluyorum, hay\u0131rd\u0131r? Ah tabi ya!!! Jeff Bezos&#8217;un d\u00fcnyan\u0131n ennnn zengin i\u015f adam\u0131 oldu\u011funu bildi\u011finiz i\u00e7in tabii,<span class=\"excerpt-hellip\"> [\u2026]<\/span><\/p>\n","protected":false},"featured_media":0,"template":"","meta":{"_monsterinsights_skip_tracking":false,"_monsterinsights_sitenote_active":false,"_monsterinsights_sitenote_note":"","_monsterinsights_sitenote_category":0},"product_brand":[],"product_cat":[13829,12274],"product_tag":[],"class_list":{"0":"post-765173","1":"product","2":"type-product","3":"status-publish","5":"product_cat-bilimsel-kitaplar","6":"product_cat-cocuk-ve-genclik-kitaplari","7":"pa_cilt-ciltsiz","8":"pa_tur-kitap","9":"pa_yayinevi-profil-kitap","10":"pa_yazar-sebnem-piskin","12":"first","13":"instock","14":"sale","15":"shipping-taxable","16":"purchasable","17":"product-type-simple"},"_links":{"self":[{"href":"https:\/\/roveyayinevi.com.tr\/index.php\/wp-json\/wp\/v2\/product\/765173","targetHints":{"allow":["GET"]}}],"collection":[{"href":"https:\/\/roveyayinevi.com.tr\/index.php\/wp-json\/wp\/v2\/product"}],"about":[{"href":"https:\/\/roveyayinevi.com.tr\/index.php\/wp-json\/wp\/v2\/types\/product"}],"wp:attachment":[{"href":"https:\/\/roveyayinevi.com.tr\/index.php\/wp-json\/wp\/v2\/media?parent=765173"}],"wp:term":[{"taxonomy":"product_brand","embeddable":true,"href":"https:\/\/roveyayinevi.com.tr\/index.php\/wp-json\/wp\/v2\/product_brand?post=765173"},{"taxonomy":"product_cat","embeddable":true,"href":"https:\/\/roveyayinevi.com.tr\/index.php\/wp-json\/wp\/v2\/product_cat?post=765173"},{"taxonomy":"product_tag","embeddable":true,"href":"https:\/\/roveyayinevi.com.tr\/index.php\/wp-json\/wp\/v2\/product_tag?post=765173"}],"curies":[{"name":"wp","href":"https:\/\/api.w.org\/{rel}","templated":true}]}}