{"id":765171,"date":"2025-08-28T11:34:10","date_gmt":"2025-08-28T08:34:10","guid":{"rendered":"https:\/\/roveyayinevi.com.tr\/index.php\/urun\/divan-i-hikmet-2\/"},"modified":"2026-04-15T03:30:55","modified_gmt":"2026-04-15T00:30:55","slug":"divan-i-hikmet-2","status":"publish","type":"product","link":"https:\/\/roveyayinevi.com.tr\/index.php\/urun\/divan-i-hikmet-2\/","title":{"rendered":"Divan-\u0131 Hikmet"},"content":{"rendered":"<p>Ahmed Yesev\u00ee\u2019nin ya\u015fad\u0131\u011f\u0131 XI-XII. y\u00fczy\u0131llarda Sayram, T\u00fcrkistan ve \u00e7evresi tam anlam\u0131yla her g\u00fcn\u00fc s\u00fcrprizlerle ge\u00e7irmekteydi. Bu b\u00f6lge; Karahanl\u0131 Devleti, O\u011fuz Yabgu Devleti, Sel\u00e7uklu Devleti, Harzem\u015fahlar Devleti ve Gazneli Devleti\u2019nin m\u00fccadele alan\u0131yd\u0131. Yani Yesev\u00ee\u2019nin do\u011fup b\u00fcy\u00fcd\u00fc\u011f\u00fc y\u0131llarda bu b\u00f6lge be\u015f T\u00fcrk devletinin kesi\u015fme noktas\u0131yd\u0131. X. y\u00fczy\u0131lda T\u00fcrkler genel olarak kitleler h\u00e2linde \u0130slamiyet\u2019i kabul etmi\u015fti. Fakat \u0130slamiyet\u2019in \u00f6\u011frenilmesi gerekliydi. Bunun i\u00e7in de ba\u015fta Karahanl\u0131 Devleti ve Sel\u00e7uklu Devleti Arap\u00e7aya y\u00f6nelmi\u015f, T\u00fcrk\u00e7eyi g\u00f6lgede b\u0131rakm\u0131\u015ft\u0131. Tam da bu s\u0131rada Ahmed Yesev\u00ee, \u0130slamiyet\u2019i T\u00fcrk\u00e7e ile \u00f6\u011fretmek i\u00e7in T\u00fcrkistan\u2019da bir g\u00fcne\u015f gibi do\u011fdu. Be\u015f T\u00fcrk devletinin kesi\u015fme noktas\u0131nda binlerce \u00f6\u011frenci yeti\u015ftirdi. \u0130slam\u2019\u0131n kurallar\u0131n\u0131 \u201cHikmetler\u201d ile \u00f6\u011fretti\u011fi \u00f6\u011frencilerini T\u00fcrk d\u00fcnyas\u0131n\u0131n en u\u00e7 noktalar\u0131na kadar g\u00f6nderdi. B\u00f6ylece ortaya koydu\u011fu ayd\u0131nlanma hareketi T\u00fcrk D\u00fcnyas\u0131\u2019n\u0131n hemen her k\u00f6\u015fesine ula\u015ft\u0131. T\u00fcrklerin ya\u015fad\u0131\u011f\u0131 b\u00fct\u00fcn co\u011frafyalarda eski T\u00fcrk gelenekleri ile \u0130slam, T\u00fcrk\u00e7e ile yo\u011frulup \u015fekillendi. Ahmed Yesev\u00ee\u2019nin ortaya koydu\u011fu ayd\u0131nlanma hareketinin mumlar\u0131 onun s\u00f6yledi\u011fi hikmetlerdir. Kulaktan kula\u011fa yay\u0131lan hikmetler daha sonra topland\u0131 ve \u201cD\u00eev\u00e2n-\u0131 Hikmet\u201d olu\u015fturuldu. Prof. Dr. Necati Demir, kaleme al\u0131nan D\u00eev\u00e2n-\u0131 Hikmet n\u00fcshalar\u0131n\u0131 d\u00fcnya k\u00fct\u00fcphanelerinde uzun zaman ara\u015ft\u0131rd\u0131. Yakla\u015f\u0131k 150 n\u00fcsha i\u00e7erisinden \u015fimdiye kadar tespit edilen en eski tarihli n\u00fcshay\u0131 \u00f6nce \u00c7a\u011fatay T\u00fcrk\u00e7esinden yeni yaz\u0131ya, sonra da her m\u0131sra\u0131, herkesin anlayabilece\u011fi sadelikte T\u00fcrkiye T\u00fcrk\u00e7esine aktard\u0131. Giri\u015fte de Ahmed Yesev\u00ee ve eserleri hakk\u0131nda bilgiler sundu. B\u00f6ylece Ahmed Yesev\u00ee ile ilgili tam anlam\u0131yla k\u0131lavuz bir kitap ortaya konulmu\u015f oldu. <\/p>\n","protected":false},"excerpt":{"rendered":"<p>Ahmed Yesev\u00ee\u2019nin ya\u015fad\u0131\u011f\u0131 XI-XII. y\u00fczy\u0131llarda Sayram, T\u00fcrkistan ve \u00e7evresi tam anlam\u0131yla her g\u00fcn\u00fc s\u00fcrprizlerle ge\u00e7irmekteydi. Bu b\u00f6lge; Karahanl\u0131 Devleti, O\u011fuz Yabgu Devleti, Sel\u00e7uklu Devleti, Harzem\u015fahlar Devleti<span class=\"excerpt-hellip\"> [\u2026]<\/span><\/p>\n","protected":false},"featured_media":0,"template":"","meta":{"_monsterinsights_skip_tracking":false,"_monsterinsights_sitenote_active":false,"_monsterinsights_sitenote_note":"","_monsterinsights_sitenote_category":0},"product_brand":[],"product_cat":[12291],"product_tag":[],"class_list":{"0":"post-765171","1":"product","2":"type-product","3":"status-publish","5":"product_cat-edebiyat","6":"pa_cilt-ciltsiz","7":"pa_tur-kitap","8":"pa_yayinevi-bilge-kultur-sanat","9":"pa_yazar-hoca-ahmed-yesevi","11":"first","12":"instock","13":"sale","14":"shipping-taxable","15":"purchasable","16":"product-type-simple"},"_links":{"self":[{"href":"https:\/\/roveyayinevi.com.tr\/index.php\/wp-json\/wp\/v2\/product\/765171","targetHints":{"allow":["GET"]}}],"collection":[{"href":"https:\/\/roveyayinevi.com.tr\/index.php\/wp-json\/wp\/v2\/product"}],"about":[{"href":"https:\/\/roveyayinevi.com.tr\/index.php\/wp-json\/wp\/v2\/types\/product"}],"wp:attachment":[{"href":"https:\/\/roveyayinevi.com.tr\/index.php\/wp-json\/wp\/v2\/media?parent=765171"}],"wp:term":[{"taxonomy":"product_brand","embeddable":true,"href":"https:\/\/roveyayinevi.com.tr\/index.php\/wp-json\/wp\/v2\/product_brand?post=765171"},{"taxonomy":"product_cat","embeddable":true,"href":"https:\/\/roveyayinevi.com.tr\/index.php\/wp-json\/wp\/v2\/product_cat?post=765171"},{"taxonomy":"product_tag","embeddable":true,"href":"https:\/\/roveyayinevi.com.tr\/index.php\/wp-json\/wp\/v2\/product_tag?post=765171"}],"curies":[{"name":"wp","href":"https:\/\/api.w.org\/{rel}","templated":true}]}}