{"id":765169,"date":"2025-08-28T11:34:06","date_gmt":"2025-08-28T08:34:06","guid":{"rendered":"https:\/\/roveyayinevi.com.tr\/index.php\/urun\/otto-2\/"},"modified":"2026-04-15T03:30:55","modified_gmt":"2026-04-15T00:30:55","slug":"otto-2","status":"publish","type":"product","link":"https:\/\/roveyayinevi.com.tr\/index.php\/urun\/otto-2\/","title":{"rendered":"Otto"},"content":{"rendered":"<p>Kronik \u00c7ocuk, farkl\u0131l\u0131klar\u0131m\u0131z\u0131n bizi biz yapan en temel \u015feylerden biri oldu\u011funu anlatan s\u0131ms\u0131cak bir hik\u00e2ye ile kar\u015f\u0131n\u0131zda: Otto: Kendisi Bir Avokado Say\u0131s\u0131, Zahra Marvasti\u2019nin muhte\u015fem \u00e7izimleriyle hayat buluyor.S\u0131radan bir avokadodan ziyade asl\u0131nda bir say\u0131 (tam olarak 8) oldu\u011funda \u0131srarc\u0131 olan Otto, hi\u00e7 kimse onu dinlemese ve ona inanmasa da bu inanc\u0131ndan asla vazge\u00e7miyor. Neyse ki yaln\u0131z de\u011fil! S\u0131n\u0131fa yeni gelen kiraz Tutti bir m\u00fczik notas\u0131 oldu\u011funda \u0131srarc\u0131: o bir Fa notas\u0131!Otto, hayatta kar\u015f\u0131m\u0131za \u00e7\u0131kan t\u00fcm engellere ra\u011fmen, hayallerimizden, isteklerimizden ve belki de en \u00f6nemlisi benli\u011fimizden asla vazge\u00e7mememizi hat\u0131rlat\u0131yor. Bu e\u011flenceli macerada Otto\u2019ya e\u015flik eden Tutti ile birlikte zorluklar\u0131n, d\u0131\u015flanman\u0131n \u00fcstesinden birlikte gelecek ve farkl\u0131 y\u00f6nlerimizin asl\u0131nda bizi ne kadar \u00f6zel k\u0131ld\u0131\u011f\u0131n\u0131 birlikte ke\u015ffedece\u011fiz.Kar\u015f\u0131n\u0131zda Otto. Kendisi bir avokado say\u0131s\u0131. Yoksa siz onu s\u0131radan bir avokado mu sand\u0131n\u0131z? Otto, say\u0131 oldu\u011fu konusunda olduk\u00e7a \u0131srarl\u0131. Say\u0131lardan da sekiz (8). \u00c7evresindeki herkesi sekiz oldu\u011funa inand\u0131rmak i\u00e7in \u00e7ok \u00e7abal\u0131yor. Manavda sekiz rakam\u0131 olarak \u00e7al\u0131\u015f\u0131yor, matematik derslerinde sekiz olarak yerini al\u0131yor\u2026 Fakat i\u015fi hi\u00e7 kolay de\u011fil, \u00e7\u00fcnk\u00fc ortal\u0131k biraz kar\u0131\u015f\u0131yor. Kimse Otto\u2019ya inanm\u0131yor! Herkes Otto\u2019nun ye\u015fil bir avokado oldu\u011funu s\u00f6yl\u00fcyor. Otto\u2019nun say\u0131 olabilece\u011fini kimseler kabul etmiyor. Avokadodan sekiz mi? Peki, sizce bu m\u00fcmk\u00fcn m\u00fc? <\/p>\n","protected":false},"excerpt":{"rendered":"<p>Kronik \u00c7ocuk, farkl\u0131l\u0131klar\u0131m\u0131z\u0131n bizi biz yapan en temel \u015feylerden biri oldu\u011funu anlatan s\u0131ms\u0131cak bir hik\u00e2ye ile kar\u015f\u0131n\u0131zda: Otto: Kendisi Bir Avokado Say\u0131s\u0131, Zahra Marvasti\u2019nin muhte\u015fem \u00e7izimleriyle<span class=\"excerpt-hellip\"> [\u2026]<\/span><\/p>\n","protected":false},"featured_media":0,"template":"","meta":{"_monsterinsights_skip_tracking":false,"_monsterinsights_sitenote_active":false,"_monsterinsights_sitenote_note":"","_monsterinsights_sitenote_category":0},"product_brand":[],"product_cat":[12274,12518],"product_tag":[],"class_list":{"0":"post-765169","1":"product","2":"type-product","3":"status-publish","5":"product_cat-cocuk-ve-genclik-kitaplari","6":"product_cat-okul-oncesi-kitaplar","7":"pa_cilt-ciltsiz","8":"pa_tur-kitap","9":"pa_yayinevi-kronik-kitap","10":"pa_yazar-omur-uzel","12":"first","13":"instock","14":"sale","15":"shipping-taxable","16":"purchasable","17":"product-type-simple"},"_links":{"self":[{"href":"https:\/\/roveyayinevi.com.tr\/index.php\/wp-json\/wp\/v2\/product\/765169","targetHints":{"allow":["GET"]}}],"collection":[{"href":"https:\/\/roveyayinevi.com.tr\/index.php\/wp-json\/wp\/v2\/product"}],"about":[{"href":"https:\/\/roveyayinevi.com.tr\/index.php\/wp-json\/wp\/v2\/types\/product"}],"wp:attachment":[{"href":"https:\/\/roveyayinevi.com.tr\/index.php\/wp-json\/wp\/v2\/media?parent=765169"}],"wp:term":[{"taxonomy":"product_brand","embeddable":true,"href":"https:\/\/roveyayinevi.com.tr\/index.php\/wp-json\/wp\/v2\/product_brand?post=765169"},{"taxonomy":"product_cat","embeddable":true,"href":"https:\/\/roveyayinevi.com.tr\/index.php\/wp-json\/wp\/v2\/product_cat?post=765169"},{"taxonomy":"product_tag","embeddable":true,"href":"https:\/\/roveyayinevi.com.tr\/index.php\/wp-json\/wp\/v2\/product_tag?post=765169"}],"curies":[{"name":"wp","href":"https:\/\/api.w.org\/{rel}","templated":true}]}}