{"id":765166,"date":"2025-08-28T11:34:00","date_gmt":"2025-08-28T08:34:00","guid":{"rendered":"https:\/\/roveyayinevi.com.tr\/index.php\/urun\/denemeler-11\/"},"modified":"2026-04-15T03:30:55","modified_gmt":"2026-04-15T00:30:55","slug":"denemeler-11","status":"publish","type":"product","link":"https:\/\/roveyayinevi.com.tr\/index.php\/urun\/denemeler-11\/","title":{"rendered":"Denemeler"},"content":{"rendered":"<p>Montaigne\u2019nin \u201cDenemeler\u201di geni\u015f bir \u00f6z anlat\u0131md\u0131r asl\u0131nda. Kendi t\u00fcr\u00fcnde yaz\u0131lm\u0131\u015f e\u015fsiz bir yap\u0131tt\u0131r. Montaigne zaman\u0131n ak\u0131\u015f \u00e7izgisini izlemez, hangi olgunun hangisinden geldi\u011fini s\u00f6ylemez, kendisini zamans\u0131z bir \u00e7er\u00e7eve i\u00e7inde ortaya sermektir amac\u0131. Montaigne zoru dener ve b\u00f6l\u00fck p\u00f6r\u00e7\u00fck anlat\u0131larla insan\u0131n \u00f6z\u00fcn\u00fc olu\u015fturmaya \u00e7al\u0131\u015f\u0131r, de\u011fi\u015fmez bir varl\u0131k olarak g\u00f6rmez insan\u0131, do\u011fadan s\u00fcregelen de\u011fi\u015fimi insana yans\u0131t\u0131r, \u00e7evresinde geli\u015fen olaylar de\u011fil kendi benli\u011fidir \u00f6nemli olan. Montigne yeni bir y\u00f6ntem denemektedir ve bunu da pek \u00e7ok kez tekrarlam\u0131\u015ft\u0131r. Dostlar\u0131na ve yak\u0131nlar\u0131na bir an\u0131 b\u0131rakmak istemi\u015ftir. Kendi profilini \u00e7izmek i\u00e7in bir s\u0131nama yapar, yeni bir terim kazan\u0131r edebiyat d\u00fcnyas\u0131: Deneme&#8230; B\u00f6ylece \u00e7e\u015fitli konular ve durumlar kar\u015f\u0131s\u0131nda tepkilerini \u00f6l\u00e7ecektir insanlar\u0131n. E\u011fitim ve arkada\u015fl\u0131\u011f\u0131 de\u015fer, yarg\u0131lar\u0131m\u0131z\u0131n belirsizli\u011fi g\u00f6zler \u00f6n\u00fcne serilir, \u00f6\u011fretmenler ve yamyaml\u0131k \u00fczerine de bir b\u00fct\u00fcn olarak ba\u015f\u0131na buyruk g\u00f6r\u00fcnen d\u00fc\u015f\u00fcnceler geli\u015ftirir. Asl\u0131nda kendisinin ve kendi d\u00fc\u015f\u00fcncelerinin s\u0131namas\u0131n\u0131 yapar bir anlamda. Hangi d\u00fc\u015f\u00fcncelerinin kal\u0131c\u0131 hangilerinin ge\u00e7ici oldu\u011funu g\u00f6rmek ister. Kendine \u00f6zg\u00fc bilgelik tarz\u0131yla ya\u015fam\u0131n\u0131n ve \u00e7a\u011f\u0131n\u0131n kendine \u00f6zg\u00fc havas\u0131n\u0131n profili \u00e7\u0131kar ortaya; dinsel \u00e7eki\u015fmeler, ac\u0131mas\u0131z i\u00e7 sava\u015flar&#8230;<\/p>\n","protected":false},"excerpt":{"rendered":"<p>Montaigne\u2019nin \u201cDenemeler\u201di geni\u015f bir \u00f6z anlat\u0131md\u0131r asl\u0131nda. Kendi t\u00fcr\u00fcnde yaz\u0131lm\u0131\u015f e\u015fsiz bir yap\u0131tt\u0131r. Montaigne zaman\u0131n ak\u0131\u015f \u00e7izgisini izlemez, hangi olgunun hangisinden geldi\u011fini s\u00f6ylemez, kendisini zamans\u0131z bir<span class=\"excerpt-hellip\"> [\u2026]<\/span><\/p>\n","protected":false},"featured_media":0,"template":"","meta":{"_monsterinsights_skip_tracking":false,"_monsterinsights_sitenote_active":false,"_monsterinsights_sitenote_note":"","_monsterinsights_sitenote_category":0},"product_brand":[],"product_cat":[12777,12291],"product_tag":[],"class_list":{"0":"post-765166","1":"product","2":"type-product","3":"status-publish","5":"product_cat-deneme","6":"product_cat-edebiyat","7":"pa_cilt-ciltsiz","8":"pa_tur-kitap","9":"pa_yayinevi-gercek-kitap","10":"pa_yazar-michel-de-montaigne","12":"first","13":"instock","14":"sale","15":"shipping-taxable","16":"purchasable","17":"product-type-simple"},"_links":{"self":[{"href":"https:\/\/roveyayinevi.com.tr\/index.php\/wp-json\/wp\/v2\/product\/765166","targetHints":{"allow":["GET"]}}],"collection":[{"href":"https:\/\/roveyayinevi.com.tr\/index.php\/wp-json\/wp\/v2\/product"}],"about":[{"href":"https:\/\/roveyayinevi.com.tr\/index.php\/wp-json\/wp\/v2\/types\/product"}],"wp:attachment":[{"href":"https:\/\/roveyayinevi.com.tr\/index.php\/wp-json\/wp\/v2\/media?parent=765166"}],"wp:term":[{"taxonomy":"product_brand","embeddable":true,"href":"https:\/\/roveyayinevi.com.tr\/index.php\/wp-json\/wp\/v2\/product_brand?post=765166"},{"taxonomy":"product_cat","embeddable":true,"href":"https:\/\/roveyayinevi.com.tr\/index.php\/wp-json\/wp\/v2\/product_cat?post=765166"},{"taxonomy":"product_tag","embeddable":true,"href":"https:\/\/roveyayinevi.com.tr\/index.php\/wp-json\/wp\/v2\/product_tag?post=765166"}],"curies":[{"name":"wp","href":"https:\/\/api.w.org\/{rel}","templated":true}]}}