{"id":765164,"date":"2025-08-28T11:33:57","date_gmt":"2025-08-28T08:33:57","guid":{"rendered":"https:\/\/roveyayinevi.com.tr\/index.php\/urun\/bir-sehir-bin-istanbul\/"},"modified":"2026-04-15T03:30:55","modified_gmt":"2026-04-15T00:30:55","slug":"bir-sehir-bin-istanbul","status":"publish","type":"product","link":"https:\/\/roveyayinevi.com.tr\/index.php\/urun\/bir-sehir-bin-istanbul\/","title":{"rendered":"Bir \u015eehir Bin \u0130stanbul"},"content":{"rendered":"<p>\u015eark\u0131s\u0131 hi\u00e7 bitmeyen \u0130stanbul\u2019u en g\u00fczel seslendirenlerin ba\u015f\u0131nda Haldun H\u00fcrel geliyor. \u015eehrin m\u00fczi\u011fini, kelimelerle \u00f6r\u00fcyor, okuru kendi repertuvar\u0131yla a\u015fa\u011f\u0131dan yukar\u0131ya dola\u015ft\u0131r\u0131yor. Bir \u015eehir Bin \u0130stanbul, g\u00fcndelik tela\u015flar\u0131n k\u0131y\u0131s\u0131nda bir bekleme salonu, bir dinlenme alan\u0131. Bizans\u2019tan Osmanl\u0131\u2019ya oradan Cumhuriyet\u2019e\u2026 Ge\u00e7i\u015fler aras\u0131 d\u00f6n\u00fc\u015fler\u2026  Yedi Tepeli \u015eehir\u2019in sadece bilinen g\u00fczelliklerine de\u011fil, g\u00f6r\u00fcnmeyen katmanlar\u0131na da bakacaks\u0131n\u0131z. Suri\u00e7i\u2019nden Bo\u011fazi\u00e7i\u2019ne uzanan bir uzun hat\u0131ra defteri\u2026 Kentin aynalar\u0131nda cesurca y\u00fczle\u015fme. Haldun H\u00fcrel\u2019in \u015fefli\u011finde mazinin orkestras\u0131ndan a\u011f\u0131r senfonik bir \u00e7alg\u0131\u2026<\/p>\n","protected":false},"excerpt":{"rendered":"<p>\u015eark\u0131s\u0131 hi\u00e7 bitmeyen \u0130stanbul\u2019u en g\u00fczel seslendirenlerin ba\u015f\u0131nda Haldun H\u00fcrel geliyor. \u015eehrin m\u00fczi\u011fini, kelimelerle \u00f6r\u00fcyor, okuru kendi repertuvar\u0131yla a\u015fa\u011f\u0131dan yukar\u0131ya dola\u015ft\u0131r\u0131yor. Bir \u015eehir Bin \u0130stanbul, g\u00fcndelik<span class=\"excerpt-hellip\"> [\u2026]<\/span><\/p>\n","protected":false},"featured_media":0,"template":"","meta":{"_monsterinsights_skip_tracking":false,"_monsterinsights_sitenote_active":false,"_monsterinsights_sitenote_note":"","_monsterinsights_sitenote_category":0},"product_brand":[],"product_cat":[13054],"product_tag":[],"class_list":{"0":"post-765164","1":"product","2":"type-product","3":"status-publish","5":"product_cat-gezi-ve-rehber-kitaplari","6":"pa_cilt-ciltsiz","7":"pa_tur-kitap","8":"pa_yayinevi-kapi-yayinlari","9":"pa_yazar-haldun-hurel","11":"first","12":"instock","13":"sale","14":"shipping-taxable","15":"purchasable","16":"product-type-simple"},"_links":{"self":[{"href":"https:\/\/roveyayinevi.com.tr\/index.php\/wp-json\/wp\/v2\/product\/765164","targetHints":{"allow":["GET"]}}],"collection":[{"href":"https:\/\/roveyayinevi.com.tr\/index.php\/wp-json\/wp\/v2\/product"}],"about":[{"href":"https:\/\/roveyayinevi.com.tr\/index.php\/wp-json\/wp\/v2\/types\/product"}],"wp:attachment":[{"href":"https:\/\/roveyayinevi.com.tr\/index.php\/wp-json\/wp\/v2\/media?parent=765164"}],"wp:term":[{"taxonomy":"product_brand","embeddable":true,"href":"https:\/\/roveyayinevi.com.tr\/index.php\/wp-json\/wp\/v2\/product_brand?post=765164"},{"taxonomy":"product_cat","embeddable":true,"href":"https:\/\/roveyayinevi.com.tr\/index.php\/wp-json\/wp\/v2\/product_cat?post=765164"},{"taxonomy":"product_tag","embeddable":true,"href":"https:\/\/roveyayinevi.com.tr\/index.php\/wp-json\/wp\/v2\/product_tag?post=765164"}],"curies":[{"name":"wp","href":"https:\/\/api.w.org\/{rel}","templated":true}]}}