{"id":765160,"date":"2025-08-28T11:33:52","date_gmt":"2025-08-28T08:33:52","guid":{"rendered":"https:\/\/roveyayinevi.com.tr\/index.php\/urun\/kisa-italya-tarihi-2\/"},"modified":"2026-04-15T03:30:55","modified_gmt":"2026-04-15T00:30:55","slug":"kisa-italya-tarihi-2","status":"publish","type":"product","link":"https:\/\/roveyayinevi.com.tr\/index.php\/urun\/kisa-italya-tarihi-2\/","title":{"rendered":"K\u0131sa \u0130talya Tarihi"},"content":{"rendered":"<p>\u0130MPARATORLUKLAR, KRALLIKLAR VE CUMHUR\u0130YETLER\u0130TALYA TAR\u0130H\u0130N\u0130N D\u00d6N\u00dcM NOKTALARI Christopher Duggan, \u0130talya\u2019n\u0131n b\u00fcy\u00fcleyici ve bir o kadar da kafa kar\u0131\u015ft\u0131r\u0131c\u0131 hik\u00e2yesini, ister bir co\u011frafi ifade, ister bir k\u00fclt\u00fcr, ister modern bir devlet olarak ele als\u0131n, zarif bir \u015fekilde i\u015fliyor. \u0130talyanlar\u0131, onlar\u0131n ayd\u0131nl\u0131k ve karanl\u0131k yanlar\u0131n\u0131 anlamak isteyen herkes bu kitaptan ba\u015flamal\u0131d\u0131r. Richard Bosworth, Jesus College, Oxford \u00dcniversitesi Emeretus Profes\u00f6r\u00fc Romal\u0131lar\u0131n miras\u0131ndan Venedik\u2019in ihti\u015fam\u0131na, R\u00f6nesans\u2019\u0131n do\u011fu\u015fundan Mussolini d\u00f6neminin karanl\u0131\u011f\u0131na kadar \u0130talya, Avrupa tarihinin \u015fekillenmesinde her zaman ba\u015frol oynad\u0131. Sanat\u0131n, co\u011frafi ve siyasi par\u00e7alanm\u0131\u015fl\u0131\u011f\u0131n, d\u0131\u015f m\u00fcdahalelerin ve i\u00e7sel karga\u015falar\u0131n harmanlad\u0131\u011f\u0131 bu \u00fclke, hem Avrupa\u2019y\u0131 hem de d\u00fcnya tarihini derinden etkileyen olaylara ve karakterlere ev sahipli\u011fi yapt\u0131. Christopher Duggan, b\u00fcy\u00fck \u00f6vg\u00fcler toplayan bu eserinde Bat\u0131 Roma \u0130mparatorlu\u011fu\u2019nun \u00e7\u00f6k\u00fc\u015f\u00fcnden g\u00fcn\u00fcm\u00fcze kadar uzanan \u0130talya tarihinin geni\u015f bir panoramas\u0131n\u0131 \u00e7izerken \u0130talyanlar\u0131n son iki as\u0131rdaki ulus devlet in\u015fas\u0131 s\u00fcrecinde kar\u015f\u0131la\u015ft\u0131\u011f\u0131 zorluklar\u0131 inceliyor. Siyasi, ekonomik, sosyal ve k\u00fclt\u00fcrel tarihi ba\u015far\u0131yla ele alan Duggan, \u0130talya\u2019n\u0131n antik \u00e7a\u011flardan modern zamanlara uzanan ser\u00fcvenini titizlikle inceliyor. Roma \u0130mparatorlu\u011fu\u2019nun \u00e7\u00f6k\u00fc\u015f\u00fcnden R\u00f6nesans\u2019\u0131n do\u011fu\u015funa, \u0130talyan Birli\u011fi\u2019nin kurulmas\u0131na, fa\u015fizmin y\u00fckseli\u015finden Cumhuriyet\u2019e uzanan bu \u00f6yk\u00fcde, Galileo, Medici Ailesi, Machiavelli, Garibaldi, Mussolini gibi \u00f6nemli fig\u00fcrler ve \u0130talya\u2019n\u0131n kar\u015f\u0131la\u015ft\u0131\u011f\u0131 zorluklar son derece ak\u0131c\u0131 bir dille anlat\u0131l\u0131yor. Her kesimden okuyucuya hitap eden bu eser; \u00f6\u011frenciler, akademisyenler ve \u0130talya\u2019ya yolculuk yapanlar i\u00e7in bir ba\u015fvuru kayna\u011f\u0131 olacak. Cambridge University Press taraf\u0131ndan yay\u0131mlanan ve Kronik Kitap K\u0131sa Tarih Dizisi\u2019nin yeni \u00fcyesi olan K\u0131sa \u0130talya Tarihi, \u0130talya tarihi hakk\u0131nda g\u00fcvenilir ve geni\u015f kapsaml\u0131 bir giri\u015f kitab\u0131 arayanlar i\u00e7in vazge\u00e7ilmez bir kitap olacak. <\/p>\n","protected":false},"excerpt":{"rendered":"<p>\u0130MPARATORLUKLAR, KRALLIKLAR VE CUMHUR\u0130YETLER\u0130TALYA TAR\u0130H\u0130N\u0130N D\u00d6N\u00dcM NOKTALARI Christopher Duggan, \u0130talya\u2019n\u0131n b\u00fcy\u00fcleyici ve bir o kadar da kafa kar\u0131\u015ft\u0131r\u0131c\u0131 hik\u00e2yesini, ister bir co\u011frafi ifade, ister bir k\u00fclt\u00fcr,<span class=\"excerpt-hellip\"> [\u2026]<\/span><\/p>\n","protected":false},"featured_media":0,"template":"","meta":{"_monsterinsights_skip_tracking":false,"_monsterinsights_sitenote_active":false,"_monsterinsights_sitenote_note":"","_monsterinsights_sitenote_category":0},"product_brand":[],"product_cat":[12305,12304],"product_tag":[],"class_list":{"0":"post-765160","1":"product","2":"type-product","3":"status-publish","5":"product_cat-dunya-tarihi","6":"product_cat-tarih","7":"pa_cilt-ciltsiz","8":"pa_tur-kitap","9":"pa_yayinevi-kronik-kitap","10":"pa_yazar-christopher-duggan","12":"first","13":"instock","14":"sale","15":"shipping-taxable","16":"purchasable","17":"product-type-simple"},"_links":{"self":[{"href":"https:\/\/roveyayinevi.com.tr\/index.php\/wp-json\/wp\/v2\/product\/765160","targetHints":{"allow":["GET"]}}],"collection":[{"href":"https:\/\/roveyayinevi.com.tr\/index.php\/wp-json\/wp\/v2\/product"}],"about":[{"href":"https:\/\/roveyayinevi.com.tr\/index.php\/wp-json\/wp\/v2\/types\/product"}],"wp:attachment":[{"href":"https:\/\/roveyayinevi.com.tr\/index.php\/wp-json\/wp\/v2\/media?parent=765160"}],"wp:term":[{"taxonomy":"product_brand","embeddable":true,"href":"https:\/\/roveyayinevi.com.tr\/index.php\/wp-json\/wp\/v2\/product_brand?post=765160"},{"taxonomy":"product_cat","embeddable":true,"href":"https:\/\/roveyayinevi.com.tr\/index.php\/wp-json\/wp\/v2\/product_cat?post=765160"},{"taxonomy":"product_tag","embeddable":true,"href":"https:\/\/roveyayinevi.com.tr\/index.php\/wp-json\/wp\/v2\/product_tag?post=765160"}],"curies":[{"name":"wp","href":"https:\/\/api.w.org\/{rel}","templated":true}]}}