{"id":765158,"date":"2025-08-28T11:33:49","date_gmt":"2025-08-28T08:33:49","guid":{"rendered":"https:\/\/roveyayinevi.com.tr\/index.php\/urun\/100-buyuk-savas-ciltli\/"},"modified":"2026-04-15T03:30:55","modified_gmt":"2026-04-15T00:30:55","slug":"100-buyuk-savas-ciltli","status":"publish","type":"product","link":"https:\/\/roveyayinevi.com.tr\/index.php\/urun\/100-buyuk-savas-ciltli\/","title":{"rendered":"100 B\u00fcy\u00fck Sava\u015f (Ciltli)"},"content":{"rendered":"<p>\u0130nsano\u011flunun tarih sahnesine \u00e7\u0131k\u0131\u015f\u0131yla birlikte var olan, tarih boyunca kabileleri, toplumlar\u0131 ve medeniyetleri \u015fekillendiren ba\u015fl\u0131ca hadiselerden biri: Sava\u015f\u2026   Tarihin ak\u0131\u015f\u0131na do\u011frudan etki eden en b\u00fcy\u00fck sava\u015f ve muharebelere soluksuz bir yolculuk sizi bekliyor. Milattan \u00f6nce 490 y\u0131l\u0131nda Antik Yunan\u2019dan ba\u015flayarak 1991\u2019de Orta Do\u011fu\u2019ya gelece\u011finiz, neredeyse 2.500 y\u0131l\u0131 kapsayan bu nefes kesici macerada kahramanlar\u0131n y\u00fckseli\u015fine, imparatorluklar\u0131n \u00e7\u00f6k\u00fc\u015f\u00fcne, talihin kan ve \u00e7elikle yeniden yaz\u0131ld\u0131\u011f\u0131 cephelere bizzat tan\u0131k olacaks\u0131n\u0131z.   100 B\u00fcy\u00fck Sava\u015f, ordular\u0131 da\u011f\u0131tan stratejileri, imparatorluklar\u0131 deviren taktikleri, zek\u00e2 ve cesaretleriyle tarihin ak\u0131\u015f\u0131n\u0131 de\u011fi\u015ftiren cesur liderlerin ortaya \u00e7\u0131k\u0131\u015f\u0131n\u0131 t\u00fcm \u00e7\u0131plakl\u0131\u011f\u0131yla g\u00f6zler \u00f6n\u00fcne seriyor. Leonidas ve 300 Spartal\u0131s\u0131n\u0131n Thermopylae\u2019deki efsanev\u00ee fedak\u00e2rl\u0131klar\u0131ndan Hannibal\u2019in Alpleri c\u00fcretk\u00e2rca ge\u00e7i\u015fine, Sultan Alparslan\u2019\u0131n Malazgirt\u2019te Anadolu\u2019nun kap\u0131lar\u0131n\u0131 T\u00fcrklere a\u00e7\u0131\u015f\u0131ndan II. Mehmet\u2019in \u0130stanbul\u2019u fethederek Fatih olu\u015funa, Napol\u00e9on\u2019un Austerlitz\u2019deki ustal\u0131\u011f\u0131ndan Rommel\u2019in Afrika \u00e7\u00f6llerindeki m\u00fccadelesine uzanan elinizdeki bu kitap, okuyucusunu d\u00fcnyan\u0131n d\u00f6rt bir yan\u0131ndaki sava\u015f alanlar\u0131na g\u00f6t\u00fcr\u00fcyor.   Osprey Resimli Tarih Dizisi\u2019nin be\u015finci kitab\u0131 100 B\u00fcy\u00fck Sava\u015f tamam\u0131 renkli 100 \u00f6zel \u00e7izimiyle sava\u015f alan\u0131n\u0131n deh\u015fetengiz atmosferini ya\u015faman\u0131z\u0131 sa\u011fl\u0131yor. D\u00fcnya tarihine y\u00f6n veren dev m\u00fccadeleleri daha iyi anlamak i\u00e7in ideal bir giri\u015f kitab\u0131 olan 100 B\u00fcy\u00fck Sava\u015f, sava\u015f tarihine merak duyan herkese s\u00fcr\u00fckleyici ve aksiyon dolu bir deneyim sunuyor. <\/p>\n","protected":false},"excerpt":{"rendered":"<p>\u0130nsano\u011flunun tarih sahnesine \u00e7\u0131k\u0131\u015f\u0131yla birlikte var olan, tarih boyunca kabileleri, toplumlar\u0131 ve medeniyetleri \u015fekillendiren ba\u015fl\u0131ca hadiselerden biri: Sava\u015f\u2026 Tarihin ak\u0131\u015f\u0131na do\u011frudan etki eden en b\u00fcy\u00fck sava\u015f<span class=\"excerpt-hellip\"> [\u2026]<\/span><\/p>\n","protected":false},"featured_media":0,"template":"","meta":{"_monsterinsights_skip_tracking":false,"_monsterinsights_sitenote_active":false,"_monsterinsights_sitenote_note":"","_monsterinsights_sitenote_category":0},"product_brand":[],"product_cat":[12305,12304],"product_tag":[],"class_list":{"0":"post-765158","1":"product","2":"type-product","3":"status-publish","5":"product_cat-dunya-tarihi","6":"product_cat-tarih","7":"pa_cilt-ciltli","8":"pa_tur-kitap","9":"pa_yayinevi-kronik-kitap","10":"pa_yazar-angus-konstam","12":"first","13":"instock","14":"sale","15":"shipping-taxable","16":"purchasable","17":"product-type-simple"},"_links":{"self":[{"href":"https:\/\/roveyayinevi.com.tr\/index.php\/wp-json\/wp\/v2\/product\/765158","targetHints":{"allow":["GET"]}}],"collection":[{"href":"https:\/\/roveyayinevi.com.tr\/index.php\/wp-json\/wp\/v2\/product"}],"about":[{"href":"https:\/\/roveyayinevi.com.tr\/index.php\/wp-json\/wp\/v2\/types\/product"}],"wp:attachment":[{"href":"https:\/\/roveyayinevi.com.tr\/index.php\/wp-json\/wp\/v2\/media?parent=765158"}],"wp:term":[{"taxonomy":"product_brand","embeddable":true,"href":"https:\/\/roveyayinevi.com.tr\/index.php\/wp-json\/wp\/v2\/product_brand?post=765158"},{"taxonomy":"product_cat","embeddable":true,"href":"https:\/\/roveyayinevi.com.tr\/index.php\/wp-json\/wp\/v2\/product_cat?post=765158"},{"taxonomy":"product_tag","embeddable":true,"href":"https:\/\/roveyayinevi.com.tr\/index.php\/wp-json\/wp\/v2\/product_tag?post=765158"}],"curies":[{"name":"wp","href":"https:\/\/api.w.org\/{rel}","templated":true}]}}