{"id":765149,"date":"2025-08-28T11:33:33","date_gmt":"2025-08-28T08:33:33","guid":{"rendered":"https:\/\/roveyayinevi.com.tr\/index.php\/urun\/bebegimin-ilk-kitaplari-parkta-yasam-sivama-cilt\/"},"modified":"2026-04-15T03:30:55","modified_gmt":"2026-04-15T00:30:55","slug":"bebegimin-ilk-kitaplari-parkta-yasam-sivama-cilt","status":"publish","type":"product","link":"https:\/\/roveyayinevi.com.tr\/index.php\/urun\/bebegimin-ilk-kitaplari-parkta-yasam-sivama-cilt\/","title":{"rendered":"Bebe\u011fimin \u0130lk Kitaplar\u0131 &#8211; Parkta Ya\u015fam (S\u0131vama Cilt)"},"content":{"rendered":"<p>Bebekler zaman i\u00e7inde renkleri ve farkl\u0131l\u0131klar\u0131n\u0131 alg\u0131layabilir ve g\u00f6rebilirler. Bu kitap \u00e7ocu\u011funuza, renkleri, birbirinden ay\u0131rmay\u0131 \u00f6\u011fretmek \u00fczere haz\u0131rland\u0131. Bebe\u011fimin \u201c\u0130lk Kitaplar\u0131 \u2013 Parkta Ya\u015fam\u201d kitab\u0131, yava\u015f yava\u015f y\u00fcr\u00fcmeye ba\u015flayan \u00e7ocu\u011funuzu parktaki ya\u015fam\u0131n harika d\u00fcnyas\u0131yla tan\u0131\u015ft\u0131r\u0131yor. E\u011flence ba\u015flas\u0131n\u2026 <\/p>\n","protected":false},"excerpt":{"rendered":"<p>Bebekler zaman i\u00e7inde renkleri ve farkl\u0131l\u0131klar\u0131n\u0131 alg\u0131layabilir ve g\u00f6rebilirler. Bu kitap \u00e7ocu\u011funuza, renkleri, birbirinden ay\u0131rmay\u0131 \u00f6\u011fretmek \u00fczere haz\u0131rland\u0131. Bebe\u011fimin \u201c\u0130lk Kitaplar\u0131 \u2013 Parkta Ya\u015fam\u201d kitab\u0131, yava\u015f<span class=\"excerpt-hellip\"> [\u2026]<\/span><\/p>\n","protected":false},"featured_media":0,"template":"","meta":{"_monsterinsights_skip_tracking":false,"_monsterinsights_sitenote_active":false,"_monsterinsights_sitenote_note":"","_monsterinsights_sitenote_category":0},"product_brand":[],"product_cat":[12274,12284],"product_tag":[],"class_list":{"0":"post-765149","1":"product","2":"type-product","3":"status-publish","5":"product_cat-cocuk-ve-genclik-kitaplari","6":"product_cat-hikayeler","7":"pa_cilt-ciltli","8":"pa_tur-kitap","9":"pa_yayinevi-0-6-yas-yayinlari","10":"pa_yazar-taha-toptas","12":"first","13":"instock","14":"sale","15":"shipping-taxable","16":"purchasable","17":"product-type-simple"},"_links":{"self":[{"href":"https:\/\/roveyayinevi.com.tr\/index.php\/wp-json\/wp\/v2\/product\/765149","targetHints":{"allow":["GET"]}}],"collection":[{"href":"https:\/\/roveyayinevi.com.tr\/index.php\/wp-json\/wp\/v2\/product"}],"about":[{"href":"https:\/\/roveyayinevi.com.tr\/index.php\/wp-json\/wp\/v2\/types\/product"}],"wp:attachment":[{"href":"https:\/\/roveyayinevi.com.tr\/index.php\/wp-json\/wp\/v2\/media?parent=765149"}],"wp:term":[{"taxonomy":"product_brand","embeddable":true,"href":"https:\/\/roveyayinevi.com.tr\/index.php\/wp-json\/wp\/v2\/product_brand?post=765149"},{"taxonomy":"product_cat","embeddable":true,"href":"https:\/\/roveyayinevi.com.tr\/index.php\/wp-json\/wp\/v2\/product_cat?post=765149"},{"taxonomy":"product_tag","embeddable":true,"href":"https:\/\/roveyayinevi.com.tr\/index.php\/wp-json\/wp\/v2\/product_tag?post=765149"}],"curies":[{"name":"wp","href":"https:\/\/api.w.org\/{rel}","templated":true}]}}