{"id":765147,"date":"2025-08-28T11:33:30","date_gmt":"2025-08-28T08:33:30","guid":{"rendered":"https:\/\/roveyayinevi.com.tr\/index.php\/urun\/bayindir-tahtacilari\/"},"modified":"2026-04-15T03:30:55","modified_gmt":"2026-04-15T00:30:55","slug":"bayindir-tahtacilari","status":"publish","type":"product","link":"https:\/\/roveyayinevi.com.tr\/index.php\/urun\/bayindir-tahtacilari\/","title":{"rendered":"Bay\u0131nd\u0131r Tahtac\u0131lar\u0131"},"content":{"rendered":"<p>Bu kitap Bay\u0131nd\u0131r Tahtac\u0131lar\u0131n\u0131n ya\u015fam\u0131yla ilgili inan\u00e7, t\u00f6ren, uygulama gibi unsurlar\u0131; ayr\u0131ca do\u011fum, \u00f6l\u00fcm, evlenme gibi ya\u015fam evreleri hakk\u0131nda bilgileri i\u00e7ermektedir. Bunun d\u0131\u015f\u0131nda \u00f6zel t\u00f6renlerde okunan nefeslerden \u00f6rnekler verilmi\u015f, kitab\u0131n sonuna da dilleri konusunda bir \u00e7al\u0131\u015fma eklenmi\u015ftir. <\/p>\n","protected":false},"excerpt":{"rendered":"<p>Bu kitap Bay\u0131nd\u0131r Tahtac\u0131lar\u0131n\u0131n ya\u015fam\u0131yla ilgili inan\u00e7, t\u00f6ren, uygulama gibi unsurlar\u0131; ayr\u0131ca do\u011fum, \u00f6l\u00fcm, evlenme gibi ya\u015fam evreleri hakk\u0131nda bilgileri i\u00e7ermektedir. Bunun d\u0131\u015f\u0131nda \u00f6zel t\u00f6renlerde okunan<span class=\"excerpt-hellip\"> [\u2026]<\/span><\/p>\n","protected":false},"featured_media":0,"template":"","meta":{"_monsterinsights_skip_tracking":false,"_monsterinsights_sitenote_active":false,"_monsterinsights_sitenote_note":"","_monsterinsights_sitenote_category":0},"product_brand":[],"product_cat":[12324],"product_tag":[],"class_list":{"0":"post-765147","1":"product","2":"type-product","3":"status-publish","5":"product_cat-sosyoloji","6":"pa_cilt-ciltsiz","7":"pa_tur-kitap","8":"pa_yayinevi-bilgesu-yayincilik","9":"pa_yazar-aziz-merhan","11":"first","12":"instock","13":"sale","14":"shipping-taxable","15":"purchasable","16":"product-type-simple"},"_links":{"self":[{"href":"https:\/\/roveyayinevi.com.tr\/index.php\/wp-json\/wp\/v2\/product\/765147","targetHints":{"allow":["GET"]}}],"collection":[{"href":"https:\/\/roveyayinevi.com.tr\/index.php\/wp-json\/wp\/v2\/product"}],"about":[{"href":"https:\/\/roveyayinevi.com.tr\/index.php\/wp-json\/wp\/v2\/types\/product"}],"wp:attachment":[{"href":"https:\/\/roveyayinevi.com.tr\/index.php\/wp-json\/wp\/v2\/media?parent=765147"}],"wp:term":[{"taxonomy":"product_brand","embeddable":true,"href":"https:\/\/roveyayinevi.com.tr\/index.php\/wp-json\/wp\/v2\/product_brand?post=765147"},{"taxonomy":"product_cat","embeddable":true,"href":"https:\/\/roveyayinevi.com.tr\/index.php\/wp-json\/wp\/v2\/product_cat?post=765147"},{"taxonomy":"product_tag","embeddable":true,"href":"https:\/\/roveyayinevi.com.tr\/index.php\/wp-json\/wp\/v2\/product_tag?post=765147"}],"curies":[{"name":"wp","href":"https:\/\/api.w.org\/{rel}","templated":true}]}}