{"id":765132,"date":"2025-08-28T11:33:04","date_gmt":"2025-08-28T08:33:04","guid":{"rendered":"https:\/\/roveyayinevi.com.tr\/index.php\/urun\/bebegin-dunyasi-bebek-esyalari-sivama-cil\/"},"modified":"2026-04-15T03:30:54","modified_gmt":"2026-04-15T00:30:54","slug":"bebegin-dunyasi-bebek-esyalari-sivama-cil","status":"publish","type":"product","link":"https:\/\/roveyayinevi.com.tr\/index.php\/urun\/bebegin-dunyasi-bebek-esyalari-sivama-cil\/","title":{"rendered":"Bebe\u011fin D\u00fcnyas\u0131 &#8211; Bebek E\u015fyalar\u0131 (S\u0131vama Cil)"},"content":{"rendered":"<p>\u201cBebe\u011fin D\u00fcnyas\u0131 \u2013 Bebek E\u015fyalar\u0131\u201d kitab\u0131, yava\u015f yava\u015f y\u00fcr\u00fcmeye ba\u015flayan \u00e7ocu\u011funuzu bebeklerin harika d\u00fcnyas\u0131yla tan\u0131\u015ft\u0131r\u0131yor. <\/p>\n","protected":false},"excerpt":{"rendered":"<p>\u201cBebe\u011fin D\u00fcnyas\u0131 \u2013 Bebek E\u015fyalar\u0131\u201d kitab\u0131, yava\u015f yava\u015f y\u00fcr\u00fcmeye ba\u015flayan \u00e7ocu\u011funuzu bebeklerin harika d\u00fcnyas\u0131yla tan\u0131\u015ft\u0131r\u0131yor.<\/p>\n","protected":false},"featured_media":0,"template":"","meta":{"_monsterinsights_skip_tracking":false,"_monsterinsights_sitenote_active":false,"_monsterinsights_sitenote_note":"","_monsterinsights_sitenote_category":0},"product_brand":[],"product_cat":[12274,12518],"product_tag":[],"class_list":{"0":"post-765132","1":"product","2":"type-product","3":"status-publish","5":"product_cat-cocuk-ve-genclik-kitaplari","6":"product_cat-okul-oncesi-kitaplar","7":"pa_cilt-ciltli","8":"pa_tur-kitap","9":"pa_yayinevi-0-6-yas-yayinlari","10":"pa_yazar-taha-toptas","12":"first","13":"instock","14":"sale","15":"shipping-taxable","16":"purchasable","17":"product-type-simple"},"_links":{"self":[{"href":"https:\/\/roveyayinevi.com.tr\/index.php\/wp-json\/wp\/v2\/product\/765132","targetHints":{"allow":["GET"]}}],"collection":[{"href":"https:\/\/roveyayinevi.com.tr\/index.php\/wp-json\/wp\/v2\/product"}],"about":[{"href":"https:\/\/roveyayinevi.com.tr\/index.php\/wp-json\/wp\/v2\/types\/product"}],"wp:attachment":[{"href":"https:\/\/roveyayinevi.com.tr\/index.php\/wp-json\/wp\/v2\/media?parent=765132"}],"wp:term":[{"taxonomy":"product_brand","embeddable":true,"href":"https:\/\/roveyayinevi.com.tr\/index.php\/wp-json\/wp\/v2\/product_brand?post=765132"},{"taxonomy":"product_cat","embeddable":true,"href":"https:\/\/roveyayinevi.com.tr\/index.php\/wp-json\/wp\/v2\/product_cat?post=765132"},{"taxonomy":"product_tag","embeddable":true,"href":"https:\/\/roveyayinevi.com.tr\/index.php\/wp-json\/wp\/v2\/product_tag?post=765132"}],"curies":[{"name":"wp","href":"https:\/\/api.w.org\/{rel}","templated":true}]}}