{"id":765128,"date":"2025-08-28T11:32:58","date_gmt":"2025-08-28T08:32:58","guid":{"rendered":"https:\/\/roveyayinevi.com.tr\/index.php\/urun\/gizli-bahce-sadelestirilmis-resimli-klasikler\/"},"modified":"2026-04-15T03:30:54","modified_gmt":"2026-04-15T00:30:54","slug":"gizli-bahce-sadelestirilmis-resimli-klasikler","status":"publish","type":"product","link":"https:\/\/roveyayinevi.com.tr\/index.php\/urun\/gizli-bahce-sadelestirilmis-resimli-klasikler\/","title":{"rendered":"Gizli Bah\u00e7e &#8211; Sadele\u015ftirilmi\u015f Resimli Klasikler"},"content":{"rendered":"<p>D\u00fcnya \u00e7ap\u0131nda tan\u0131nan ve \u00e7ok sevilen klasikler, bu s\u00fcr\u00fckleyici kitap serisinde gen\u00e7 okurlar\u0131n ilgisini \u00e7ekecek \u015fekilde yeniden yorumlan\u0131yor. Frances Hodgson Burnett&#8217;in Gizli Bah\u00e7e&#8217;sinin bu muhte\u015fem resimli bask\u0131s\u0131, \u00fc\u00e7 \u00e7ocu\u011fun ye\u015fillikler i\u00e7indeki d\u00f6n\u00fc\u015f\u00fcm\u00fcn\u00fcn bu zamans\u0131z hik\u00e2yesine yeni bir hayat getiriyor. Yazar her bir roman\u0131, bir yandan \u00f6zg\u00fcn ruhlar\u0131n\u0131 koruyarak, \u00f6te yandan yepyeni ve anla\u015f\u0131l\u0131r bir dil kullanarak yeniden aktar\u0131yor. \u00c7ocuklara edebiyat\u0131 ve belki de ileriki ya\u015flarda yeniden kar\u015f\u0131la\u015facaklar\u0131 karakterleri sevdirmek i\u00e7in tasarlanm\u0131\u015f bir kitap serisi bu. Serinin \u00e7izimleri dahi renkli, \u00e7a\u011fda\u015f ve neredeyse sinematik bir \u00fcslupla hik\u00e2yelere yeniden can veriyor.<\/p>\n","protected":false},"excerpt":{"rendered":"<p>D\u00fcnya \u00e7ap\u0131nda tan\u0131nan ve \u00e7ok sevilen klasikler, bu s\u00fcr\u00fckleyici kitap serisinde gen\u00e7 okurlar\u0131n ilgisini \u00e7ekecek \u015fekilde yeniden yorumlan\u0131yor. Frances Hodgson Burnett&#8217;in Gizli Bah\u00e7e&#8217;sinin bu muhte\u015fem resimli<span class=\"excerpt-hellip\"> [\u2026]<\/span><\/p>\n","protected":false},"featured_media":0,"template":"","meta":{"_monsterinsights_skip_tracking":false,"_monsterinsights_sitenote_active":false,"_monsterinsights_sitenote_note":"","_monsterinsights_sitenote_category":0},"product_brand":[],"product_cat":[12274,12467],"product_tag":[],"class_list":{"0":"post-765128","1":"product","2":"type-product","3":"status-publish","5":"product_cat-cocuk-ve-genclik-kitaplari","6":"product_cat-dunya-klasikleri","7":"pa_cilt-ciltsiz","8":"pa_tur-kitap","9":"pa_yayinevi-orenda","10":"pa_yazar-frances-hodgson-burnett","12":"first","13":"instock","14":"sale","15":"shipping-taxable","16":"purchasable","17":"product-type-simple"},"_links":{"self":[{"href":"https:\/\/roveyayinevi.com.tr\/index.php\/wp-json\/wp\/v2\/product\/765128","targetHints":{"allow":["GET"]}}],"collection":[{"href":"https:\/\/roveyayinevi.com.tr\/index.php\/wp-json\/wp\/v2\/product"}],"about":[{"href":"https:\/\/roveyayinevi.com.tr\/index.php\/wp-json\/wp\/v2\/types\/product"}],"wp:attachment":[{"href":"https:\/\/roveyayinevi.com.tr\/index.php\/wp-json\/wp\/v2\/media?parent=765128"}],"wp:term":[{"taxonomy":"product_brand","embeddable":true,"href":"https:\/\/roveyayinevi.com.tr\/index.php\/wp-json\/wp\/v2\/product_brand?post=765128"},{"taxonomy":"product_cat","embeddable":true,"href":"https:\/\/roveyayinevi.com.tr\/index.php\/wp-json\/wp\/v2\/product_cat?post=765128"},{"taxonomy":"product_tag","embeddable":true,"href":"https:\/\/roveyayinevi.com.tr\/index.php\/wp-json\/wp\/v2\/product_tag?post=765128"}],"curies":[{"name":"wp","href":"https:\/\/api.w.org\/{rel}","templated":true}]}}