{"id":765126,"date":"2025-08-28T11:32:54","date_gmt":"2025-08-28T08:32:54","guid":{"rendered":"https:\/\/roveyayinevi.com.tr\/index.php\/urun\/tom-sawyer-sadelestirilmis-resimli-klasikler\/"},"modified":"2026-04-15T03:30:54","modified_gmt":"2026-04-15T00:30:54","slug":"tom-sawyer-sadelestirilmis-resimli-klasikler","status":"publish","type":"product","link":"https:\/\/roveyayinevi.com.tr\/index.php\/urun\/tom-sawyer-sadelestirilmis-resimli-klasikler\/","title":{"rendered":"Tom Sawyer &#8211; Sadele\u015ftirilmi\u015f Resimli Klasikler"},"content":{"rendered":"<p>D\u00fcnya \u00e7ap\u0131nda tan\u0131nan ve \u00e7ok sevilen klasikler, bu s\u00fcr\u00fckleyici kitap serisinde gen\u00e7 okurlar\u0131n ilgisini \u00e7ekecek \u015fekilde yeniden yorumlan\u0131yor. Mark Twain&#8217;in klasik roman\u0131 Tom Sawyer&#8217;\u0131n bu muhte\u015fem resimli bask\u0131s\u0131, Mississippi Nehri k\u0131y\u0131s\u0131ndaki k\u00fc\u00e7\u00fck bir kasabada b\u00fcy\u00fcyen gen\u00e7 bir \u00e7ocuk hakk\u0131ndaki bu zamans\u0131z hik\u00e2yeye yeni bir hayat getiriyor. Yazar her bir roman\u0131, bir yandan \u00f6zg\u00fcn ruhlar\u0131n\u0131 koruyarak, \u00f6te yandan yepyeni ve anla\u015f\u0131l\u0131r bir dil kullanarak yeniden aktar\u0131yor. \u00c7ocuklara edebiyat\u0131 ve belki de ileriki ya\u015flarda yeniden kar\u015f\u0131la\u015facaklar\u0131 karakterleri sevdirmek i\u00e7in tasarlanm\u0131\u015f bir kitap serisi bu. Serinin \u00e7izimleri dahi renkli, \u00e7a\u011fda\u015f ve neredeyse sinematik bir \u00fcslupla hik\u00e2yelere yeniden can veriyor.<\/p>\n","protected":false},"excerpt":{"rendered":"<p>D\u00fcnya \u00e7ap\u0131nda tan\u0131nan ve \u00e7ok sevilen klasikler, bu s\u00fcr\u00fckleyici kitap serisinde gen\u00e7 okurlar\u0131n ilgisini \u00e7ekecek \u015fekilde yeniden yorumlan\u0131yor. Mark Twain&#8217;in klasik roman\u0131 Tom Sawyer&#8217;\u0131n bu muhte\u015fem<span class=\"excerpt-hellip\"> [\u2026]<\/span><\/p>\n","protected":false},"featured_media":0,"template":"","meta":{"_monsterinsights_skip_tracking":false,"_monsterinsights_sitenote_active":false,"_monsterinsights_sitenote_note":"","_monsterinsights_sitenote_category":0},"product_brand":[],"product_cat":[12274,12467],"product_tag":[],"class_list":{"0":"post-765126","1":"product","2":"type-product","3":"status-publish","5":"product_cat-cocuk-ve-genclik-kitaplari","6":"product_cat-dunya-klasikleri","7":"pa_cilt-ciltsiz","8":"pa_tur-kitap","9":"pa_yayinevi-orenda","10":"pa_yazar-tom-sawyer","12":"first","13":"instock","14":"sale","15":"shipping-taxable","16":"purchasable","17":"product-type-simple"},"_links":{"self":[{"href":"https:\/\/roveyayinevi.com.tr\/index.php\/wp-json\/wp\/v2\/product\/765126","targetHints":{"allow":["GET"]}}],"collection":[{"href":"https:\/\/roveyayinevi.com.tr\/index.php\/wp-json\/wp\/v2\/product"}],"about":[{"href":"https:\/\/roveyayinevi.com.tr\/index.php\/wp-json\/wp\/v2\/types\/product"}],"wp:attachment":[{"href":"https:\/\/roveyayinevi.com.tr\/index.php\/wp-json\/wp\/v2\/media?parent=765126"}],"wp:term":[{"taxonomy":"product_brand","embeddable":true,"href":"https:\/\/roveyayinevi.com.tr\/index.php\/wp-json\/wp\/v2\/product_brand?post=765126"},{"taxonomy":"product_cat","embeddable":true,"href":"https:\/\/roveyayinevi.com.tr\/index.php\/wp-json\/wp\/v2\/product_cat?post=765126"},{"taxonomy":"product_tag","embeddable":true,"href":"https:\/\/roveyayinevi.com.tr\/index.php\/wp-json\/wp\/v2\/product_tag?post=765126"}],"curies":[{"name":"wp","href":"https:\/\/api.w.org\/{rel}","templated":true}]}}