{"id":765123,"date":"2025-08-28T11:32:49","date_gmt":"2025-08-28T08:32:49","guid":{"rendered":"https:\/\/roveyayinevi.com.tr\/index.php\/urun\/istanbulun-metafizik-sirri\/"},"modified":"2026-04-15T03:30:54","modified_gmt":"2026-04-15T00:30:54","slug":"istanbulun-metafizik-sirri","status":"publish","type":"product","link":"https:\/\/roveyayinevi.com.tr\/index.php\/urun\/istanbulun-metafizik-sirri\/","title":{"rendered":"\u0130stanbul\u2019un Metafizik S\u0131rr\u0131"},"content":{"rendered":"<p>Ey \u0130stanbul! Aziz \u0130stanbul. Yak\u0131nda senin \u00fczerindeki kara bulutlar da\u011f\u0131lacak. Bir \u2018Hidayet\u2019 uyanacakt\u0131r. \u0130nsanlar\u0131n g\u00f6zlerindeki perdeler kalkacak. Ve g\u00f6receklerdir ger\u00e7e\u011fi art\u0131k. D\u00fcnya Mescid-i Aks\u00e2 \u00fczerine kilitlenmi\u015fken. As\u0131l a\u00e7\u0131lmak istenen kilit \u0130stanbul\u2019dur. \u0130stanbul\u2019a girebilirlerse Kud\u00fcs d\u00fc\u015fer. D\u00fcnyada ne oluyorsa bug\u00fcn. Gazze. Bombard\u0131manlar. \u0130klim. Karbon dayatmalar\u0131. G\u00fcne\u015fi \u00f6rtme \u00e7abalar\u0131. \u00dclke sava\u015flar\u0131. N\u00fckleer tehlikesi. Deprem \u0131srarlar\u0131. Ter\u00f6r. Salg\u0131nlar. \u0130\u00e7 kar\u0131\u015f\u0131kl\u0131klar. Hepsi. Mesiyanik plan dahilindedir. B\u00fcy\u00fck Kaos i\u00e7indir. Ve bu zamanda. D\u00fcnyadaki zulm\u00fcn bitirilmesi ve toplu bir direni\u015fin ba\u015flamas\u0131 i\u00e7in. Aziz \u0130stanbul\u2019un m\u00e2nevi uyan\u0131\u015f\u0131 beklenmektedir. Bu kitap. Bunca zaman sizlerden gizlenen ger\u00e7eklerle y\u00fczle\u015fmeniz i\u00e7in yaz\u0131ld\u0131. Bir karar vermeniz gerekiyor art\u0131k. Gelin. Takip edin izlerimizi. O izler i\u015fte. Neden \u2018Hayati S\u0131r\u2019 oldu\u011fumuzun da delilidir. Ve cesaret ister. Korkmay\u0131n gelin.. Hi\u00e7 ku\u015fku yok. \u0130yiler kazanacak. Son M\u00e2nevi Sava\u015f.<\/p>\n","protected":false},"excerpt":{"rendered":"<p>Ey \u0130stanbul! Aziz \u0130stanbul. Yak\u0131nda senin \u00fczerindeki kara bulutlar da\u011f\u0131lacak. Bir \u2018Hidayet\u2019 uyanacakt\u0131r. \u0130nsanlar\u0131n g\u00f6zlerindeki perdeler kalkacak. Ve g\u00f6receklerdir ger\u00e7e\u011fi art\u0131k. D\u00fcnya Mescid-i Aks\u00e2 \u00fczerine kilitlenmi\u015fken.<span class=\"excerpt-hellip\"> [\u2026]<\/span><\/p>\n","protected":false},"featured_media":0,"template":"","meta":{"_monsterinsights_skip_tracking":false,"_monsterinsights_sitenote_active":false,"_monsterinsights_sitenote_note":"","_monsterinsights_sitenote_category":0},"product_brand":[],"product_cat":[12718,12719,15238],"product_tag":[],"class_list":{"0":"post-765123","1":"product","2":"type-product","3":"status-publish","5":"product_cat-din","6":"product_cat-islam","7":"product_cat-tasavvuf","8":"pa_cilt-ciltsiz","9":"pa_tur-kitap","10":"pa_yayinevi-hayykitap","11":"pa_yazar-hayati-sir","13":"first","14":"instock","15":"sale","16":"shipping-taxable","17":"purchasable","18":"product-type-simple"},"_links":{"self":[{"href":"https:\/\/roveyayinevi.com.tr\/index.php\/wp-json\/wp\/v2\/product\/765123","targetHints":{"allow":["GET"]}}],"collection":[{"href":"https:\/\/roveyayinevi.com.tr\/index.php\/wp-json\/wp\/v2\/product"}],"about":[{"href":"https:\/\/roveyayinevi.com.tr\/index.php\/wp-json\/wp\/v2\/types\/product"}],"wp:attachment":[{"href":"https:\/\/roveyayinevi.com.tr\/index.php\/wp-json\/wp\/v2\/media?parent=765123"}],"wp:term":[{"taxonomy":"product_brand","embeddable":true,"href":"https:\/\/roveyayinevi.com.tr\/index.php\/wp-json\/wp\/v2\/product_brand?post=765123"},{"taxonomy":"product_cat","embeddable":true,"href":"https:\/\/roveyayinevi.com.tr\/index.php\/wp-json\/wp\/v2\/product_cat?post=765123"},{"taxonomy":"product_tag","embeddable":true,"href":"https:\/\/roveyayinevi.com.tr\/index.php\/wp-json\/wp\/v2\/product_tag?post=765123"}],"curies":[{"name":"wp","href":"https:\/\/api.w.org\/{rel}","templated":true}]}}