{"id":765117,"date":"2025-08-28T11:32:39","date_gmt":"2025-08-28T08:32:39","guid":{"rendered":"https:\/\/roveyayinevi.com.tr\/index.php\/urun\/kafa-travmasina-genel-bakis\/"},"modified":"2026-04-15T03:30:54","modified_gmt":"2026-04-15T00:30:54","slug":"kafa-travmasina-genel-bakis","status":"publish","type":"product","link":"https:\/\/roveyayinevi.com.tr\/index.php\/urun\/kafa-travmasina-genel-bakis\/","title":{"rendered":"Kafa Travmas\u0131na Genel Bak\u0131\u015f"},"content":{"rendered":"<p>KAFA TRAVMASINA TAR\u0130HSEL YAKLA\u015eIM KAFA TRAVMASINDA EP\u0130DEM\u0130YOLOJ\u0130 VE ET\u0130YOLOJ\u0130 KAFA TRAVMASININ PATOF\u0130ZYOLOJ\u0130S\u0130 KAFATASI KIRIKLARI KAFA TRAVMASINA BA\u011eLI HEMORAJ\u0130K KOMPL\u0130KASYONLAR KAFA TRAVMALI HASTANIN ANESTEZ\u0130S\u0130 TRAVMAT\u0130K BEY\u0130N HASARINDA YO\u011eUN BAKIM TAK\u0130B\u0130 \u00c7OCUKLUK \u00c7A\u011eI KAFA TRAVMALARI CERRAH\u0130 GEREKT\u0130RMEYEN KAFA TRAVMALI HASTALARDA TEDAV\u0130 Y\u00d6NET\u0130M\u0130 <\/p>\n","protected":false},"excerpt":{"rendered":"<p>KAFA TRAVMASINA TAR\u0130HSEL YAKLA\u015eIM KAFA TRAVMASINDA EP\u0130DEM\u0130YOLOJ\u0130 VE ET\u0130YOLOJ\u0130 KAFA TRAVMASININ PATOF\u0130ZYOLOJ\u0130S\u0130 KAFATASI KIRIKLARI KAFA TRAVMASINA BA\u011eLI HEMORAJ\u0130K KOMPL\u0130KASYONLAR KAFA TRAVMALI HASTANIN ANESTEZ\u0130S\u0130 TRAVMAT\u0130K BEY\u0130N HASARINDA<span class=\"excerpt-hellip\"> [\u2026]<\/span><\/p>\n","protected":false},"featured_media":0,"template":"","meta":{"_monsterinsights_skip_tracking":false,"_monsterinsights_sitenote_active":false,"_monsterinsights_sitenote_note":"","_monsterinsights_sitenote_category":0},"product_brand":[],"product_cat":[12573,12566],"product_tag":[],"class_list":{"0":"post-765117","1":"product","2":"type-product","3":"status-publish","5":"product_cat-akademik-kitaplar","6":"product_cat-egitim","7":"pa_cilt-ciltsiz","8":"pa_tur-kitap","9":"pa_yayinevi-platanus-publishing","10":"pa_yazar-kolektif","12":"first","13":"instock","14":"sale","15":"shipping-taxable","16":"purchasable","17":"product-type-simple"},"_links":{"self":[{"href":"https:\/\/roveyayinevi.com.tr\/index.php\/wp-json\/wp\/v2\/product\/765117","targetHints":{"allow":["GET"]}}],"collection":[{"href":"https:\/\/roveyayinevi.com.tr\/index.php\/wp-json\/wp\/v2\/product"}],"about":[{"href":"https:\/\/roveyayinevi.com.tr\/index.php\/wp-json\/wp\/v2\/types\/product"}],"wp:attachment":[{"href":"https:\/\/roveyayinevi.com.tr\/index.php\/wp-json\/wp\/v2\/media?parent=765117"}],"wp:term":[{"taxonomy":"product_brand","embeddable":true,"href":"https:\/\/roveyayinevi.com.tr\/index.php\/wp-json\/wp\/v2\/product_brand?post=765117"},{"taxonomy":"product_cat","embeddable":true,"href":"https:\/\/roveyayinevi.com.tr\/index.php\/wp-json\/wp\/v2\/product_cat?post=765117"},{"taxonomy":"product_tag","embeddable":true,"href":"https:\/\/roveyayinevi.com.tr\/index.php\/wp-json\/wp\/v2\/product_tag?post=765117"}],"curies":[{"name":"wp","href":"https:\/\/api.w.org\/{rel}","templated":true}]}}