{"id":765100,"date":"2025-08-28T11:32:08","date_gmt":"2025-08-28T08:32:08","guid":{"rendered":"https:\/\/roveyayinevi.com.tr\/index.php\/urun\/fil-ares-ailesiyle-calisarak-firini-kurtariyor\/"},"modified":"2026-04-15T03:30:54","modified_gmt":"2026-04-15T00:30:54","slug":"fil-ares-ailesiyle-calisarak-firini-kurtariyor","status":"publish","type":"product","link":"https:\/\/roveyayinevi.com.tr\/index.php\/urun\/fil-ares-ailesiyle-calisarak-firini-kurtariyor\/","title":{"rendered":"Fil Ares Ailesiyle \u00c7al\u0131\u015farak F\u0131r\u0131n\u0131 Kurtar\u0131yor"},"content":{"rendered":"<p>\u2018Muhte\u015fem Hayvanlar\u2019 serisi \u00e7ocuklar\u0131m\u0131za y\u00f6nelik k\u0131sa hikayelerden olu\u015fmakta. Bu seri, her biri birbirinden farkl\u0131 sevimli hayvan karakterleri arac\u0131l\u0131\u011f\u0131yla \u00e7ocuklar\u0131m\u0131z\u0131 farkl\u0131 ki\u015fisel ve mesleki becerilerle tan\u0131\u015ft\u0131rmay\u0131 ama\u00e7lamakta. \u00c7ocuklar\u0131m\u0131z g\u00fczel resimlerle dolu bu kitaplarla hayata dair bir\u00e7ok yeni bilgiyi de \u00f6\u011frenmi\u015f olacaklar. <\/p>\n","protected":false},"excerpt":{"rendered":"<p>\u2018Muhte\u015fem Hayvanlar\u2019 serisi \u00e7ocuklar\u0131m\u0131za y\u00f6nelik k\u0131sa hikayelerden olu\u015fmakta. Bu seri, her biri birbirinden farkl\u0131 sevimli hayvan karakterleri arac\u0131l\u0131\u011f\u0131yla \u00e7ocuklar\u0131m\u0131z\u0131 farkl\u0131 ki\u015fisel ve mesleki becerilerle tan\u0131\u015ft\u0131rmay\u0131 ama\u00e7lamakta.<span class=\"excerpt-hellip\"> [\u2026]<\/span><\/p>\n","protected":false},"featured_media":0,"template":"","meta":{"_monsterinsights_skip_tracking":false,"_monsterinsights_sitenote_active":false,"_monsterinsights_sitenote_note":"","_monsterinsights_sitenote_category":0},"product_brand":[],"product_cat":[12274,12518],"product_tag":[],"class_list":{"0":"post-765100","1":"product","2":"type-product","3":"status-publish","5":"product_cat-cocuk-ve-genclik-kitaplari","6":"product_cat-okul-oncesi-kitaplar","7":"pa_cilt-ciltsiz","8":"pa_tur-kitap","9":"pa_yayinevi-0-6-yas-yayinlari","10":"pa_yazar-kolektif","12":"first","13":"instock","14":"sale","15":"shipping-taxable","16":"purchasable","17":"product-type-simple"},"_links":{"self":[{"href":"https:\/\/roveyayinevi.com.tr\/index.php\/wp-json\/wp\/v2\/product\/765100","targetHints":{"allow":["GET"]}}],"collection":[{"href":"https:\/\/roveyayinevi.com.tr\/index.php\/wp-json\/wp\/v2\/product"}],"about":[{"href":"https:\/\/roveyayinevi.com.tr\/index.php\/wp-json\/wp\/v2\/types\/product"}],"wp:attachment":[{"href":"https:\/\/roveyayinevi.com.tr\/index.php\/wp-json\/wp\/v2\/media?parent=765100"}],"wp:term":[{"taxonomy":"product_brand","embeddable":true,"href":"https:\/\/roveyayinevi.com.tr\/index.php\/wp-json\/wp\/v2\/product_brand?post=765100"},{"taxonomy":"product_cat","embeddable":true,"href":"https:\/\/roveyayinevi.com.tr\/index.php\/wp-json\/wp\/v2\/product_cat?post=765100"},{"taxonomy":"product_tag","embeddable":true,"href":"https:\/\/roveyayinevi.com.tr\/index.php\/wp-json\/wp\/v2\/product_tag?post=765100"}],"curies":[{"name":"wp","href":"https:\/\/api.w.org\/{rel}","templated":true}]}}