{"id":765097,"date":"2025-08-28T11:32:01","date_gmt":"2025-08-28T08:32:01","guid":{"rendered":"https:\/\/roveyayinevi.com.tr\/index.php\/urun\/oynayan-gozler-ciftlik-hayvanlari\/"},"modified":"2026-04-15T03:30:53","modified_gmt":"2026-04-15T00:30:53","slug":"oynayan-gozler-ciftlik-hayvanlari","status":"publish","type":"product","link":"https:\/\/roveyayinevi.com.tr\/index.php\/urun\/oynayan-gozler-ciftlik-hayvanlari\/","title":{"rendered":"Oynayan G\u00f6zler &#8211; \u00c7iftlik Hayvanlar\u0131"},"content":{"rendered":"<p>\u2018Oynayan G\u00f6zler\u2019 serisi bebe\u011finiz i\u00e7in yeni bir e\u011flence kayna\u011f\u0131 olacak! Bebe\u011finiz oynayan g\u00f6zlerle oynarken \u00e7ok g\u00fczel vakit ge\u00e7irecek. Ayr\u0131ca bu sevimli resimli kitap sayesinde \u00e7iftlik hayvanlar\u0131n\u0131n isimlerini \u00f6\u011frenecek. E\u011flence ba\u015flas\u0131n\u2026 <\/p>\n","protected":false},"excerpt":{"rendered":"<p>\u2018Oynayan G\u00f6zler\u2019 serisi bebe\u011finiz i\u00e7in yeni bir e\u011flence kayna\u011f\u0131 olacak! Bebe\u011finiz oynayan g\u00f6zlerle oynarken \u00e7ok g\u00fczel vakit ge\u00e7irecek. Ayr\u0131ca bu sevimli resimli kitap sayesinde \u00e7iftlik hayvanlar\u0131n\u0131n<span class=\"excerpt-hellip\"> [\u2026]<\/span><\/p>\n","protected":false},"featured_media":0,"template":"","meta":{"_monsterinsights_skip_tracking":false,"_monsterinsights_sitenote_active":false,"_monsterinsights_sitenote_note":"","_monsterinsights_sitenote_category":0},"product_brand":[],"product_cat":[12274,12518],"product_tag":[],"class_list":{"0":"post-765097","1":"product","2":"type-product","3":"status-publish","5":"product_cat-cocuk-ve-genclik-kitaplari","6":"product_cat-okul-oncesi-kitaplar","7":"pa_cilt-ciltsiz","8":"pa_tur-kitap","9":"pa_yayinevi-0-6-yas-yayinlari","10":"pa_yazar-kadir-dilmac","12":"first","13":"instock","14":"sale","15":"shipping-taxable","16":"purchasable","17":"product-type-simple"},"_links":{"self":[{"href":"https:\/\/roveyayinevi.com.tr\/index.php\/wp-json\/wp\/v2\/product\/765097","targetHints":{"allow":["GET"]}}],"collection":[{"href":"https:\/\/roveyayinevi.com.tr\/index.php\/wp-json\/wp\/v2\/product"}],"about":[{"href":"https:\/\/roveyayinevi.com.tr\/index.php\/wp-json\/wp\/v2\/types\/product"}],"wp:attachment":[{"href":"https:\/\/roveyayinevi.com.tr\/index.php\/wp-json\/wp\/v2\/media?parent=765097"}],"wp:term":[{"taxonomy":"product_brand","embeddable":true,"href":"https:\/\/roveyayinevi.com.tr\/index.php\/wp-json\/wp\/v2\/product_brand?post=765097"},{"taxonomy":"product_cat","embeddable":true,"href":"https:\/\/roveyayinevi.com.tr\/index.php\/wp-json\/wp\/v2\/product_cat?post=765097"},{"taxonomy":"product_tag","embeddable":true,"href":"https:\/\/roveyayinevi.com.tr\/index.php\/wp-json\/wp\/v2\/product_tag?post=765097"}],"curies":[{"name":"wp","href":"https:\/\/api.w.org\/{rel}","templated":true}]}}