{"id":765094,"date":"2025-08-28T11:31:56","date_gmt":"2025-08-28T08:31:56","guid":{"rendered":"https:\/\/roveyayinevi.com.tr\/index.php\/urun\/antik-cagdan-gunumuze-ermeni-tarihi\/"},"modified":"2026-04-15T03:30:53","modified_gmt":"2026-04-15T00:30:53","slug":"antik-cagdan-gunumuze-ermeni-tarihi","status":"publish","type":"product","link":"https:\/\/roveyayinevi.com.tr\/index.php\/urun\/antik-cagdan-gunumuze-ermeni-tarihi\/","title":{"rendered":"Antik \u00c7a\u011fdan G\u00fcn\u00fcm\u00fcze Ermeni Tarihi"},"content":{"rendered":"<p>Dr. R\u0131za Nur\u2019un bug\u00fcne dek g\u00fcn y\u00fcz\u00fcne \u00e7\u0131kmam\u0131\u015f, m\u00fctareke y\u0131llar\u0131nda Kahire\u2019de kaleme al\u0131nan tek n\u00fcsha el yazmas\u0131 eseri ilk defa bas\u0131ld\u0131. Eser, Ermeni Tarihi\u2019nin bug\u00fcne dek hi\u00e7 konu\u015fulmayan taraflar\u0131n\u0131 birinci a\u011f\u0131zdan g\u00fcn y\u00fcz\u00fcne sermektedir. \u0130ncelendi\u011finde okuyucular taraf\u0131ndan da g\u00f6r\u00fclece\u011fi \u00fczere eser, b\u00fcy\u00fck oranda bat\u0131l\u0131 ve ermeni kaynaklara dayan\u0131larak haz\u0131rlanm\u0131\u015ft\u0131r. Konu ile ilgilenenler i\u00e7in yararl\u0131 olaca\u011f\u0131 m\u00fclahazas\u0131yla taraf\u0131m\u0131zdan notlar ilavesiyle yay\u0131ma haz\u0131rlanm\u0131\u015ft\u0131r. \u201cBu eseri T\u00fcrkiye\u2019de bulunan ve vatan\u0131m\u0131zda tasarruf hakk\u0131 iddia eden milletlerin tarihini kaleme al\u0131p, onlar\u0131n vatan\u0131m\u0131zda hakk\u0131 olup olmad\u0131\u011f\u0131n\u0131, T\u00fcrk milletine ve ricaline ve aleme g\u00f6stermek i\u00e7in yazd\u0131m, \u00e7\u00fcnk\u00fc kimse bilmiyor. Kudret-i \u00e2liye d\u00fcnyada iki milleti ebediyen peri\u015fan etmi\u015f, hicretten hicrete s\u00fcrm\u00fc\u015f, yery\u00fcz\u00fcn\u00fcn her taraf\u0131na da\u011f\u0131t\u0131p garip bir surette ya\u015famaya mahk\u00fbm eylemi\u015ftir. Bu milletlerden birincisi Yahudi ikincisi Ermenilerdir\u201d Dr. R\u0131za Nur<\/p>\n","protected":false},"excerpt":{"rendered":"<p>Dr. R\u0131za Nur\u2019un bug\u00fcne dek g\u00fcn y\u00fcz\u00fcne \u00e7\u0131kmam\u0131\u015f, m\u00fctareke y\u0131llar\u0131nda Kahire\u2019de kaleme al\u0131nan tek n\u00fcsha el yazmas\u0131 eseri ilk defa bas\u0131ld\u0131. Eser, Ermeni Tarihi\u2019nin bug\u00fcne dek<span class=\"excerpt-hellip\"> [\u2026]<\/span><\/p>\n","protected":false},"featured_media":0,"template":"","meta":{"_monsterinsights_skip_tracking":false,"_monsterinsights_sitenote_active":false,"_monsterinsights_sitenote_note":"","_monsterinsights_sitenote_category":0},"product_brand":[],"product_cat":[12304],"product_tag":[],"class_list":{"0":"post-765094","1":"product","2":"type-product","3":"status-publish","5":"product_cat-tarih","6":"pa_cilt-ciltsiz","7":"pa_tur-kitap","8":"pa_yayinevi-spesifik-yayinlari","9":"pa_yazar-riza-nur","11":"first","12":"instock","13":"sale","14":"shipping-taxable","15":"purchasable","16":"product-type-simple"},"_links":{"self":[{"href":"https:\/\/roveyayinevi.com.tr\/index.php\/wp-json\/wp\/v2\/product\/765094","targetHints":{"allow":["GET"]}}],"collection":[{"href":"https:\/\/roveyayinevi.com.tr\/index.php\/wp-json\/wp\/v2\/product"}],"about":[{"href":"https:\/\/roveyayinevi.com.tr\/index.php\/wp-json\/wp\/v2\/types\/product"}],"wp:attachment":[{"href":"https:\/\/roveyayinevi.com.tr\/index.php\/wp-json\/wp\/v2\/media?parent=765094"}],"wp:term":[{"taxonomy":"product_brand","embeddable":true,"href":"https:\/\/roveyayinevi.com.tr\/index.php\/wp-json\/wp\/v2\/product_brand?post=765094"},{"taxonomy":"product_cat","embeddable":true,"href":"https:\/\/roveyayinevi.com.tr\/index.php\/wp-json\/wp\/v2\/product_cat?post=765094"},{"taxonomy":"product_tag","embeddable":true,"href":"https:\/\/roveyayinevi.com.tr\/index.php\/wp-json\/wp\/v2\/product_tag?post=765094"}],"curies":[{"name":"wp","href":"https:\/\/api.w.org\/{rel}","templated":true}]}}