{"id":765093,"date":"2025-08-28T11:31:54","date_gmt":"2025-08-28T08:31:54","guid":{"rendered":"https:\/\/roveyayinevi.com.tr\/index.php\/urun\/lacivert-tanrica\/"},"modified":"2026-04-15T03:30:53","modified_gmt":"2026-04-15T00:30:53","slug":"lacivert-tanrica","status":"publish","type":"product","link":"https:\/\/roveyayinevi.com.tr\/index.php\/urun\/lacivert-tanrica\/","title":{"rendered":"Lacivert Tanr\u0131\u00e7a"},"content":{"rendered":"<p>Lacivert tanr\u0131\u00e7a, Do\u011fu Akdeniz\u2019de, Arkeoloji, Mitoloji, Tarih \u00fczerine bir roman.   M\u00d6 II. Binin ba\u015f\u0131, Girit. Tanr\u0131\u00e7alar g\u00fc\u00e7lerinin doru\u011fundalar. Girit adas\u0131nda Minos k\u00fclt\u00fcr\u00fcn\u00fcn y\u00f6neticisi Minos\u2019ta g\u00f6r\u00fcn\u00fcr iktidar\u0131n\u0131n doru\u011fundad\u0131r. Minos, Daidalos\u2019tan kar\u0131\u015f\u0131k planl\u0131 b\u00fcy\u00fck bir saray tasarlamas\u0131n\u0131 ister. Bu saray asl\u0131nda mitlerin en gizemli ve korkun\u00e7 karakterlerinden biri i\u00e7indir. Di\u011fer taraftan adada Minos\u2019un kovalad\u0131\u011f\u0131 k\u00fc\u00e7\u00fck bir k\u0131z bir g\u00fcn denize d\u00fc\u015fer.  M\u00d6 II. binin sonu Ege Denizi ve Ege adalar\u0131&#8230; K\u0131rm\u0131z\u0131 Ada\u2019n\u0131n Lacivert Tanr\u0131\u00e7as\u0131 gelmekte olan k\u00f6t\u00fc zamanlar i\u00e7in endi\u015felenmekte ve halk\u0131n\u0131 korumak istemektedir. Hem Akdeniz halklar\u0131 b\u00fcy\u00fck tehdit alt\u0131ndad\u0131r hem de tanr\u0131\u00e7alar. Lacivert Tanr\u0131\u00e7a kendini s\u0131k s\u0131k y\u00fczlerce y\u0131l \u00f6ncesini d\u00fc\u015f\u00fcn\u00fcrken bulur.   1979 \u0130stanbul. Gen\u00e7 bir \u00f6\u011frenci olan Rita Ela Molinari Klasik Arkeoloji doktoras\u0131 yapmaktad\u0131r. \u0130stanbul\u2019da siyasi ortam \u00e7ok gerilimlidir ve ter\u00f6r zamanlar\u0131 ya\u015fanmaktad\u0131r. Doktora tezi i\u00e7in ara\u015ft\u0131rmalar yapmakta olan Rita, kendi hayat\u0131 i\u00e7in b\u00fcy\u00fck bir s\u0131nav verecektir. Tanr\u0131\u00e7alar biny\u0131llard\u0131r bu s\u0131nav\u0131n sonucunu beklemektedir.  <\/p>\n","protected":false},"excerpt":{"rendered":"<p>Lacivert tanr\u0131\u00e7a, Do\u011fu Akdeniz\u2019de, Arkeoloji, Mitoloji, Tarih \u00fczerine bir roman. M\u00d6 II. Binin ba\u015f\u0131, Girit. Tanr\u0131\u00e7alar g\u00fc\u00e7lerinin doru\u011fundalar. Girit adas\u0131nda Minos k\u00fclt\u00fcr\u00fcn\u00fcn y\u00f6neticisi Minos\u2019ta g\u00f6r\u00fcn\u00fcr iktidar\u0131n\u0131n<span class=\"excerpt-hellip\"> [\u2026]<\/span><\/p>\n","protected":false},"featured_media":0,"template":"","meta":{"_monsterinsights_skip_tracking":false,"_monsterinsights_sitenote_active":false,"_monsterinsights_sitenote_note":"","_monsterinsights_sitenote_category":0},"product_brand":[],"product_cat":[12291,12711],"product_tag":[],"class_list":{"0":"post-765093","1":"product","2":"type-product","3":"status-publish","5":"product_cat-edebiyat","6":"product_cat-roman-oyku","7":"pa_cilt-ciltsiz","8":"pa_tur-kitap","9":"pa_yayinevi-alden-yayinlari","10":"pa_yazar-r-eser-kortanoglu","12":"first","13":"instock","14":"sale","15":"shipping-taxable","16":"purchasable","17":"product-type-simple"},"_links":{"self":[{"href":"https:\/\/roveyayinevi.com.tr\/index.php\/wp-json\/wp\/v2\/product\/765093","targetHints":{"allow":["GET"]}}],"collection":[{"href":"https:\/\/roveyayinevi.com.tr\/index.php\/wp-json\/wp\/v2\/product"}],"about":[{"href":"https:\/\/roveyayinevi.com.tr\/index.php\/wp-json\/wp\/v2\/types\/product"}],"wp:attachment":[{"href":"https:\/\/roveyayinevi.com.tr\/index.php\/wp-json\/wp\/v2\/media?parent=765093"}],"wp:term":[{"taxonomy":"product_brand","embeddable":true,"href":"https:\/\/roveyayinevi.com.tr\/index.php\/wp-json\/wp\/v2\/product_brand?post=765093"},{"taxonomy":"product_cat","embeddable":true,"href":"https:\/\/roveyayinevi.com.tr\/index.php\/wp-json\/wp\/v2\/product_cat?post=765093"},{"taxonomy":"product_tag","embeddable":true,"href":"https:\/\/roveyayinevi.com.tr\/index.php\/wp-json\/wp\/v2\/product_tag?post=765093"}],"curies":[{"name":"wp","href":"https:\/\/api.w.org\/{rel}","templated":true}]}}