{"id":765092,"date":"2025-08-28T11:31:51","date_gmt":"2025-08-28T08:31:51","guid":{"rendered":"https:\/\/roveyayinevi.com.tr\/index.php\/urun\/bir-umut-yasamak\/"},"modified":"2026-04-15T03:30:53","modified_gmt":"2026-04-15T00:30:53","slug":"bir-umut-yasamak","status":"publish","type":"product","link":"https:\/\/roveyayinevi.com.tr\/index.php\/urun\/bir-umut-yasamak\/","title":{"rendered":"Bir Umut Ya\u015famak"},"content":{"rendered":"<p>3. Bask\u0131s\u0131 yap\u0131lan \u201cBir Umut Ya\u015fmak\u201d, \u00d6zkan \u015eahbaz\u2019\u0131n ilk \u015fiir kitab\u0131d\u0131r. \u015eairin Denizk\u0131z\u0131 Yay\u0131nlar\u0131 taraf\u0131ndan yay\u0131mlanm\u0131\u015f, \u201c\u00d6m\u00fcr Y\u00fck\u00fc\u201d ve \u201cGidenler de A\u011flar\u201d adl\u0131 iki \u015fiir kitab\u0131 daha bulunmaktad\u0131r.   \u201cUnutma! Yolun uzun olacak \u00d6mr\u00fcn k\u0131sa olsa da Y\u00fcrek cesur olacak Sonu esaret olsa da Tek \u00e7aren a\u011flamak olacak \u00d6l\u00fcm ecelsiz olsa da. Elini tutan Bir umut ya\u015famak olacak G\u00f6nl\u00fcnce. Hayk\u0131r\u0131rcas\u0131na ya\u015famak\u2026\u201d <\/p>\n","protected":false},"excerpt":{"rendered":"<p>3. Bask\u0131s\u0131 yap\u0131lan \u201cBir Umut Ya\u015fmak\u201d, \u00d6zkan \u015eahbaz\u2019\u0131n ilk \u015fiir kitab\u0131d\u0131r. \u015eairin Denizk\u0131z\u0131 Yay\u0131nlar\u0131 taraf\u0131ndan yay\u0131mlanm\u0131\u015f, \u201c\u00d6m\u00fcr Y\u00fck\u00fc\u201d ve \u201cGidenler de A\u011flar\u201d adl\u0131 iki \u015fiir kitab\u0131<span class=\"excerpt-hellip\"> [\u2026]<\/span><\/p>\n","protected":false},"featured_media":0,"template":"","meta":{"_monsterinsights_skip_tracking":false,"_monsterinsights_sitenote_active":false,"_monsterinsights_sitenote_note":"","_monsterinsights_sitenote_category":0},"product_brand":[],"product_cat":[12291,12509],"product_tag":[],"class_list":{"0":"post-765092","1":"product","2":"type-product","3":"status-publish","5":"product_cat-edebiyat","6":"product_cat-siir","7":"pa_cilt-ciltsiz","8":"pa_tur-kitap","9":"pa_yayinevi-denizkizi-yayinlari","10":"pa_yazar-ozkan-sahbaz","12":"first","13":"instock","14":"sale","15":"shipping-taxable","16":"purchasable","17":"product-type-simple"},"_links":{"self":[{"href":"https:\/\/roveyayinevi.com.tr\/index.php\/wp-json\/wp\/v2\/product\/765092","targetHints":{"allow":["GET"]}}],"collection":[{"href":"https:\/\/roveyayinevi.com.tr\/index.php\/wp-json\/wp\/v2\/product"}],"about":[{"href":"https:\/\/roveyayinevi.com.tr\/index.php\/wp-json\/wp\/v2\/types\/product"}],"wp:attachment":[{"href":"https:\/\/roveyayinevi.com.tr\/index.php\/wp-json\/wp\/v2\/media?parent=765092"}],"wp:term":[{"taxonomy":"product_brand","embeddable":true,"href":"https:\/\/roveyayinevi.com.tr\/index.php\/wp-json\/wp\/v2\/product_brand?post=765092"},{"taxonomy":"product_cat","embeddable":true,"href":"https:\/\/roveyayinevi.com.tr\/index.php\/wp-json\/wp\/v2\/product_cat?post=765092"},{"taxonomy":"product_tag","embeddable":true,"href":"https:\/\/roveyayinevi.com.tr\/index.php\/wp-json\/wp\/v2\/product_tag?post=765092"}],"curies":[{"name":"wp","href":"https:\/\/api.w.org\/{rel}","templated":true}]}}