{"id":765091,"date":"2025-08-28T11:31:49","date_gmt":"2025-08-28T08:31:49","guid":{"rendered":"https:\/\/roveyayinevi.com.tr\/index.php\/urun\/dus-fircam\/"},"modified":"2026-04-15T03:30:53","modified_gmt":"2026-04-15T00:30:53","slug":"dus-fircam","status":"publish","type":"product","link":"https:\/\/roveyayinevi.com.tr\/index.php\/urun\/dus-fircam\/","title":{"rendered":"D\u00fc\u015f F\u0131r\u00e7am"},"content":{"rendered":"<p>Bir resim f\u0131r\u00e7an olsa Neler d\u00fc\u015fler neler \u00e7izerdin ka\u011f\u0131da? Peki g\u00f6ky\u00fcz\u00fcn\u00fc verseler sana, D\u00fc\u015fleyip d\u00fc\u015fleyip boyasan rahat\u00e7a. G\u00f6ky\u00fcz\u00fcne bakt\u0131m, elimde bir f\u0131r\u00e7a! \u201cD\u00dc\u015e FIR\u00c7ASI\u201d dedim ad\u0131na. Arma\u011fan ettim b\u00fct\u00fcn \u00e7ocuklara. Sevgi, mutluluk ve umudun hayallerle birle\u015fti\u011fi bu kitapta R\u00fcya gibi bir yolculu\u011fa \u00e7\u0131kacak, hayal kurman\u0131n tad\u0131na doyas\u0131ya varacaks\u0131n. <\/p>\n","protected":false},"excerpt":{"rendered":"<p>Bir resim f\u0131r\u00e7an olsa Neler d\u00fc\u015fler neler \u00e7izerdin ka\u011f\u0131da? Peki g\u00f6ky\u00fcz\u00fcn\u00fc verseler sana, D\u00fc\u015fleyip d\u00fc\u015fleyip boyasan rahat\u00e7a. G\u00f6ky\u00fcz\u00fcne bakt\u0131m, elimde bir f\u0131r\u00e7a! \u201cD\u00dc\u015e FIR\u00c7ASI\u201d dedim ad\u0131na.<span class=\"excerpt-hellip\"> [\u2026]<\/span><\/p>\n","protected":false},"featured_media":0,"template":"","meta":{"_monsterinsights_skip_tracking":false,"_monsterinsights_sitenote_active":false,"_monsterinsights_sitenote_note":"","_monsterinsights_sitenote_category":0},"product_brand":[],"product_cat":[12274,12284],"product_tag":[],"class_list":{"0":"post-765091","1":"product","2":"type-product","3":"status-publish","5":"product_cat-cocuk-ve-genclik-kitaplari","6":"product_cat-hikayeler","7":"pa_cilt-ciltsiz","8":"pa_tur-kitap","9":"pa_yayinevi-cinaralti-yayinlari","10":"pa_yazar-hale-esturk-altay","12":"first","13":"instock","14":"sale","15":"shipping-taxable","16":"purchasable","17":"product-type-simple"},"_links":{"self":[{"href":"https:\/\/roveyayinevi.com.tr\/index.php\/wp-json\/wp\/v2\/product\/765091","targetHints":{"allow":["GET"]}}],"collection":[{"href":"https:\/\/roveyayinevi.com.tr\/index.php\/wp-json\/wp\/v2\/product"}],"about":[{"href":"https:\/\/roveyayinevi.com.tr\/index.php\/wp-json\/wp\/v2\/types\/product"}],"wp:attachment":[{"href":"https:\/\/roveyayinevi.com.tr\/index.php\/wp-json\/wp\/v2\/media?parent=765091"}],"wp:term":[{"taxonomy":"product_brand","embeddable":true,"href":"https:\/\/roveyayinevi.com.tr\/index.php\/wp-json\/wp\/v2\/product_brand?post=765091"},{"taxonomy":"product_cat","embeddable":true,"href":"https:\/\/roveyayinevi.com.tr\/index.php\/wp-json\/wp\/v2\/product_cat?post=765091"},{"taxonomy":"product_tag","embeddable":true,"href":"https:\/\/roveyayinevi.com.tr\/index.php\/wp-json\/wp\/v2\/product_tag?post=765091"}],"curies":[{"name":"wp","href":"https:\/\/api.w.org\/{rel}","templated":true}]}}