{"id":765088,"date":"2025-08-28T11:31:43","date_gmt":"2025-08-28T08:31:43","guid":{"rendered":"https:\/\/roveyayinevi.com.tr\/index.php\/urun\/engelli-kiz\/"},"modified":"2026-04-15T03:30:53","modified_gmt":"2026-04-15T00:30:53","slug":"engelli-kiz","status":"publish","type":"product","link":"https:\/\/roveyayinevi.com.tr\/index.php\/urun\/engelli-kiz\/","title":{"rendered":"Engelli K\u0131z"},"content":{"rendered":"<p>Hik\u00e2yeleri okurken, \u201cAaa, bunun bir benzerini ben de ya\u015fam\u0131\u015ft\u0131m. Bu olay, filan kom\u015fumuzun ba\u015f\u0131ndan da ge\u00e7mi\u015fti. B\u00f6yle bir haberi televizyondan duymu\u015ftum.\u201d diyeceksiniz. Hik\u00e2yeleri okurken, \u201cBeni duyguland\u0131ran, \u00fczen, sevindiren olaylar\u0131 ben de yazabilirim.\u201d diye d\u00fc\u015f\u00fcnebilirsiniz. Belki hemen bilgisayar\u0131n ba\u015f\u0131na ge\u00e7erek yazmaya ba\u015flars\u0131n\u0131z\u2026 \u0130\u015fte o zaman amac\u0131ma ula\u015fman\u0131n mutlulu\u011funu ya\u015far\u0131m. <\/p>\n","protected":false},"excerpt":{"rendered":"<p>Hik\u00e2yeleri okurken, \u201cAaa, bunun bir benzerini ben de ya\u015fam\u0131\u015ft\u0131m. Bu olay, filan kom\u015fumuzun ba\u015f\u0131ndan da ge\u00e7mi\u015fti. B\u00f6yle bir haberi televizyondan duymu\u015ftum.\u201d diyeceksiniz. Hik\u00e2yeleri okurken, \u201cBeni duyguland\u0131ran,<span class=\"excerpt-hellip\"> [\u2026]<\/span><\/p>\n","protected":false},"featured_media":0,"template":"","meta":{"_monsterinsights_skip_tracking":false,"_monsterinsights_sitenote_active":false,"_monsterinsights_sitenote_note":"","_monsterinsights_sitenote_category":0},"product_brand":[],"product_cat":[12274,12284],"product_tag":[],"class_list":{"0":"post-765088","1":"product","2":"type-product","3":"status-publish","5":"product_cat-cocuk-ve-genclik-kitaplari","6":"product_cat-hikayeler","7":"pa_cilt-ciltsiz","8":"pa_tur-kitap","9":"pa_yayinevi-cinaralti-yayinlari","10":"pa_yazar-hasan-kallimci","12":"first","13":"instock","14":"sale","15":"shipping-taxable","16":"purchasable","17":"product-type-simple"},"_links":{"self":[{"href":"https:\/\/roveyayinevi.com.tr\/index.php\/wp-json\/wp\/v2\/product\/765088","targetHints":{"allow":["GET"]}}],"collection":[{"href":"https:\/\/roveyayinevi.com.tr\/index.php\/wp-json\/wp\/v2\/product"}],"about":[{"href":"https:\/\/roveyayinevi.com.tr\/index.php\/wp-json\/wp\/v2\/types\/product"}],"wp:attachment":[{"href":"https:\/\/roveyayinevi.com.tr\/index.php\/wp-json\/wp\/v2\/media?parent=765088"}],"wp:term":[{"taxonomy":"product_brand","embeddable":true,"href":"https:\/\/roveyayinevi.com.tr\/index.php\/wp-json\/wp\/v2\/product_brand?post=765088"},{"taxonomy":"product_cat","embeddable":true,"href":"https:\/\/roveyayinevi.com.tr\/index.php\/wp-json\/wp\/v2\/product_cat?post=765088"},{"taxonomy":"product_tag","embeddable":true,"href":"https:\/\/roveyayinevi.com.tr\/index.php\/wp-json\/wp\/v2\/product_tag?post=765088"}],"curies":[{"name":"wp","href":"https:\/\/api.w.org\/{rel}","templated":true}]}}