{"id":765087,"date":"2025-08-28T11:31:41","date_gmt":"2025-08-28T08:31:41","guid":{"rendered":"https:\/\/roveyayinevi.com.tr\/index.php\/urun\/bulbuller-aglamaz\/"},"modified":"2026-04-08T03:27:09","modified_gmt":"2026-04-08T00:27:09","slug":"bulbuller-aglamaz","status":"publish","type":"product","link":"https:\/\/roveyayinevi.com.tr\/index.php\/urun\/bulbuller-aglamaz\/","title":{"rendered":"B\u00fclb\u00fcller A\u011flamaz"},"content":{"rendered":"<p>G\u00fcm\u00fc\u015f\u00e7ay, ye\u015fillikler i\u00e7inde bir k\u00f6yd\u00fc. Bir vadide akan derenin kenar\u0131na kurulmu\u015ftu. Evler, sanki a\u011fa\u00e7lar\u0131n aras\u0131nda saklamba\u00e7 oynuyor gibiydi. Geni\u015f bah\u00e7elerinde \u00fcz\u00fcm ba\u011flar\u0131 vard\u0131; sebzeler, \u00e7e\u015fit \u00e7e\u015fit meyveler yeti\u015ftirilirdi. O k\u00f6yde sekiz y\u0131l \u00f6\u011fretmenlik yapt\u0131m. Yaz ak\u015famlar\u0131, ge\u00e7 vakitlere kadar b\u00fclb\u00fcllerin konserlerini dinlerdim. Ne yaz\u0131k ki sonraki y\u0131llarda o bah\u00e7elere beton binalar yap\u0131ld\u0131. Ye\u015fillikler, o verimli bah\u00e7eler art\u0131k yok. Yuvalar\u0131 bozulan b\u00fclb\u00fcller de yok; \u00fcz\u00fclerek, a\u011flaya a\u011flaya G\u00fcm\u00fc\u015f\u00e7ay\u2019dan ayr\u0131ld\u0131lar. Biz insanlar, ne yaz\u0131k ki G\u00fcm\u00fc\u015f\u00e7ay\u2019da b\u00fclb\u00fclleri a\u011flatt\u0131k. <\/p>\n","protected":false},"excerpt":{"rendered":"<p>G\u00fcm\u00fc\u015f\u00e7ay, ye\u015fillikler i\u00e7inde bir k\u00f6yd\u00fc. Bir vadide akan derenin kenar\u0131na kurulmu\u015ftu. Evler, sanki a\u011fa\u00e7lar\u0131n aras\u0131nda saklamba\u00e7 oynuyor gibiydi. Geni\u015f bah\u00e7elerinde \u00fcz\u00fcm ba\u011flar\u0131 vard\u0131; sebzeler, \u00e7e\u015fit \u00e7e\u015fit<span class=\"excerpt-hellip\"> [\u2026]<\/span><\/p>\n","protected":false},"featured_media":0,"template":"","meta":{"_monsterinsights_skip_tracking":false,"_monsterinsights_sitenote_active":false,"_monsterinsights_sitenote_note":"","_monsterinsights_sitenote_category":0},"product_brand":[],"product_cat":[12274,12284],"product_tag":[],"class_list":{"0":"post-765087","1":"product","2":"type-product","3":"status-publish","5":"product_cat-cocuk-ve-genclik-kitaplari","6":"product_cat-hikayeler","7":"pa_cilt-ciltsiz","8":"pa_tur-kitap","9":"pa_yayinevi-cinaralti-yayinlari","10":"pa_yazar-hasan-kallimci","12":"first","13":"instock","14":"sale","15":"shipping-taxable","16":"purchasable","17":"product-type-simple"},"_links":{"self":[{"href":"https:\/\/roveyayinevi.com.tr\/index.php\/wp-json\/wp\/v2\/product\/765087","targetHints":{"allow":["GET"]}}],"collection":[{"href":"https:\/\/roveyayinevi.com.tr\/index.php\/wp-json\/wp\/v2\/product"}],"about":[{"href":"https:\/\/roveyayinevi.com.tr\/index.php\/wp-json\/wp\/v2\/types\/product"}],"wp:attachment":[{"href":"https:\/\/roveyayinevi.com.tr\/index.php\/wp-json\/wp\/v2\/media?parent=765087"}],"wp:term":[{"taxonomy":"product_brand","embeddable":true,"href":"https:\/\/roveyayinevi.com.tr\/index.php\/wp-json\/wp\/v2\/product_brand?post=765087"},{"taxonomy":"product_cat","embeddable":true,"href":"https:\/\/roveyayinevi.com.tr\/index.php\/wp-json\/wp\/v2\/product_cat?post=765087"},{"taxonomy":"product_tag","embeddable":true,"href":"https:\/\/roveyayinevi.com.tr\/index.php\/wp-json\/wp\/v2\/product_tag?post=765087"}],"curies":[{"name":"wp","href":"https:\/\/api.w.org\/{rel}","templated":true}]}}