{"id":765086,"date":"2025-08-28T11:31:39","date_gmt":"2025-08-28T08:31:39","guid":{"rendered":"https:\/\/roveyayinevi.com.tr\/index.php\/urun\/anahtar-cocuk\/"},"modified":"2026-04-15T03:30:53","modified_gmt":"2026-04-15T00:30:53","slug":"anahtar-cocuk","status":"publish","type":"product","link":"https:\/\/roveyayinevi.com.tr\/index.php\/urun\/anahtar-cocuk\/","title":{"rendered":"Anahtar \u00c7ocuk"},"content":{"rendered":"<p>Bir anahtar&#8230; Neden var olabilirdi? Bir kilidi a\u00e7mak i\u00e7in mi? Hangi kilidi peki? Bu d\u00fcnyada ba\u015f\u0131bo\u015f kalm\u0131\u015f bir anahtar\u0131n hangi kilide ait oldu\u011funu kim bilebilirdi? D\u00fcnya garip bir yerdi bir zamanlar ve k\u00f6t\u00fc. \u0130nsanlar garipti bir zamanlar ve k\u00f6t\u00fc. \u0130\u00e7lerinden ge\u00e7enler bir renge benzeseydi galiba siyah olurdu. Hatta kara. Ve hatta kapkara&#8230; Ne olmu\u015ftu da insanlar gariple\u015fmi\u015f ve d\u00fcnya kararm\u0131\u015ft\u0131? Belki de baz\u0131 sorular\u0131n cevaplar\u0131 &#8220;bir \u00e7ocuk&#8221;ta sakl\u0131yd\u0131&#8230;<\/p>\n","protected":false},"excerpt":{"rendered":"<p>Bir anahtar&#8230; Neden var olabilirdi? Bir kilidi a\u00e7mak i\u00e7in mi? Hangi kilidi peki? Bu d\u00fcnyada ba\u015f\u0131bo\u015f kalm\u0131\u015f bir anahtar\u0131n hangi kilide ait oldu\u011funu kim bilebilirdi? D\u00fcnya<span class=\"excerpt-hellip\"> [\u2026]<\/span><\/p>\n","protected":false},"featured_media":0,"template":"","meta":{"_monsterinsights_skip_tracking":false,"_monsterinsights_sitenote_active":false,"_monsterinsights_sitenote_note":"","_monsterinsights_sitenote_category":0},"product_brand":[],"product_cat":[12274,12523],"product_tag":[],"class_list":{"0":"post-765086","1":"product","2":"type-product","3":"status-publish","5":"product_cat-cocuk-ve-genclik-kitaplari","6":"product_cat-masallar","7":"pa_cilt-ciltsiz","8":"pa_tur-kitap","9":"pa_yayinevi-cinaralti-yayinlari","10":"pa_yazar-seda-bayrak-durgut","12":"first","13":"instock","14":"sale","15":"shipping-taxable","16":"purchasable","17":"product-type-simple"},"_links":{"self":[{"href":"https:\/\/roveyayinevi.com.tr\/index.php\/wp-json\/wp\/v2\/product\/765086","targetHints":{"allow":["GET"]}}],"collection":[{"href":"https:\/\/roveyayinevi.com.tr\/index.php\/wp-json\/wp\/v2\/product"}],"about":[{"href":"https:\/\/roveyayinevi.com.tr\/index.php\/wp-json\/wp\/v2\/types\/product"}],"wp:attachment":[{"href":"https:\/\/roveyayinevi.com.tr\/index.php\/wp-json\/wp\/v2\/media?parent=765086"}],"wp:term":[{"taxonomy":"product_brand","embeddable":true,"href":"https:\/\/roveyayinevi.com.tr\/index.php\/wp-json\/wp\/v2\/product_brand?post=765086"},{"taxonomy":"product_cat","embeddable":true,"href":"https:\/\/roveyayinevi.com.tr\/index.php\/wp-json\/wp\/v2\/product_cat?post=765086"},{"taxonomy":"product_tag","embeddable":true,"href":"https:\/\/roveyayinevi.com.tr\/index.php\/wp-json\/wp\/v2\/product_tag?post=765086"}],"curies":[{"name":"wp","href":"https:\/\/api.w.org\/{rel}","templated":true}]}}