{"id":765081,"date":"2025-08-28T11:31:29","date_gmt":"2025-08-28T08:31:29","guid":{"rendered":"https:\/\/roveyayinevi.com.tr\/index.php\/urun\/arzu-kiz\/"},"modified":"2026-04-15T03:30:53","modified_gmt":"2026-04-15T00:30:53","slug":"arzu-kiz","status":"publish","type":"product","link":"https:\/\/roveyayinevi.com.tr\/index.php\/urun\/arzu-kiz\/","title":{"rendered":"Arzu K\u0131z"},"content":{"rendered":"<p>Arzu K\u0131z, hedefi olan birisi. Ancak kaderin ona sundu\u011fu hayat, b\u00fct\u00fcn olumsuzluklar\u0131 \u00f6n\u00fcne sermi\u015f. Baba ve anne \u00e7al\u0131\u015famaz durumdalar ve ayn\u0131 zamanda tekerlekli sandalyeye mahk\u00fbmlar. Hep ba\u015fkalar\u0131n\u0131n yard\u0131m\u0131na muhta\u00e7 ya\u015famak durumundalar. Arzu K\u0131z ise y\u0131lmadan hayallerinin pe\u015finden ko\u015fmaya devam ediyor. \u201cBen okuyup \u00f6\u011fretmen olaca\u011f\u0131m!\u201d diyor. Bu hik\u00e2yeyi okuyunca siz de Arzu K\u0131z\u2019\u0131n sabr\u0131ndan ve gayretinden ald\u0131\u011f\u0131n\u0131z ilhamla hedeflerinizi ger\u00e7ekle\u015ftirme yolunda b\u00fct\u00fcn engelleri a\u015fma g\u00fcc\u00fcn\u00fc kendinizde bulacaks\u0131n\u0131z.<\/p>\n","protected":false},"excerpt":{"rendered":"<p>Arzu K\u0131z, hedefi olan birisi. Ancak kaderin ona sundu\u011fu hayat, b\u00fct\u00fcn olumsuzluklar\u0131 \u00f6n\u00fcne sermi\u015f. Baba ve anne \u00e7al\u0131\u015famaz durumdalar ve ayn\u0131 zamanda tekerlekli sandalyeye mahk\u00fbmlar. Hep<span class=\"excerpt-hellip\"> [\u2026]<\/span><\/p>\n","protected":false},"featured_media":0,"template":"","meta":{"_monsterinsights_skip_tracking":false,"_monsterinsights_sitenote_active":false,"_monsterinsights_sitenote_note":"","_monsterinsights_sitenote_category":0},"product_brand":[],"product_cat":[12274,12284],"product_tag":[],"class_list":{"0":"post-765081","1":"product","2":"type-product","3":"status-publish","5":"product_cat-cocuk-ve-genclik-kitaplari","6":"product_cat-hikayeler","7":"pa_cilt-ciltsiz","8":"pa_tur-kitap","9":"pa_yayinevi-cinaralti-yayinlari","10":"pa_yazar-hasan-kallimci","12":"first","13":"instock","14":"sale","15":"shipping-taxable","16":"purchasable","17":"product-type-simple"},"_links":{"self":[{"href":"https:\/\/roveyayinevi.com.tr\/index.php\/wp-json\/wp\/v2\/product\/765081","targetHints":{"allow":["GET"]}}],"collection":[{"href":"https:\/\/roveyayinevi.com.tr\/index.php\/wp-json\/wp\/v2\/product"}],"about":[{"href":"https:\/\/roveyayinevi.com.tr\/index.php\/wp-json\/wp\/v2\/types\/product"}],"wp:attachment":[{"href":"https:\/\/roveyayinevi.com.tr\/index.php\/wp-json\/wp\/v2\/media?parent=765081"}],"wp:term":[{"taxonomy":"product_brand","embeddable":true,"href":"https:\/\/roveyayinevi.com.tr\/index.php\/wp-json\/wp\/v2\/product_brand?post=765081"},{"taxonomy":"product_cat","embeddable":true,"href":"https:\/\/roveyayinevi.com.tr\/index.php\/wp-json\/wp\/v2\/product_cat?post=765081"},{"taxonomy":"product_tag","embeddable":true,"href":"https:\/\/roveyayinevi.com.tr\/index.php\/wp-json\/wp\/v2\/product_tag?post=765081"}],"curies":[{"name":"wp","href":"https:\/\/api.w.org\/{rel}","templated":true}]}}