{"id":765080,"date":"2025-08-28T11:31:28","date_gmt":"2025-08-28T08:31:28","guid":{"rendered":"https:\/\/roveyayinevi.com.tr\/index.php\/urun\/mogollar\/"},"modified":"2026-04-15T03:30:53","modified_gmt":"2026-04-15T00:30:53","slug":"mogollar","status":"publish","type":"product","link":"https:\/\/roveyayinevi.com.tr\/index.php\/urun\/mogollar\/","title":{"rendered":"Mo\u011follar"},"content":{"rendered":"<p>\u201cHer \u015feyin kendilerine verildi\u011fini, d\u00fcnyan\u0131n hakiki efendilerinin onlar oldu\u011funu, Tanr\u0131\u2019n\u0131n d\u00fcnyay\u0131 yaln\u0131zca onlar i\u00e7in h\u00fckmetmeleri ve zevk almalar\u0131 i\u00e7in yaratt\u0131\u011f\u0131n\u0131 s\u00f6ylerler. Yine derler ki, g\u00f6kteki ku\u015flar insanlara, Tatarlar\u0131n d\u00fcnyan\u0131n efendisi oldu\u011funu, t\u00fcm d\u00fcnyan\u0131n kendilerine hara\u00e7 \u00f6demesi ve vergi vermesi gerekti\u011fini haber u\u00e7urmu\u015ftur. Yine derler ki g\u00f6kte u\u00e7an ku\u015flar, bozk\u0131rdaki hayvanlar yaln\u0131zca imparatorlar\u0131n\u0131n inayetiyle ya\u015fay\u0131p yiyip i\u00e7ebilmektedir. G\u00fcnlerden bir g\u00fcn bir Frans\u0131z Tatarlar\u0131n ulu imparatoru ve prensinin huzuruna \u00e7\u0131kt\u0131\u011f\u0131nda prens ona sorar: Bana ne getirdin? Frans\u0131z cevap verir: Hi\u00e7bir \u015fey getirmedim zira sizin y\u00fcceli\u011finize ne yara\u015f\u0131r bilmiyordum, der. Prens tekrar sorar: \u00dclkemize gelirken g\u00f6kte u\u00e7an ku\u015flar hi\u00e7 bahsetmedi mi kudretimizden? Frans\u0131z cevaplar: Bahsetmi\u015flerdir belki de ha\u015fmetlim, lakin ben onlar\u0131n dilinden anlamam. \u0130mparator bu cevaptan ho\u015fnut olur ve yumu\u015far.\u201d                                                                                  Ricoldus de Monte Crucis, Do\u011fu Seyahatnamesi       Mo\u011follar: Tarih, K\u00fclt\u00fcr, Folklor ad\u0131yla sizlere sundu\u011fumuz bu eser, birbirini takip eden \u00fc\u00e7 y\u00fczy\u0131lda, \u00fc\u00e7 ara\u015ft\u0131rmac\u0131n\u0131n Mo\u011follar ve Mo\u011fol tarihi hakk\u0131nda \u00fcretti\u011fi bilgi ve yakla\u015f\u0131mlar\u0131 g\u00f6zler \u00f6n\u00fcne serer. 19. y\u00fczy\u0131lda ya\u015fam\u0131\u015f, \u00fcst s\u0131n\u0131fa mensup bir ara\u015ft\u0131rmac\u0131 olan St. John Bayle; 20. y\u00fczy\u0131l\u0131n en \u00f6nemli \u0130ran ve Mo\u011fol tarih\u00e7ilerinden John Andrew Boyle ve 21. y\u00fczy\u0131l\u0131n ilk \u00e7eyre\u011finde vefat eden, d\u00fcnyan\u0131n en \u00f6nemli Mo\u011fol tarih\u00e7ilerinden David O. Morgan\u2019\u0131n dilimize ilk kez \u00e7evrilen makalelerini bir araya getiren bu eser, Cengiz Han d\u00f6neminden \u0130ran merkezli bir devlet kurmu\u015f \u0130lhanl\u0131 Mo\u011follar\u0131n\u0131n son g\u00fcnlerine kadar Mo\u011fol d\u00fcnyas\u0131nda neler olup bitti\u011fini anlat\u0131r. Mo\u011follar\u0131n geleneksel dini rit\u00fcelleri, ilk d\u00fcnya tarihinin yazar\u0131 ve \u0130lhanl\u0131 veziri Re\u015f\u00eed\u00fcddin, B\u00fcy\u00fck \u0130skender ile Yec\u00fcc Mec\u00fcc inan\u00e7lar\u0131 ba\u011flam\u0131nda Mo\u011follar, Mo\u011fol \u0130mparatorlu\u011fu\u2019nun y\u00f6netim bi\u00e7imi ve politikalar\u0131 bu eserde yer alan makalelerin temel konular\u0131d\u0131r. <\/p>\n","protected":false},"excerpt":{"rendered":"<p>\u201cHer \u015feyin kendilerine verildi\u011fini, d\u00fcnyan\u0131n hakiki efendilerinin onlar oldu\u011funu, Tanr\u0131\u2019n\u0131n d\u00fcnyay\u0131 yaln\u0131zca onlar i\u00e7in h\u00fckmetmeleri ve zevk almalar\u0131 i\u00e7in yaratt\u0131\u011f\u0131n\u0131 s\u00f6ylerler. Yine derler ki, g\u00f6kteki ku\u015flar<span class=\"excerpt-hellip\"> [\u2026]<\/span><\/p>\n","protected":false},"featured_media":0,"template":"","meta":{"_monsterinsights_skip_tracking":false,"_monsterinsights_sitenote_active":false,"_monsterinsights_sitenote_note":"","_monsterinsights_sitenote_category":0},"product_brand":[],"product_cat":[12304],"product_tag":[],"class_list":{"0":"post-765080","1":"product","2":"type-product","3":"status-publish","5":"product_cat-tarih","6":"pa_cilt-ciltsiz","7":"pa_tur-kitap","8":"pa_yayinevi-pinhan-yayincilik","9":"pa_yazar-kolektif","11":"first","12":"instock","13":"sale","14":"shipping-taxable","15":"purchasable","16":"product-type-simple"},"_links":{"self":[{"href":"https:\/\/roveyayinevi.com.tr\/index.php\/wp-json\/wp\/v2\/product\/765080","targetHints":{"allow":["GET"]}}],"collection":[{"href":"https:\/\/roveyayinevi.com.tr\/index.php\/wp-json\/wp\/v2\/product"}],"about":[{"href":"https:\/\/roveyayinevi.com.tr\/index.php\/wp-json\/wp\/v2\/types\/product"}],"wp:attachment":[{"href":"https:\/\/roveyayinevi.com.tr\/index.php\/wp-json\/wp\/v2\/media?parent=765080"}],"wp:term":[{"taxonomy":"product_brand","embeddable":true,"href":"https:\/\/roveyayinevi.com.tr\/index.php\/wp-json\/wp\/v2\/product_brand?post=765080"},{"taxonomy":"product_cat","embeddable":true,"href":"https:\/\/roveyayinevi.com.tr\/index.php\/wp-json\/wp\/v2\/product_cat?post=765080"},{"taxonomy":"product_tag","embeddable":true,"href":"https:\/\/roveyayinevi.com.tr\/index.php\/wp-json\/wp\/v2\/product_tag?post=765080"}],"curies":[{"name":"wp","href":"https:\/\/api.w.org\/{rel}","templated":true}]}}