{"id":765077,"date":"2025-08-28T11:31:23","date_gmt":"2025-08-28T08:31:23","guid":{"rendered":"https:\/\/roveyayinevi.com.tr\/index.php\/urun\/diyanet-isleri-baskanligi-kuran-yolu\/"},"modified":"2026-04-15T03:30:53","modified_gmt":"2026-04-15T00:30:53","slug":"diyanet-isleri-baskanligi-kuran-yolu","status":"publish","type":"product","link":"https:\/\/roveyayinevi.com.tr\/index.php\/urun\/diyanet-isleri-baskanligi-kuran-yolu\/","title":{"rendered":"Diyanet \u0130\u015fleri Ba\u015fkanl\u0131\u011f\u0131 Kur&#8217;an Yolu"},"content":{"rendered":"<p>Diyanet \u0130\u015fleri Ba\u015fkanl\u0131\u011f\u0131 taraf\u0131ndan, \u00fclkemizin \u00f6nde gelen ve alanlar\u0131nda uzman d\u00f6rt ismine yazd\u0131r\u0131lan \u201cKur\u2019an Yolu T\u00fcrk\u00e7e Meal Ve Tefsir\u201d isimli \u00e7al\u0131\u015fmas\u0131n\u0131n giri\u015f b\u00f6l\u00fcm\u00fcnde \u015fu ifadeler yer al\u0131r: \u201c\u2026Eserin haz\u0131rlanmas\u0131nda okuyucu kitlesi olarak farkl\u0131 d\u00fczeylerde \u00f6\u011frenim g\u00f6rm\u00fc\u015f insanlar dikkate al\u0131nmaya \u00e7al\u0131\u015f\u0131ld\u0131\u2026\u201d (C:1, S:11) \u201c\u2026\u00d6ns\u00f6zde de belirtti\u011fimiz gibi okuyucu olarak hedef kitlemiz din \u00fczerine uzmanl\u0131k d\u00fczeyinde ara\u015ft\u0131rma yapan ilim adamlar\u0131 de\u011fildir. Bu tefsir, \u00f6ncelikle Kur\u2019an\u2019\u0131 do\u011fru anlamak ve hayat\u0131nda rehber edinmek isteyen, farkl\u0131 d\u00fczeylerde de olsa k\u00fclt\u00fcrel birikimi olan insanlar\u0131n ihtiya\u00e7 ve beklentileri dikkate al\u0131narak haz\u0131rlanm\u0131\u015ft\u0131r\u2026\u201d (C:1, S:48) \u201c\u2026Bu vesileyle tespit, g\u00f6r\u00fc\u015f ve \u00f6nerilerini ileten sayg\u0131de\u011fer okuyucular\u0131m\u0131za i\u00e7tenlikle te\u015fekk\u00fcr ediyoruz\u2026\u201d (C:1, S:12) \u201c\u2026De\u011ferli okuyucular\u0131m\u0131z\u0131n, kusurlar\u0131n d\u00fczeltilmesi y\u00f6n\u00fcnde getirecekleri tenkit ve \u00f6nerilere a\u00e7\u0131k oldu\u011fumuzu belirtiyor\u2026\u201d (C:1, S:12) Ben de hem hedef kitle i\u00e7inde yer ald\u0131\u011f\u0131m hem de tespit, g\u00f6r\u00fc\u015f, \u00f6neri ve tenkitlere a\u00e7\u0131k olundu\u011funun hatta bundan memnuniyet duyulaca\u011f\u0131n\u0131n beyan\u0131 y\u00f6n\u00fcndeki bu ifadelerden cesaret alarak bu \u00e7al\u0131\u015fmam\u0131 yapt\u0131m. Yazarlar\u0131n bu ifadelerinin; \u201cSen bir tefsir kitab\u0131n\u0131 de\u011ferlendirecek ve ele\u015ftirecek seviyede bir e\u011fitim, ehliyet, tecr\u00fcbe, \u00fcnvan ve donan\u0131ma sahip misin ki b\u00f6yle iddial\u0131 bir kitap yazd\u0131n?\u201d sorusuna cevap olarak yeterli oldu\u011funu d\u00fc\u015f\u00fcnmekle birlikte, kitab\u0131m\u0131n giri\u015f b\u00f6l\u00fcm\u00fcnde bu soruya ayr\u0131ca cevap verdim. D\u00fc\u015f\u00fcnen bir M\u00fcsl\u00fcman\u0131n, bir meal-tefsir okudu\u011funda tam anlayamad\u0131\u011f\u0131, arad\u0131\u011f\u0131 a\u00e7\u0131klamay\u0131 bulamad\u0131\u011f\u0131, a\u00e7\u0131klamay\u0131 (tefsiri) yetersiz g\u00f6rd\u00fc\u011f\u00fc, belki eserin ba\u015fka yerinde ayn\u0131 konuyu i\u015fleyen ba\u015fka bir ayetin a\u00e7\u0131klamas\u0131 ile \u00e7eli\u015fiyor gibi g\u00f6z\u00fcken hususlar\u0131 dile getirdi\u011fi bir \u00e7al\u0131\u015fmad\u0131r bu kitap daha \u00e7ok&#8230; Pek \u00e7ok maddede de be\u011fendi\u011fim, \u00e7a\u011f\u0131m\u0131z ihtiya\u00e7lar\u0131na cevap verir ve \u00e7\u00f6z\u00fcm \u00fcretir g\u00f6rd\u00fc\u011f\u00fcm, tatmin edici ve isabetli buldu\u011fum yorumlar\u0131 dile getirdim. Onlara da ba\u015fl\u0131k a\u00e7t\u0131m. Ve elbette ki bunca y\u0131l teoloji alan\u0131nda \u00e7al\u0131\u015f\u0131p ara\u015ft\u0131rmalar yapan, tart\u0131\u015fmalarda yer alan, kitaplar yazan, bir bilgi bagaj\u0131 olan ve tart\u0131\u015fmalarda taraf olan birisi olarak isabetsiz g\u00f6rd\u00fc\u011f\u00fcm yorumlar\u0131 da gerek\u00e7eleri ile beraber izah etmeye \u00e7al\u0131\u015ft\u0131m. Ele\u015ftiri getirdi\u011fim hususlar\u0131n daha \u00e7ok, -ayetlerin tefsirinden ziyade- yorumlar\u0131n sat\u0131r aralar\u0131ndaki ifadelere oldu\u011fu kitap okunduk\u00e7a g\u00f6r\u00fclecektir. <\/p>\n","protected":false},"excerpt":{"rendered":"<p>Diyanet \u0130\u015fleri Ba\u015fkanl\u0131\u011f\u0131 taraf\u0131ndan, \u00fclkemizin \u00f6nde gelen ve alanlar\u0131nda uzman d\u00f6rt ismine yazd\u0131r\u0131lan \u201cKur\u2019an Yolu T\u00fcrk\u00e7e Meal Ve Tefsir\u201d isimli \u00e7al\u0131\u015fmas\u0131n\u0131n giri\u015f b\u00f6l\u00fcm\u00fcnde \u015fu ifadeler yer<span class=\"excerpt-hellip\"> [\u2026]<\/span><\/p>\n","protected":false},"featured_media":0,"template":"","meta":{"_monsterinsights_skip_tracking":false,"_monsterinsights_sitenote_active":false,"_monsterinsights_sitenote_note":"","_monsterinsights_sitenote_category":0},"product_brand":[],"product_cat":[13036,12718,12719],"product_tag":[],"class_list":{"0":"post-765077","1":"product","2":"type-product","3":"status-publish","5":"product_cat-arastirma-inceleme-islam","6":"product_cat-din","7":"product_cat-islam","8":"pa_cilt-ciltsiz","9":"pa_tur-kitap","10":"pa_yayinevi-gulnar-yayinlari","11":"pa_yazar-metin-sevil","13":"first","14":"instock","15":"sale","16":"shipping-taxable","17":"purchasable","18":"product-type-simple"},"_links":{"self":[{"href":"https:\/\/roveyayinevi.com.tr\/index.php\/wp-json\/wp\/v2\/product\/765077","targetHints":{"allow":["GET"]}}],"collection":[{"href":"https:\/\/roveyayinevi.com.tr\/index.php\/wp-json\/wp\/v2\/product"}],"about":[{"href":"https:\/\/roveyayinevi.com.tr\/index.php\/wp-json\/wp\/v2\/types\/product"}],"wp:attachment":[{"href":"https:\/\/roveyayinevi.com.tr\/index.php\/wp-json\/wp\/v2\/media?parent=765077"}],"wp:term":[{"taxonomy":"product_brand","embeddable":true,"href":"https:\/\/roveyayinevi.com.tr\/index.php\/wp-json\/wp\/v2\/product_brand?post=765077"},{"taxonomy":"product_cat","embeddable":true,"href":"https:\/\/roveyayinevi.com.tr\/index.php\/wp-json\/wp\/v2\/product_cat?post=765077"},{"taxonomy":"product_tag","embeddable":true,"href":"https:\/\/roveyayinevi.com.tr\/index.php\/wp-json\/wp\/v2\/product_tag?post=765077"}],"curies":[{"name":"wp","href":"https:\/\/api.w.org\/{rel}","templated":true}]}}