{"id":765072,"date":"2025-08-28T11:31:13","date_gmt":"2025-08-28T08:31:13","guid":{"rendered":"https:\/\/roveyayinevi.com.tr\/index.php\/urun\/sen-mucizesin\/"},"modified":"2026-04-15T03:30:53","modified_gmt":"2026-04-15T00:30:53","slug":"sen-mucizesin","status":"publish","type":"product","link":"https:\/\/roveyayinevi.com.tr\/index.php\/urun\/sen-mucizesin\/","title":{"rendered":"Sen Mucizesin"},"content":{"rendered":"<p>\u015eair, 20 A\u011fustos 1988 Ankara do\u011fumludur. \u00c7ank\u0131r\u0131l\u0131 bir memurun be\u015finci \u00e7ocu\u011fudur. Ankara Alt\u0131nda\u011f\u2019da ilk, orta ve lise tahsilinden sonra; Beypazar\u0131\u2019nda Gazi \u00dcniversitesi Tak\u0131 Tasar\u0131m B\u00f6l\u00fcm\u00fc\u2019nde okudu.   \u00dcniversite y\u0131llar\u0131nda ge\u00e7irdi\u011fi bir hastal\u0131kla %45 engelli tan\u0131s\u0131 ta\u015f\u0131yan \u015fairimiz, \u015fiire \u00e7ocuk ya\u015flarda ilgi duydu. \u0130lk \u015fiirini 1999 da 17 A\u011fustos depremi i\u00e7in yazd\u0131. O g\u00fcnden bug\u00fcne \u015fiir yazan ve yazmaya devam eden \u015fairin zevkleri aras\u0131nda mandala sanat\u0131 da yer almaktad\u0131r.   \u015eiirlerinde, ilk pl\u00e2nda tel\u00e2ffuz edilen; ifadeyi g\u00fc\u00e7lendirmek i\u00e7in olumlu ve olumsuz kelimeleri bir arada kullanmaya, se\u00e7ti\u011fi kelimeye, duygu yo\u011funlu\u011funa ve i\u00e7sel \u00e7\u0131\u011fl\u0131klara \u00f6nem verdi\u011fi g\u00f6r\u00fcl\u00fcr. Genelde ac\u0131, a\u015fk, \u00f6zlem ve yaln\u0131zl\u0131k temalar\u0131na yer vererek i\u00e7indeki ya\u015fama dair anlam\u0131 sergilemek istemi\u015ftir. <\/p>\n","protected":false},"excerpt":{"rendered":"<p>\u015eair, 20 A\u011fustos 1988 Ankara do\u011fumludur. \u00c7ank\u0131r\u0131l\u0131 bir memurun be\u015finci \u00e7ocu\u011fudur. Ankara Alt\u0131nda\u011f\u2019da ilk, orta ve lise tahsilinden sonra; Beypazar\u0131\u2019nda Gazi \u00dcniversitesi Tak\u0131 Tasar\u0131m B\u00f6l\u00fcm\u00fc\u2019nde okudu.<span class=\"excerpt-hellip\"> [\u2026]<\/span><\/p>\n","protected":false},"featured_media":0,"template":"","meta":{"_monsterinsights_skip_tracking":false,"_monsterinsights_sitenote_active":false,"_monsterinsights_sitenote_note":"","_monsterinsights_sitenote_category":0},"product_brand":[],"product_cat":[12291,12509],"product_tag":[],"class_list":{"0":"post-765072","1":"product","2":"type-product","3":"status-publish","5":"product_cat-edebiyat","6":"product_cat-siir","7":"pa_cilt-ciltsiz","8":"pa_tur-kitap","9":"pa_yayinevi-nitelik-kitap","10":"pa_yazar-hamide-yilmazoglu","12":"first","13":"instock","14":"sale","15":"shipping-taxable","16":"purchasable","17":"product-type-simple"},"_links":{"self":[{"href":"https:\/\/roveyayinevi.com.tr\/index.php\/wp-json\/wp\/v2\/product\/765072","targetHints":{"allow":["GET"]}}],"collection":[{"href":"https:\/\/roveyayinevi.com.tr\/index.php\/wp-json\/wp\/v2\/product"}],"about":[{"href":"https:\/\/roveyayinevi.com.tr\/index.php\/wp-json\/wp\/v2\/types\/product"}],"wp:attachment":[{"href":"https:\/\/roveyayinevi.com.tr\/index.php\/wp-json\/wp\/v2\/media?parent=765072"}],"wp:term":[{"taxonomy":"product_brand","embeddable":true,"href":"https:\/\/roveyayinevi.com.tr\/index.php\/wp-json\/wp\/v2\/product_brand?post=765072"},{"taxonomy":"product_cat","embeddable":true,"href":"https:\/\/roveyayinevi.com.tr\/index.php\/wp-json\/wp\/v2\/product_cat?post=765072"},{"taxonomy":"product_tag","embeddable":true,"href":"https:\/\/roveyayinevi.com.tr\/index.php\/wp-json\/wp\/v2\/product_tag?post=765072"}],"curies":[{"name":"wp","href":"https:\/\/api.w.org\/{rel}","templated":true}]}}