{"id":765070,"date":"2025-08-28T11:31:10","date_gmt":"2025-08-28T08:31:10","guid":{"rendered":"https:\/\/roveyayinevi.com.tr\/index.php\/urun\/aru-shah-ve-olumsuzluk-nektari\/"},"modified":"2026-04-15T03:30:53","modified_gmt":"2026-04-15T00:30:53","slug":"aru-shah-ve-olumsuzluk-nektari","status":"publish","type":"product","link":"https:\/\/roveyayinevi.com.tr\/index.php\/urun\/aru-shah-ve-olumsuzluk-nektari\/","title":{"rendered":"Aru Shah ve \u00d6l\u00fcms\u00fczl\u00fck Nektar\u0131"},"content":{"rendered":"<p>Aru Shah\u2019\u0131n hayat\u0131 tam bir kaos halindeydi. Eski g\u00fcvercin ak\u0131l hocas\u0131 Boo, yanabilen bir ku\u015f yavrusu olarak yeniden do\u011fmu\u015ftu. Ho\u015fland\u0131\u011f\u0131 \u00e7ocuk Aiden onu do\u011fum g\u00fcn\u00fcnde \u00f6pm\u00fc\u015ft\u00fc ama nedense art\u0131k Aru\u2019nun y\u00fcz\u00fcne bile bakm\u0131yordu. Ve ger\u00e7ek hayattaki \u00fcvey k\u0131z karde\u015fi Kara, Uyuyan\u2019la g\u00fc\u00e7lerini birle\u015ftirerek Pandavalara ihanet etmi\u015f, onlar\u0131n tanr\u0131sal silahlar\u0131n\u0131 yok etmi\u015fti.   Aru, Uyuyan ve ordusunun \u00f6l\u00fcms\u00fczl\u00fck nektar\u0131na ula\u015fmak i\u00e7in labirentte ilerledi\u011fini biliyordu. G\u00fcne\u015f tanr\u0131s\u0131n\u0131n ruh k\u0131z\u0131 Kara, yolu ayd\u0131nlatabilecek tek ki\u015fiydi. Pandavalar\u0131n, Uyuyan\u2019\u0131n sonsuz g\u00fcce ula\u015fmas\u0131n\u0131 ve Di\u011ferd\u00fcnya\u2019y\u0131 yok etmesini engellemek i\u00e7in bir sonraki dolunaya kadar zamanlar\u0131 vard\u0131 ancak tanr\u0131sal silahlar\u0131 olmadan labirente giremezlerdi. Yani yine sinsi bir \u00e7\u00f6z\u00fcm bulmalar\u0131 gerekiyordu!   Pandavalar\u0131n \u00e7\u00f6z\u00fcm aray\u0131\u015f\u0131; eski dostlar, yeni m\u00fcttefikler ve korkun\u00e7 s\u0131navlarla kar\u015f\u0131la\u015fmalar\u0131na neden olacakt\u0131. O an nihayet geldi\u011finde birinin, \u00f6l\u00fcms\u00fczl\u00fc\u011f\u00fc kimin hak etti\u011fine karar vermesi gerekecekti. Ve en beklenmedik cevap, en beklenmedik yerden gelecekti.   Bir lamban\u0131n yak\u0131lmas\u0131yla ba\u015flayan \u00e7\u0131lg\u0131n yolculu\u011fun bu tatmin edici son ser\u00fcveninde pek \u00e7ok s\u00fcrpriz ve sevin\u00e7 sizi bekliyor. <\/p>\n","protected":false},"excerpt":{"rendered":"<p>Aru Shah\u2019\u0131n hayat\u0131 tam bir kaos halindeydi. Eski g\u00fcvercin ak\u0131l hocas\u0131 Boo, yanabilen bir ku\u015f yavrusu olarak yeniden do\u011fmu\u015ftu. Ho\u015fland\u0131\u011f\u0131 \u00e7ocuk Aiden onu do\u011fum g\u00fcn\u00fcnde \u00f6pm\u00fc\u015ft\u00fc<span class=\"excerpt-hellip\"> [\u2026]<\/span><\/p>\n","protected":false},"featured_media":0,"template":"","meta":{"_monsterinsights_skip_tracking":false,"_monsterinsights_sitenote_active":false,"_monsterinsights_sitenote_note":"","_monsterinsights_sitenote_category":0},"product_brand":[],"product_cat":[12274,12284],"product_tag":[],"class_list":{"0":"post-765070","1":"product","2":"type-product","3":"status-publish","5":"product_cat-cocuk-ve-genclik-kitaplari","6":"product_cat-hikayeler","7":"pa_cilt-ciltsiz","8":"pa_tur-kitap","9":"pa_yayinevi-ithaki-yayinlari","10":"pa_yazar-roshani-chokshi","12":"first","13":"instock","14":"sale","15":"shipping-taxable","16":"purchasable","17":"product-type-simple"},"_links":{"self":[{"href":"https:\/\/roveyayinevi.com.tr\/index.php\/wp-json\/wp\/v2\/product\/765070","targetHints":{"allow":["GET"]}}],"collection":[{"href":"https:\/\/roveyayinevi.com.tr\/index.php\/wp-json\/wp\/v2\/product"}],"about":[{"href":"https:\/\/roveyayinevi.com.tr\/index.php\/wp-json\/wp\/v2\/types\/product"}],"wp:attachment":[{"href":"https:\/\/roveyayinevi.com.tr\/index.php\/wp-json\/wp\/v2\/media?parent=765070"}],"wp:term":[{"taxonomy":"product_brand","embeddable":true,"href":"https:\/\/roveyayinevi.com.tr\/index.php\/wp-json\/wp\/v2\/product_brand?post=765070"},{"taxonomy":"product_cat","embeddable":true,"href":"https:\/\/roveyayinevi.com.tr\/index.php\/wp-json\/wp\/v2\/product_cat?post=765070"},{"taxonomy":"product_tag","embeddable":true,"href":"https:\/\/roveyayinevi.com.tr\/index.php\/wp-json\/wp\/v2\/product_tag?post=765070"}],"curies":[{"name":"wp","href":"https:\/\/api.w.org\/{rel}","templated":true}]}}