{"id":765068,"date":"2025-08-28T11:31:06","date_gmt":"2025-08-28T08:31:06","guid":{"rendered":"https:\/\/roveyayinevi.com.tr\/index.php\/urun\/karantina-gunlukleri\/"},"modified":"2026-04-15T03:30:53","modified_gmt":"2026-04-15T00:30:53","slug":"karantina-gunlukleri","status":"publish","type":"product","link":"https:\/\/roveyayinevi.com.tr\/index.php\/urun\/karantina-gunlukleri\/","title":{"rendered":"Karantina G\u00fcnl\u00fckleri"},"content":{"rendered":"<p>B\u00f6yle g\u00fcnler insanl\u0131k s\u0131nav\u0131n\u0131n verildi\u011fi g\u00fcnlerdir. Bilime ve akla en \u00e7ok gereksinim duydu\u011fumuz g\u00fcnlerdir. B\u00f6yle g\u00fcnler; kimin niyetinin ne oldu\u011funun s\u0131nand\u0131\u011f\u0131 g\u00fcnlerdir&#8230; B\u00f6yle g\u00fcnler, cehaletin, yobazl\u0131\u011f\u0131n para h\u0131rs\u0131yla, k\u00f6r inan\u00e7larla ka\u00e7\u0131p kurtulamayaca\u011f\u0131 g\u00fcnlerdir. &#8220;B\u00fcy\u00fck \u0130nsanl\u0131k&#8221; bu karantina g\u00fcnlerini de a\u015facak&#8230; Biz biliriz ki ya\u015famak direnmektir. \u0130nsanl\u0131k direnerek bu s\u00f6m\u00fcr\u00fc vir\u00fcs\u00fcn\u00fc de bir g\u00fcn mutlaka yenecek&#8230; <\/p>\n","protected":false},"excerpt":{"rendered":"<p>B\u00f6yle g\u00fcnler insanl\u0131k s\u0131nav\u0131n\u0131n verildi\u011fi g\u00fcnlerdir. Bilime ve akla en \u00e7ok gereksinim duydu\u011fumuz g\u00fcnlerdir. B\u00f6yle g\u00fcnler; kimin niyetinin ne oldu\u011funun s\u0131nand\u0131\u011f\u0131 g\u00fcnlerdir&#8230; B\u00f6yle g\u00fcnler, cehaletin, yobazl\u0131\u011f\u0131n<span class=\"excerpt-hellip\"> [\u2026]<\/span><\/p>\n","protected":false},"featured_media":0,"template":"","meta":{"_monsterinsights_skip_tracking":false,"_monsterinsights_sitenote_active":false,"_monsterinsights_sitenote_note":"","_monsterinsights_sitenote_category":0},"product_brand":[],"product_cat":[12777,12291],"product_tag":[],"class_list":{"0":"post-765068","1":"product","2":"type-product","3":"status-publish","5":"product_cat-deneme","6":"product_cat-edebiyat","7":"pa_cilt-ciltsiz","8":"pa_tur-kitap","9":"pa_yayinevi-sinirsiz-kitap","10":"pa_yazar-ali-ihsan-gormez","12":"first","13":"instock","14":"sale","15":"shipping-taxable","16":"purchasable","17":"product-type-simple"},"_links":{"self":[{"href":"https:\/\/roveyayinevi.com.tr\/index.php\/wp-json\/wp\/v2\/product\/765068","targetHints":{"allow":["GET"]}}],"collection":[{"href":"https:\/\/roveyayinevi.com.tr\/index.php\/wp-json\/wp\/v2\/product"}],"about":[{"href":"https:\/\/roveyayinevi.com.tr\/index.php\/wp-json\/wp\/v2\/types\/product"}],"wp:attachment":[{"href":"https:\/\/roveyayinevi.com.tr\/index.php\/wp-json\/wp\/v2\/media?parent=765068"}],"wp:term":[{"taxonomy":"product_brand","embeddable":true,"href":"https:\/\/roveyayinevi.com.tr\/index.php\/wp-json\/wp\/v2\/product_brand?post=765068"},{"taxonomy":"product_cat","embeddable":true,"href":"https:\/\/roveyayinevi.com.tr\/index.php\/wp-json\/wp\/v2\/product_cat?post=765068"},{"taxonomy":"product_tag","embeddable":true,"href":"https:\/\/roveyayinevi.com.tr\/index.php\/wp-json\/wp\/v2\/product_tag?post=765068"}],"curies":[{"name":"wp","href":"https:\/\/api.w.org\/{rel}","templated":true}]}}