{"id":765067,"date":"2025-08-28T11:31:04","date_gmt":"2025-08-28T08:31:04","guid":{"rendered":"https:\/\/roveyayinevi.com.tr\/index.php\/urun\/nemrutun-sinegi\/"},"modified":"2026-04-15T03:30:53","modified_gmt":"2026-04-15T00:30:53","slug":"nemrutun-sinegi","status":"publish","type":"product","link":"https:\/\/roveyayinevi.com.tr\/index.php\/urun\/nemrutun-sinegi\/","title":{"rendered":"Nemrut\u2019un Sine\u011fi"},"content":{"rendered":"<p>Ne de olsa her d\u00f6nemde oldu\u011fu gibi \u00e7a\u011f\u0131m\u0131zda da sistemlerin yaratt\u0131\u011f\u0131 paradigmalara biat etme k\u00fclt\u00fcr\u00fc egemen. Yani yanl\u0131\u015f \u00f6\u011frenileni her ko\u015fulda savunmak ve onun do\u011fru oldu\u011funa inanmak. K\u00f6rle\u015fmenin ve ta\u015fla\u015fman\u0131n ba\u015flad\u0131\u011f\u0131 yerde olmak da b\u00f6yle bir \u015feydir. Onun i\u00e7in Nemrut\u2019un Sine\u011fi kitab\u0131 kendi ruhuyla k\u00f6rle\u015fmeye ve ta\u015fla\u015fmaya kar\u015f\u0131 Nemrut\u2019un yan\u0131nda yer almay\u0131 tercih ediyor. Nemrut\u2019un Cennet d\u00fc\u015f\u00fc insan\u0131n yabanc\u0131la\u015fmas\u0131 ile sonu\u00e7lanm\u0131\u015ft\u0131r. Nemrut\u2019a da topal bir sine\u011fe yenilme reva g\u00f6r\u00fclerek cezaland\u0131r\u0131lm\u0131\u015ft\u0131r. Efsane d\u00fc\u015f kurmay\u0131n diyor. Elinizdeki eser d\u00fc\u015flere vurulan bir ne\u015fterdir. <\/p>\n","protected":false},"excerpt":{"rendered":"<p>Ne de olsa her d\u00f6nemde oldu\u011fu gibi \u00e7a\u011f\u0131m\u0131zda da sistemlerin yaratt\u0131\u011f\u0131 paradigmalara biat etme k\u00fclt\u00fcr\u00fc egemen. Yani yanl\u0131\u015f \u00f6\u011frenileni her ko\u015fulda savunmak ve onun do\u011fru oldu\u011funa<span class=\"excerpt-hellip\"> [\u2026]<\/span><\/p>\n","protected":false},"featured_media":0,"template":"","meta":{"_monsterinsights_skip_tracking":false,"_monsterinsights_sitenote_active":false,"_monsterinsights_sitenote_note":"","_monsterinsights_sitenote_category":0},"product_brand":[],"product_cat":[12777,12291],"product_tag":[],"class_list":{"0":"post-765067","1":"product","2":"type-product","3":"status-publish","5":"product_cat-deneme","6":"product_cat-edebiyat","7":"pa_cilt-ciltsiz","8":"pa_tur-kitap","9":"pa_yayinevi-sinirsiz-kitap","10":"pa_yazar-mustafa-gunes","12":"first","13":"instock","14":"sale","15":"shipping-taxable","16":"purchasable","17":"product-type-simple"},"_links":{"self":[{"href":"https:\/\/roveyayinevi.com.tr\/index.php\/wp-json\/wp\/v2\/product\/765067","targetHints":{"allow":["GET"]}}],"collection":[{"href":"https:\/\/roveyayinevi.com.tr\/index.php\/wp-json\/wp\/v2\/product"}],"about":[{"href":"https:\/\/roveyayinevi.com.tr\/index.php\/wp-json\/wp\/v2\/types\/product"}],"wp:attachment":[{"href":"https:\/\/roveyayinevi.com.tr\/index.php\/wp-json\/wp\/v2\/media?parent=765067"}],"wp:term":[{"taxonomy":"product_brand","embeddable":true,"href":"https:\/\/roveyayinevi.com.tr\/index.php\/wp-json\/wp\/v2\/product_brand?post=765067"},{"taxonomy":"product_cat","embeddable":true,"href":"https:\/\/roveyayinevi.com.tr\/index.php\/wp-json\/wp\/v2\/product_cat?post=765067"},{"taxonomy":"product_tag","embeddable":true,"href":"https:\/\/roveyayinevi.com.tr\/index.php\/wp-json\/wp\/v2\/product_tag?post=765067"}],"curies":[{"name":"wp","href":"https:\/\/api.w.org\/{rel}","templated":true}]}}