{"id":765065,"date":"2025-08-28T11:31:00","date_gmt":"2025-08-28T08:31:00","guid":{"rendered":"https:\/\/roveyayinevi.com.tr\/index.php\/urun\/gizemli-hayvanlar-takvimi-fleksi\/"},"modified":"2026-04-15T03:30:53","modified_gmt":"2026-04-15T00:30:53","slug":"gizemli-hayvanlar-takvimi-fleksi","status":"publish","type":"product","link":"https:\/\/roveyayinevi.com.tr\/index.php\/urun\/gizemli-hayvanlar-takvimi-fleksi\/","title":{"rendered":"Gizemli Hayvanlar Takvimi (Fleksi)"},"content":{"rendered":"<p>Atalar\u0131m\u0131z\u0131n atalar\u0131 ve onlar\u0131n da atalar\u0131 her y\u0131la bir hayvan ad\u0131 vermi\u015fler.Kimine pars kimine ejderha kimine y\u0131lk\u0131 at\u0131 demi\u015fler.Bu hayvanlar \u00f6yle gizemli \u00f6zelliklere sahiplermi\u015f ki tarihe ge\u00e7mi\u015fler, dillere d\u00fc\u015fm\u00fc\u015fler.\u0130\u015fte bu kitab\u0131n i\u00e7erisinde de sizleri on iki hayvan ve onlarla say\u0131s\u0131z macera bekliyor.Bakal\u0131m sen hangi hayvan y\u0131l\u0131nda do\u011fmu\u015fsun ve o y\u0131l neler olmu\u015f!<\/p>\n","protected":false},"excerpt":{"rendered":"<p>Atalar\u0131m\u0131z\u0131n atalar\u0131 ve onlar\u0131n da atalar\u0131 her y\u0131la bir hayvan ad\u0131 vermi\u015fler.Kimine pars kimine ejderha kimine y\u0131lk\u0131 at\u0131 demi\u015fler.Bu hayvanlar \u00f6yle gizemli \u00f6zelliklere sahiplermi\u015f ki tarihe<span class=\"excerpt-hellip\"> [\u2026]<\/span><\/p>\n","protected":false},"featured_media":0,"template":"","meta":{"_monsterinsights_skip_tracking":false,"_monsterinsights_sitenote_active":false,"_monsterinsights_sitenote_note":"","_monsterinsights_sitenote_category":0},"product_brand":[],"product_cat":[12274,12284],"product_tag":[],"class_list":{"0":"post-765065","1":"product","2":"type-product","3":"status-publish","5":"product_cat-cocuk-ve-genclik-kitaplari","6":"product_cat-hikayeler","7":"pa_cilt-ciltsiz","8":"pa_tur-kitap","9":"pa_yayinevi-otuken-nesriyat","10":"pa_yazar-gulsen-unuvar","12":"first","13":"instock","14":"sale","15":"shipping-taxable","16":"purchasable","17":"product-type-simple"},"_links":{"self":[{"href":"https:\/\/roveyayinevi.com.tr\/index.php\/wp-json\/wp\/v2\/product\/765065","targetHints":{"allow":["GET"]}}],"collection":[{"href":"https:\/\/roveyayinevi.com.tr\/index.php\/wp-json\/wp\/v2\/product"}],"about":[{"href":"https:\/\/roveyayinevi.com.tr\/index.php\/wp-json\/wp\/v2\/types\/product"}],"wp:attachment":[{"href":"https:\/\/roveyayinevi.com.tr\/index.php\/wp-json\/wp\/v2\/media?parent=765065"}],"wp:term":[{"taxonomy":"product_brand","embeddable":true,"href":"https:\/\/roveyayinevi.com.tr\/index.php\/wp-json\/wp\/v2\/product_brand?post=765065"},{"taxonomy":"product_cat","embeddable":true,"href":"https:\/\/roveyayinevi.com.tr\/index.php\/wp-json\/wp\/v2\/product_cat?post=765065"},{"taxonomy":"product_tag","embeddable":true,"href":"https:\/\/roveyayinevi.com.tr\/index.php\/wp-json\/wp\/v2\/product_tag?post=765065"}],"curies":[{"name":"wp","href":"https:\/\/api.w.org\/{rel}","templated":true}]}}