{"id":765064,"date":"2025-08-28T11:30:59","date_gmt":"2025-08-28T08:30:59","guid":{"rendered":"https:\/\/roveyayinevi.com.tr\/index.php\/urun\/gelecegi-eskitmek-akp-ve-turkiye\/"},"modified":"2026-04-15T03:30:53","modified_gmt":"2026-04-15T00:30:53","slug":"gelecegi-eskitmek-akp-ve-turkiye","status":"publish","type":"product","link":"https:\/\/roveyayinevi.com.tr\/index.php\/urun\/gelecegi-eskitmek-akp-ve-turkiye\/","title":{"rendered":"Gelece\u011fi Eskitmek AKP ve T\u00fcrkiye"},"content":{"rendered":"<p>Ahmet \u00c7i\u011fdem, bu kitapta AKP iktidar\u0131 ve AKP devri T\u00fcrkiyesi \u00fczerine bir a\u00e7\u0131klama ve tart\u0131\u015fma \u00e7er\u00e7evesi sunuyor. \u201cAKP iktidar\u0131n\u0131 yaratan \u015fartlar\u0131n sosyolojisi, AKP taraf\u0131ndan kullan\u0131lan siyas\u00ee ve k\u00fclt\u00fcrel ara\u00e7larca bu iktidar\u0131n s\u00fcreklili\u011fini de sa\u011flayacak bir \u015fekilde korunmakta\u201d \u00c7i\u011fdem\u2019e g\u00f6re; fakat bu s\u00fcreklilik, art\u0131k T\u00fcrkiye\u2019nin gelece\u011fini eskiten, o gelecekteki imk\u00e2n ve ihtim\u00e2lleri karartan bir tutumla \u00f6zde\u015fleyen bir sevk ve idareyi zorunlu k\u0131lmaktad\u0131r. AKP ve Erdo\u011fan\u2019\u0131, T\u00fcrkiye\u2019nin kendilerinin ba\u015flatt\u0131\u011f\u0131 bir d\u00f6n\u00fc\u015f\u00fcme hapsedilmesi ba\u011flam\u0131nda tart\u0131\u015fmay\u0131 \u00f6neren kitap, Gezi Protestosu ve Cemaat olgular\u0131na da bakarak T\u00fcrkiye toplumunun ya\u015fad\u0131\u011f\u0131 son 20 y\u0131l\u0131n tarihsel-sosyolojik manzaras\u0131n\u0131 resmediyor.   Nas\u0131l bir T\u00fcrkiye\u2019ye evrilece\u011fimiz tart\u0131\u015fmas\u0131n\u0131n yak\u0131n ge\u00e7mi\u015fteki \u00f6nemli ipu\u00e7lar\u0131na dair katk\u0131lar sunan kitap, \u015fikayette ortakl\u0131ktan daha fazla bir siyas\u00ee y\u00f6nelim i\u00e7in de teorik bir giri\u015fim denemesi olarak belirginle\u015fmekte. <\/p>\n","protected":false},"excerpt":{"rendered":"<p>Ahmet \u00c7i\u011fdem, bu kitapta AKP iktidar\u0131 ve AKP devri T\u00fcrkiyesi \u00fczerine bir a\u00e7\u0131klama ve tart\u0131\u015fma \u00e7er\u00e7evesi sunuyor. \u201cAKP iktidar\u0131n\u0131 yaratan \u015fartlar\u0131n sosyolojisi, AKP taraf\u0131ndan kullan\u0131lan siyas\u00ee<span class=\"excerpt-hellip\"> [\u2026]<\/span><\/p>\n","protected":false},"featured_media":0,"template":"","meta":{"_monsterinsights_skip_tracking":false,"_monsterinsights_sitenote_active":false,"_monsterinsights_sitenote_note":"","_monsterinsights_sitenote_category":0},"product_brand":[],"product_cat":[12351,12324],"product_tag":[],"class_list":{"0":"post-765064","1":"product","2":"type-product","3":"status-publish","5":"product_cat-siyaset-sosyolojisi","6":"product_cat-sosyoloji","7":"pa_cilt-ciltsiz","8":"pa_tur-kitap","9":"pa_yayinevi-vulgus-yayinlari","10":"pa_yazar-ahmet-cigdem","12":"first","13":"instock","14":"sale","15":"shipping-taxable","16":"purchasable","17":"product-type-simple"},"_links":{"self":[{"href":"https:\/\/roveyayinevi.com.tr\/index.php\/wp-json\/wp\/v2\/product\/765064","targetHints":{"allow":["GET"]}}],"collection":[{"href":"https:\/\/roveyayinevi.com.tr\/index.php\/wp-json\/wp\/v2\/product"}],"about":[{"href":"https:\/\/roveyayinevi.com.tr\/index.php\/wp-json\/wp\/v2\/types\/product"}],"wp:attachment":[{"href":"https:\/\/roveyayinevi.com.tr\/index.php\/wp-json\/wp\/v2\/media?parent=765064"}],"wp:term":[{"taxonomy":"product_brand","embeddable":true,"href":"https:\/\/roveyayinevi.com.tr\/index.php\/wp-json\/wp\/v2\/product_brand?post=765064"},{"taxonomy":"product_cat","embeddable":true,"href":"https:\/\/roveyayinevi.com.tr\/index.php\/wp-json\/wp\/v2\/product_cat?post=765064"},{"taxonomy":"product_tag","embeddable":true,"href":"https:\/\/roveyayinevi.com.tr\/index.php\/wp-json\/wp\/v2\/product_tag?post=765064"}],"curies":[{"name":"wp","href":"https:\/\/api.w.org\/{rel}","templated":true}]}}