{"id":765062,"date":"2025-08-28T11:30:54","date_gmt":"2025-08-28T08:30:54","guid":{"rendered":"https:\/\/roveyayinevi.com.tr\/index.php\/urun\/insansiz-tanrilar\/"},"modified":"2026-04-15T03:30:53","modified_gmt":"2026-04-15T00:30:53","slug":"insansiz-tanrilar","status":"publish","type":"product","link":"https:\/\/roveyayinevi.com.tr\/index.php\/urun\/insansiz-tanrilar\/","title":{"rendered":"\u0130nsans\u0131z Tanr\u0131lar"},"content":{"rendered":"<p>Hari Kunzru, teknoloji ve popu\u0308ler ku\u0308ltu\u0308r alanlar\u0131nda gazetecilik yaparak geli\u015ftirdi\u011fi bilgi birikimini, post-kolonyal edebiyat anlay\u0131\u015f\u0131 ve insan haklar\u0131 hassasiyetiyle birle\u015ftirerek siyasi boyutu eksik olmayan modern romanlar yaz\u0131yor. Granta dergisinin 2003\u2019teki en iyi 20 gen\u00e7 Britanyal\u0131 yazar listesinde yer alan Kunzru, zaman\u0131nda kazand\u0131\u011f\u0131 John Llewellyn Rhys \u00d6du\u0308lu\u0308\u2019nu\u0308, sponsor Mail on Sunday\u2019in g\u00f6\u00e7men kar\u015f\u0131t\u0131 haber anlay\u0131\u015f\u0131ndan dolay\u0131 reddetmi\u015fti.   \u00c7\u00f6lde bir rahip, siyanu\u0308rlu\u0308 bir gu\u0308mu\u0308\u015f madeni, gizemli bir yerli dili, bir Amerikan bombard\u0131man u\u00e7a\u011f\u0131, bir UFO ku\u0308ltu\u0308, kafas\u0131 k\u0131yak bir rock y\u0131ld\u0131z\u0131, figu\u0308ranl\u0131k yapan bir Irak g\u00f6\u00e7meni&#8230; Belki de hepsini birbirine ba\u011flayan bir \u201c\u00e7akal\u201d&#8230; New York\u2019ta finans algoritmalar\u0131 yazan, Sih k\u00f6kenli matematik dehas\u0131 Jaz ile yay\u0131nc\u0131 e\u015fi Lisa, d\u00f6rt ya\u015f\u0131ndaki otizmli \u00e7ocuklar\u0131 Raj\u2019\u0131 Mojave \u00c7\u00f6lu\u0308\u2019ne yapt\u0131klar\u0131 gezide kaybederler. Binbir maceradan sonra tekrar bulundu\u011funda Raj de\u011fi\u015fmi\u015f, bamba\u015fka biri olmu\u015ftur&#8230; \u0130yi de kim?   Farkl\u0131 zamanlar\u0131, mek\u00e2nlar\u0131, hik\u00e2yeleri ayn\u0131 prizmada birle\u015ftiren, reng\u00e2renk bir anlat\u0131dan bembeyaz bir \u00e7\u00f6l ayd\u0131nlanmas\u0131 \u00e7\u0131karan tersine bir elmas.   \u201cMichael Cunningham\u2019dan Saatler ve David Mitchell\u2019den Bulut Atlas\u0131&#8230; Bunlara Hari Kunzru\u2019nun g\u00f6z kama\u015ft\u0131r\u0131c\u0131 ve zekice \u0130nsans\u0131z Tanr\u0131lar\u2019\u0131n\u0131 ekleyebiliriz.\u201d \u2014DOUGLAS COUPLAND   \u201cDeLillo ve Pynchon gibilerinin en iyi yap\u0131tlar\u0131yla kar\u015f\u0131la\u015ft\u0131r\u0131lmay\u0131 hak eden bariz bir Amerikan roman\u0131.\u201d \u2014SALON   \u201cBir roman\u0131n \u00e7ok gu\u0308zel yaz\u0131lm\u0131\u015f yank\u0131 odas\u0131.\u201d \u2014DAVID MITCHELL <\/p>\n","protected":false},"excerpt":{"rendered":"<p>Hari Kunzru, teknoloji ve popu\u0308ler ku\u0308ltu\u0308r alanlar\u0131nda gazetecilik yaparak geli\u015ftirdi\u011fi bilgi birikimini, post-kolonyal edebiyat anlay\u0131\u015f\u0131 ve insan haklar\u0131 hassasiyetiyle birle\u015ftirerek siyasi boyutu eksik olmayan modern romanlar<span class=\"excerpt-hellip\"> [\u2026]<\/span><\/p>\n","protected":false},"featured_media":0,"template":"","meta":{"_monsterinsights_skip_tracking":false,"_monsterinsights_sitenote_active":false,"_monsterinsights_sitenote_note":"","_monsterinsights_sitenote_category":0},"product_brand":[],"product_cat":[12291,12711],"product_tag":[],"class_list":{"0":"post-765062","1":"product","2":"type-product","3":"status-publish","5":"product_cat-edebiyat","6":"product_cat-roman-oyku","7":"pa_cilt-ciltsiz","8":"pa_tur-kitap","9":"pa_yayinevi-ithaki-yayinlari","10":"pa_yazar-hari-kunzru","12":"first","13":"instock","14":"sale","15":"shipping-taxable","16":"purchasable","17":"product-type-simple"},"_links":{"self":[{"href":"https:\/\/roveyayinevi.com.tr\/index.php\/wp-json\/wp\/v2\/product\/765062","targetHints":{"allow":["GET"]}}],"collection":[{"href":"https:\/\/roveyayinevi.com.tr\/index.php\/wp-json\/wp\/v2\/product"}],"about":[{"href":"https:\/\/roveyayinevi.com.tr\/index.php\/wp-json\/wp\/v2\/types\/product"}],"wp:attachment":[{"href":"https:\/\/roveyayinevi.com.tr\/index.php\/wp-json\/wp\/v2\/media?parent=765062"}],"wp:term":[{"taxonomy":"product_brand","embeddable":true,"href":"https:\/\/roveyayinevi.com.tr\/index.php\/wp-json\/wp\/v2\/product_brand?post=765062"},{"taxonomy":"product_cat","embeddable":true,"href":"https:\/\/roveyayinevi.com.tr\/index.php\/wp-json\/wp\/v2\/product_cat?post=765062"},{"taxonomy":"product_tag","embeddable":true,"href":"https:\/\/roveyayinevi.com.tr\/index.php\/wp-json\/wp\/v2\/product_tag?post=765062"}],"curies":[{"name":"wp","href":"https:\/\/api.w.org\/{rel}","templated":true}]}}