{"id":765059,"date":"2025-08-28T11:30:50","date_gmt":"2025-08-28T08:30:50","guid":{"rendered":"https:\/\/roveyayinevi.com.tr\/index.php\/urun\/karsi-konulamaz\/"},"modified":"2026-01-22T03:44:33","modified_gmt":"2026-01-22T00:44:33","slug":"karsi-konulamaz","status":"publish","type":"product","link":"https:\/\/roveyayinevi.com.tr\/index.php\/urun\/karsi-konulamaz\/","title":{"rendered":"Kar\u015f\u0131 Konulamaz"},"content":{"rendered":"<p>D\u00fcnyan\u0131n En Dayan\u0131kl\u0131 ve \u00c7al\u0131\u015fan Odakl\u0131 Kurulu\u015flar\u0131n\u0131n Yedi S\u0131rr\u0131 Zaman i\u00e7inde kendini kan\u0131tlam\u0131\u015f bir y\u00f6netim sistemi olan hiyerar\u015fi, y\u00fczy\u0131llard\u0131r g\u00fc\u00e7l\u00fc bir \u015fekilde ayakta kald\u0131. Bu; g\u00fcvenli, cazip ve insan\u0131 yan\u0131ltmayan bir yoldu. Ama teknoloji, k\u00fcreselle\u015fme ve toplumsal fark\u0131ndal\u0131k alanlar\u0131nda, neredeyse \u0131\u015f\u0131k h\u0131z\u0131nda meydana gelen d\u00f6n\u00fc\u015f\u00fcmler sonucunda i\u015f d\u00fcnyas\u0131n\u0131n kurallar\u0131 de\u011fi\u015fti. G\u00fcn\u00fcm\u00fczde, insanlar\u0131n nerede, nas\u0131l, ne zaman \u00e7al\u0131\u015facaklar\u0131n\u0131 ve hatta neden \u00e7al\u0131\u015ft\u0131klar\u0131n\u0131 yeniden d\u00fc\u015f\u00fcnmek gerekiyor. Deneyimli i\u015f analisti Josh Bersin\u2019in yazd\u0131\u011f\u0131 bu kitap; kurumsal tasar\u0131m, liderlik geli\u015fimi ve insan kaynaklar\u0131 hakk\u0131ndaki mevcut yakla\u015f\u0131mlar\u0131 sorguluyor. Bersin, kar\u015f\u0131 konulamaz bir \u015firket yaratmak i\u00e7in yedi y\u00f6netim ilkesi sunuyor.  Bug\u00fcn\u00fcn etkili \u015firketleri, hiyerar\u015fik bir yap\u0131 olarak de\u011fil, tak\u0131mlar a\u011f\u0131 modeliyle i\u015fliyor. Kar\u015f\u0131 konulamaz \u015firketler, insan ruhunun g\u00fcc\u00fcn\u00fc a\u00e7\u0131\u011fa \u00e7\u0131kararak, onlar\u0131 g\u00fc\u00e7lendirerek ve \u00e7al\u0131\u015fan merkezli bir k\u00fclt\u00fcr yaratarak ba\u015far\u0131ya ula\u015f\u0131yorlar. \u0130lham verici oldu\u011fu kadar son derece de pragmatik olan bu kitap; ba\u011fl\u0131l\u0131k, k\u00fclt\u00fcr, \u00fcretkenlik, liderlik ve y\u00f6netim konular\u0131nda yeni bir yol haritas\u0131 \u00f6neriyor. \u201c\u0130nsan merkezli bir i\u015f kurmak isteyen y\u00f6neticilerin, nas\u0131l ve neden sorular\u0131na cevap bulabilmek i\u00e7in mutlaka okumalar\u0131 gereken bir ba\u015flang\u0131\u00e7 kitab\u0131. Kar\u015f\u0131 Konulamaz, vazge\u00e7emeyece\u011finiz bir kitap ve sekt\u00f6r\u00fcn iyilerinden bir \u015feyler \u00f6\u011frenme f\u0131rsat\u0131.\u201d Arianna Huffington, Thrive Global\u2019\u0131n Kurucusu ve CEO\u2019su \u201cBu kitap daha insanc\u0131l i\u015f yerleri yaratmak i\u00e7in bir yol haritas\u0131 niteli\u011finde. Josh Bersin, insanlar\u0131 kurumlar\u0131n kalbi ve ruhu h\u00e2line getirmek i\u00e7in bize son derece a\u00e7\u0131k ve i\u015fe yarar y\u00f6ntemler sunuyor.\u201d Adam Grant, New York Times\u2019\u0131n \u00e7ok satanlar listesinde 1 numara olan Yeniden D\u00fc\u015f\u00fcn kitab\u0131n\u0131n yazar\u0131 ve TED Konferanslar\u0131 WorkLife\u2019\u0131n sunucusu<\/p>\n","protected":false},"excerpt":{"rendered":"<p>D\u00fcnyan\u0131n En Dayan\u0131kl\u0131 ve \u00c7al\u0131\u015fan Odakl\u0131 Kurulu\u015flar\u0131n\u0131n Yedi S\u0131rr\u0131 Zaman i\u00e7inde kendini kan\u0131tlam\u0131\u015f bir y\u00f6netim sistemi olan hiyerar\u015fi, y\u00fczy\u0131llard\u0131r g\u00fc\u00e7l\u00fc bir \u015fekilde ayakta kald\u0131. Bu; g\u00fcvenli,<span class=\"excerpt-hellip\"> [\u2026]<\/span><\/p>\n","protected":false},"featured_media":0,"template":"","meta":{"_monsterinsights_skip_tracking":false,"_monsterinsights_sitenote_active":false,"_monsterinsights_sitenote_note":"","_monsterinsights_sitenote_category":0},"product_brand":[],"product_cat":[13043,17647],"product_tag":[],"class_list":{"0":"post-765059","1":"product","2":"type-product","3":"status-publish","5":"product_cat-ekonomi","6":"product_cat-is-dunyasi","7":"pa_cilt-ciltsiz","8":"pa_tur-kitap","9":"pa_yayinevi-mindset-institute","10":"pa_yazar-josh-bersin","12":"first","13":"instock","14":"sale","15":"shipping-taxable","16":"purchasable","17":"product-type-simple"},"_links":{"self":[{"href":"https:\/\/roveyayinevi.com.tr\/index.php\/wp-json\/wp\/v2\/product\/765059","targetHints":{"allow":["GET"]}}],"collection":[{"href":"https:\/\/roveyayinevi.com.tr\/index.php\/wp-json\/wp\/v2\/product"}],"about":[{"href":"https:\/\/roveyayinevi.com.tr\/index.php\/wp-json\/wp\/v2\/types\/product"}],"wp:attachment":[{"href":"https:\/\/roveyayinevi.com.tr\/index.php\/wp-json\/wp\/v2\/media?parent=765059"}],"wp:term":[{"taxonomy":"product_brand","embeddable":true,"href":"https:\/\/roveyayinevi.com.tr\/index.php\/wp-json\/wp\/v2\/product_brand?post=765059"},{"taxonomy":"product_cat","embeddable":true,"href":"https:\/\/roveyayinevi.com.tr\/index.php\/wp-json\/wp\/v2\/product_cat?post=765059"},{"taxonomy":"product_tag","embeddable":true,"href":"https:\/\/roveyayinevi.com.tr\/index.php\/wp-json\/wp\/v2\/product_tag?post=765059"}],"curies":[{"name":"wp","href":"https:\/\/api.w.org\/{rel}","templated":true}]}}