{"id":765055,"date":"2025-08-28T11:30:44","date_gmt":"2025-08-28T08:30:44","guid":{"rendered":"https:\/\/roveyayinevi.com.tr\/index.php\/urun\/hakikat-ve-onarim\/"},"modified":"2026-04-15T03:30:52","modified_gmt":"2026-04-15T00:30:52","slug":"hakikat-ve-onarim","status":"publish","type":"product","link":"https:\/\/roveyayinevi.com.tr\/index.php\/urun\/hakikat-ve-onarim\/","title":{"rendered":"Hakikat ve Onar\u0131m"},"content":{"rendered":"<p>\u201c\u0130lham verici ve pratik bir eylem \u00e7a\u011fr\u0131s\u0131; Hakikat ve Onar\u0131m hayatta kalanlar\u0131n erdemine ve kendileri ve i\u00e7indeya\u015fad\u0131\u011f\u0131m\u0131z d\u00fcnyay\u0131 iyile\u015ftirme g\u00fc\u00e7lerine methiyeler d\u00fcz\u00fcyor.\u201d_ Anita HillTemel kitab\u0131 Travma ve \u0130yile\u015fme\u2019nin yay\u0131nlanmas\u0131ndan otuz y\u0131l sonra Herman iyile\u015fmenin bir ba\u015fka hayatiama g\u00f6rmezden gelinmi\u015f cephesiyle, toplumsal adaletle bizi parlak bir \u015fekilde y\u00fcz y\u00fcze getiriyor. Adalettravmatik deneyimde merkezi olan kahrolas\u0131 a\u015fa\u011f\u0131lanma ve terk edilme duygular\u0131n\u0131n sa\u011falt\u0131m\u0131n\u0131n asli birbile\u015fenidir. Adalet g\u00f6rmezden gelindi\u011finde travman\u0131n izinin \u00e7aresiz bir \u00f6fke bi\u00e7iminde cerahatlanmas\u0131 olas\u0131d\u0131r.Tedavi alan\u0131ndaki profesyoneller ve genel toplum i\u00e7in derin \u00e7\u0131kar\u0131mlar\u0131yla muhte\u015fem ve ufuk a\u00e7\u0131c\u0131 bir katk\u0131._ New York Times \u00e7oksatar listesinde birinci The Body Keeps the Scorekitab\u0131n\u0131n yazar\u0131 Dr. Bessel van der KolkJudith Herman kad\u0131na kar\u015f\u0131 \u015fiddet \u00fczerine en \u00fcretici ve hayat de\u011fi\u015ftiren kitaplardan baz\u0131lar\u0131n\u0131 yazm\u0131\u015ft\u0131.Hakikat ve Onar\u0131m adl\u0131 bu yeni kitab\u0131nda daha da radikal bir \u015fey yap\u0131yor. Bizatihi hayatta kalanlar\u0131 dinliyor veonlar\u0131n sesini ve bir pratik i\u00e7indeki erdemlerini ustal\u0131kla payla\u015f\u0131p ger\u00e7ekten gelece\u011fimizin yol haritas\u0131n\u0131ayd\u0131nlat\u0131yor._V (eski Eve Ensler) The Vagina Monologues oyun yazar\u0131Otuz y\u0131ld\u0131r travman\u0131n etkileri \u00fczerine yaz\u0131lan her kitap Herman\u2019\u0131n \u00e7\u0131\u011f\u0131r a\u00e7an kitab\u0131 Travma ve \u0130yile\u015fme\u2019nin kald\u0131\u011f\u0131 yerden devam eder. \u015eimdi, otuz y\u0131l sonra, o ba\u015fyap\u0131ta toplumsal cinsiyete dayal\u0131 \u015fiddet ma\u011fdurlar\u0131n\u0131n nas\u0131l adalet ve sa\u011falt\u0131m arad\u0131klar\u0131n\u0131 inceleyen bir kitap deste\u011fi al\u0131yoruz. Hakikat ve Onar\u0131m varolan geni\u015f toplumsal kurumlar taraf\u0131ndan \u00e7o\u011fu ihanete u\u011frad\u0131\u011f\u0131n\u0131, yok say\u0131ld\u0131\u011f\u0131n\u0131 ya da yeniden travmatize edildi\u011fini hisseden \u015fiddet ma\u011fdurlar\u0131 i\u00e7in sa\u011falt\u0131m ve umut sunan, derinlemesine ara\u015ft\u0131r\u0131lm\u0131\u015f ve d\u00fc\u015f\u00fcnmeyi k\u0131\u015fk\u0131rtan bir kitap. _ Is the Rape a Crime? kitab\u0131n\u0131n yazar\u0131 Michelle Bowdler Herman\u2019\u0131n kad\u0131n ve \u00e7ocuklar\u0131n istismar\u0131yla ilgili ilk \u00e7al\u0131\u015fmalar\u0131 travma anlay\u0131\u015f\u0131m\u0131z\u0131 de\u011fi\u015ftirdi. \u015eimdi Hakikat ve Onar\u0131m\u2019da, ba\u015flang\u0131\u00e7taki g\u00fc\u00e7s\u00fcz kurbanlar\u0131n, yenilik\u00e7i toplumsal d\u00fczenlemelerle, nas\u0131l zor kazan\u0131lan hayatta kalan adaletini elde edebileceklerini anlatarak \u00e7emberi kapat\u0131yor. Bu s\u00fcre\u00e7te adaletin travmatize insanlar i\u00e7in ne demek oldu\u011fuyla ilgili \u00e7ok \u015fey \u00f6\u011freniyoruz. Herman\u2019\u0131n bak\u0131\u015f a\u00e7\u0131s\u0131 son derece insanc\u0131l ve tarihi ve politik ger\u00e7eklik \u00fczerine temellendirilir. Eser y\u00f6r\u00fcngesinde ve orijinalli\u011finde tek ba\u015f\u0131nad\u0131r. _ Dr. Robert Jay Lifton, Columbia \u00dcniversitesi \u0130\u00e7indekiler; \u00b7 G\u00fc\u00e7 \u00b7 Tiranl\u0131\u011f\u0131n Kurallar\u0131 \u00b7 E\u015fitli\u011fin Kurallar\u0131 \u00b7 Patriyarki \u00b7 Adalet G\u00f6r\u00fc\u015fleri \u00b7 Kabullenme \u00b7 \u00d6z\u00fcr Dileme \u00b7 Hesap Verebilirlik \u00b7 Eski Haline D\u00f6nme \u00b7 Rehabilitasyon \u00b7 \u00d6nleme \u00b7 En Uzun Devrim<\/p>\n","protected":false},"excerpt":{"rendered":"<p>\u201c\u0130lham verici ve pratik bir eylem \u00e7a\u011fr\u0131s\u0131; Hakikat ve Onar\u0131m hayatta kalanlar\u0131n erdemine ve kendileri ve i\u00e7indeya\u015fad\u0131\u011f\u0131m\u0131z d\u00fcnyay\u0131 iyile\u015ftirme g\u00fc\u00e7lerine methiyeler d\u00fcz\u00fcyor.\u201d_ Anita HillTemel kitab\u0131 Travma<span class=\"excerpt-hellip\"> [\u2026]<\/span><\/p>\n","protected":false},"featured_media":0,"template":"","meta":{"_monsterinsights_skip_tracking":false,"_monsterinsights_sitenote_active":false,"_monsterinsights_sitenote_note":"","_monsterinsights_sitenote_category":0},"product_brand":[],"product_cat":[12358,12357],"product_tag":[],"class_list":{"0":"post-765055","1":"product","2":"type-product","3":"status-publish","5":"product_cat-genel-psikoloji","6":"product_cat-psikoloji","7":"pa_cilt-ciltsiz","8":"pa_tur-kitap","9":"pa_yayinevi-literatur-yayinevi","10":"pa_yazar-judith-l-herman","12":"first","13":"instock","14":"sale","15":"shipping-taxable","16":"purchasable","17":"product-type-simple"},"_links":{"self":[{"href":"https:\/\/roveyayinevi.com.tr\/index.php\/wp-json\/wp\/v2\/product\/765055","targetHints":{"allow":["GET"]}}],"collection":[{"href":"https:\/\/roveyayinevi.com.tr\/index.php\/wp-json\/wp\/v2\/product"}],"about":[{"href":"https:\/\/roveyayinevi.com.tr\/index.php\/wp-json\/wp\/v2\/types\/product"}],"wp:attachment":[{"href":"https:\/\/roveyayinevi.com.tr\/index.php\/wp-json\/wp\/v2\/media?parent=765055"}],"wp:term":[{"taxonomy":"product_brand","embeddable":true,"href":"https:\/\/roveyayinevi.com.tr\/index.php\/wp-json\/wp\/v2\/product_brand?post=765055"},{"taxonomy":"product_cat","embeddable":true,"href":"https:\/\/roveyayinevi.com.tr\/index.php\/wp-json\/wp\/v2\/product_cat?post=765055"},{"taxonomy":"product_tag","embeddable":true,"href":"https:\/\/roveyayinevi.com.tr\/index.php\/wp-json\/wp\/v2\/product_tag?post=765055"}],"curies":[{"name":"wp","href":"https:\/\/api.w.org\/{rel}","templated":true}]}}