{"id":765054,"date":"2025-08-28T11:30:43","date_gmt":"2025-08-28T08:30:43","guid":{"rendered":"https:\/\/roveyayinevi.com.tr\/index.php\/urun\/dijital-teknoloji-sorgulaniyor\/"},"modified":"2026-04-15T03:30:52","modified_gmt":"2026-04-15T00:30:52","slug":"dijital-teknoloji-sorgulaniyor","status":"publish","type":"product","link":"https:\/\/roveyayinevi.com.tr\/index.php\/urun\/dijital-teknoloji-sorgulaniyor\/","title":{"rendered":"Dijital Teknoloji Sorgulan\u0131yor"},"content":{"rendered":"<p>Dijital teknolojilerin toplumsal ya\u015fant\u0131m\u0131z\u0131n temel belirleyicisi oldu\u011funa dair g\u00f6r\u00fc\u015f, medya ve ileti\u015fim literat\u00fcr\u00fcnde yayg\u0131n bi\u00e7imde yer almaktad\u0131r. Dijital teknolojiler, toplumsal ya\u015fam\u0131n t\u00fcm alanlar\u0131nda \u00f6ncelikli d\u00f6n\u00fc\u015ft\u00fcr\u00fcc\u00fc bir g\u00fc\u00e7 olarak de\u011ferlendirilmekte; ancak bu \u00e7er\u00e7eve ekonomik, siyasal ve toplumsal alanlar\u0131n kar\u015f\u0131l\u0131kl\u0131 etkile\u015fimindeki b\u00fct\u00fcnl\u00fckl\u00fc yap\u0131y\u0131 g\u00f6z ard\u0131 etmesi nedeniyle yetersiz bir bak\u0131\u015f a\u00e7\u0131s\u0131 sunmaktad\u0131r. Elinizdeki kitap, teknolojinin belirleyicili\u011fi iddias\u0131n\u0131n kar\u015f\u0131s\u0131nda, onun kapitalist birikim rejimi i\u00e7indeki rol\u00fcn\u00fc sorguluyor. Kitapta yer alan yaz\u0131lar, toplumsal ya\u015fant\u0131n\u0131n \u00fcretim ili\u015fkileri ba\u011flam\u0131nda \u015fekillenen diyalektik b\u00fct\u00fcnl\u00fc\u011f\u00fcnden yola \u00e7\u0131karak dijital teknolojinin i\u015flevini farkl\u0131 boyutlar\u0131yla ekonomi politik bir konumlan\u0131\u015fla irdeliyor.Dijital Kapitalizmin Ekonomi Politi\u011fi Bar\u0131\u015f \u00c7akmur \u2022 Dijitalle\u015fme ve Postmodernite: Yeni Zamanlarda Sermaye, Emek, Kimlik ve Anlat\u0131 G\u00f6khan G\u00f6kg\u00f6z \u2022 Alg\u0131lar\u0131n Ayar\u0131n\u0131 Bozmak: Dijital S\u00f6ylemi Etkileyen Be\u015f Yan\u0131lsama Esra \u0130lkay Kelo\u011flu-\u0130\u015fler \u2022 Teknolojiyle Zihin Ne Daha Fazla Yetkin Ne De \u00d6zg\u00fcr: Sadece Daha Ba\u011f\u0131ml\u0131 ve Daha Korkak Onur Dursun \u2022 Dijital Gazetecilikte Giri\u015fimcilik ve \u0130novasyon S\u00f6ylemi: Yenilenen Gazetecilik Ortam\u0131nda S\u00fcper Kahraman Gazeteci Ruhdan Uzun \u2022 Enformasyon Okyanusunda Yol Bulmak: Habercilikte \u0130nfo-obeziteye Kar\u015f\u0131 Yava\u015f Gazetecilik Ahmet Taylan \u2022 Yurtta\u015fl\u0131\u011f\u0131n Krizi ve Dijital Yurtta\u015fl\u0131k Kavram\u0131 \u00dczerine Ele\u015ftirel Ekonomi Politik Bir De\u011ferlendirme Erdal Da\u011fta\u015f, Mehmet Emir Y\u0131ld\u0131z \u2022 Hukukun Ara\u00e7salla\u015ft\u0131r\u0131lmas\u0131: D\u00fc\u015f\u00fcnce ve \u0130fade \u00d6zg\u00fcrl\u00fc\u011f\u00fc-Bas\u0131n \u00d6zg\u00fcrl\u00fc\u011f\u00fc A\u00e7\u0131s\u0131ndan \u2018Dezenformasyon Yasas\u0131\u2019 ve D\u00fc\u015f\u00fcnd\u00fcrd\u00fckleri Nurcan T\u00f6renli, Ay\u00e7in \u00d6zoktay \u2022 Unutulma Hakk\u0131: Arad\u0131\u011f\u0131n\u0131z Ki\u015fiye \u015eu Anda Ula\u015f\u0131lam\u0131yor? Elif K\u00fczeci \u2022 Buluttan D\u00fcnyaya Ne Ya\u011far? Veriyi, Bulut Sistemlerini ve Veri Merkezlerini Ekolojik Y\u0131k\u0131m A\u00e7\u0131s\u0131ndan D\u00fc\u015f\u00fcnmek Mutlu Binark \u2022 Zamana Ba\u011flanabilen ve Zamans\u0131zla\u015fabilen Anlat\u0131lar: Dijital Hik\u00e2yeler ile Bug\u00fcn\u00fc Ge\u00e7mi\u015fle D\u00fc\u015f\u00fcnmek Burcu \u015eim\u015fek, \u015eeng\u00fcl \u0130nce \u2022 \u0130nsanl\u0131\u011f\u0131n Yeniden Yaz\u0131lacak Tarihi Nas\u0131l Olmal\u0131?: YouTube Kanal\u0131nda G\u00f6beklitepe Haluk Geray <\/p>\n","protected":false},"excerpt":{"rendered":"<p>Dijital teknolojilerin toplumsal ya\u015fant\u0131m\u0131z\u0131n temel belirleyicisi oldu\u011funa dair g\u00f6r\u00fc\u015f, medya ve ileti\u015fim literat\u00fcr\u00fcnde yayg\u0131n bi\u00e7imde yer almaktad\u0131r. Dijital teknolojiler, toplumsal ya\u015fam\u0131n t\u00fcm alanlar\u0131nda \u00f6ncelikli d\u00f6n\u00fc\u015ft\u00fcr\u00fcc\u00fc bir<span class=\"excerpt-hellip\"> [\u2026]<\/span><\/p>\n","protected":false},"featured_media":0,"template":"","meta":{"_monsterinsights_skip_tracking":false,"_monsterinsights_sitenote_active":false,"_monsterinsights_sitenote_note":"","_monsterinsights_sitenote_category":0},"product_brand":[],"product_cat":[15983,13488],"product_tag":[],"class_list":{"0":"post-765054","1":"product","2":"type-product","3":"status-publish","5":"product_cat-iletisim-ve-medya","6":"product_cat-toplum-ve-insan","7":"pa_cilt-ciltsiz","8":"pa_tur-kitap","9":"pa_yayinevi-nika-yayinevi","10":"pa_yazar-kolektif","12":"first","13":"instock","14":"sale","15":"shipping-taxable","16":"purchasable","17":"product-type-simple"},"_links":{"self":[{"href":"https:\/\/roveyayinevi.com.tr\/index.php\/wp-json\/wp\/v2\/product\/765054","targetHints":{"allow":["GET"]}}],"collection":[{"href":"https:\/\/roveyayinevi.com.tr\/index.php\/wp-json\/wp\/v2\/product"}],"about":[{"href":"https:\/\/roveyayinevi.com.tr\/index.php\/wp-json\/wp\/v2\/types\/product"}],"wp:attachment":[{"href":"https:\/\/roveyayinevi.com.tr\/index.php\/wp-json\/wp\/v2\/media?parent=765054"}],"wp:term":[{"taxonomy":"product_brand","embeddable":true,"href":"https:\/\/roveyayinevi.com.tr\/index.php\/wp-json\/wp\/v2\/product_brand?post=765054"},{"taxonomy":"product_cat","embeddable":true,"href":"https:\/\/roveyayinevi.com.tr\/index.php\/wp-json\/wp\/v2\/product_cat?post=765054"},{"taxonomy":"product_tag","embeddable":true,"href":"https:\/\/roveyayinevi.com.tr\/index.php\/wp-json\/wp\/v2\/product_tag?post=765054"}],"curies":[{"name":"wp","href":"https:\/\/api.w.org\/{rel}","templated":true}]}}