{"id":765050,"date":"2025-08-28T11:30:34","date_gmt":"2025-08-28T08:30:34","guid":{"rendered":"https:\/\/roveyayinevi.com.tr\/index.php\/urun\/biz-simdi-neyiz\/"},"modified":"2026-04-15T03:30:52","modified_gmt":"2026-04-15T00:30:52","slug":"biz-simdi-neyiz","status":"publish","type":"product","link":"https:\/\/roveyayinevi.com.tr\/index.php\/urun\/biz-simdi-neyiz\/","title":{"rendered":"Biz \u015eimdi Neyiz?"},"content":{"rendered":"<p>Anla\u015fmaya sad\u0131k kald\u0131klar\u0131 m\u00fcddet\u00e7e yaln\u0131zca kalp a\u011fr\u0131s\u0131ndan uzak sonsuz bir e\u011flenceyle kar\u015f\u0131 kar\u015f\u0131yalar\u2026Anla\u015fma basit. Acil servis hem\u015firesi Claire Harper ve ev arkada\u015f\u0131 itfaiyeci Graham Scott, k\u0131rk ya\u015f\u0131na geldiklerinde h\u00e2l\u00e2 bek\u00e2r olurlarsa birbirlerine bir \u015fans vereceklerdi. Menfaatlerini dikkate alarak tabii\u2026 Claire, a\u015fkta \u015fans\u0131n\u0131n pek yaver gitmedi\u011fini ve Graham&#8217;\u0131n da bir yuva kurmak i\u00e7in acelesi olmad\u0131\u011f\u0131n\u0131 d\u00fc\u015f\u00fcnerek bu anla\u015fman\u0131n g\u00fcvenli oldu\u011funa karar verir. Hem de \u00e7ok. Zaten aksiyon merak\u0131 s\u00f6z konusuyken Graham&#8217;a ger\u00e7ekten \u00e2\u015f\u0131k olmas\u0131n\u0131n imk\u00e2n\u0131 yoktur. Hele ki babas\u0131n\u0131n ba\u015f\u0131na gelenlerden sonra\u2026Anla\u015fman\u0131n ba\u015flayaca\u011f\u0131 tarihten \u00e7ok \u00f6nce i\u015fler k\u0131z\u0131\u015fmaya ba\u015flar, \u00e7\u00fcnk\u00fc Graham bir kaya t\u0131rman\u0131\u015f\u0131 s\u0131ras\u0131nda yaralanm\u0131\u015ft\u0131r ve iyile\u015fmek i\u00e7in Claire&#8217;den yard\u0131m almas\u0131 gerekir. Claire onu sa\u011fl\u0131\u011f\u0131na kavu\u015fturmak i\u00e7in ne gerekiyorsa yapmaya haz\u0131rd\u0131r. Graham&#8217;\u0131n yata\u011f\u0131na ta\u015f\u0131nmas\u0131 ve kendisinden nefret eden k\u00fc\u00e7\u00fck k\u00f6pe\u011fine katlanmas\u0131 gerekse bile. Ancak bu kar\u015f\u0131l\u0131ks\u0131z anla\u015fman\u0131n karma\u015f\u0131k bir h\u00e2l almas\u0131yla, &#8220;\u015fimdilik\u201d olarak verilen s\u00f6zlerin &#8220;sonsuza dek\u201d olarak de\u011fi\u015fmesini engellemek d\u00fc\u015f\u00fcnd\u00fckleri kadar kolay de\u011fildir.<\/p>\n","protected":false},"excerpt":{"rendered":"<p>Anla\u015fmaya sad\u0131k kald\u0131klar\u0131 m\u00fcddet\u00e7e yaln\u0131zca kalp a\u011fr\u0131s\u0131ndan uzak sonsuz bir e\u011flenceyle kar\u015f\u0131 kar\u015f\u0131yalar\u2026Anla\u015fma basit. Acil servis hem\u015firesi Claire Harper ve ev arkada\u015f\u0131 itfaiyeci Graham Scott, k\u0131rk<span class=\"excerpt-hellip\"> [\u2026]<\/span><\/p>\n","protected":false},"featured_media":0,"template":"","meta":{"_monsterinsights_skip_tracking":false,"_monsterinsights_sitenote_active":false,"_monsterinsights_sitenote_note":"","_monsterinsights_sitenote_category":0},"product_brand":[],"product_cat":[12291,18202],"product_tag":[],"class_list":{"0":"post-765050","1":"product","2":"type-product","3":"status-publish","5":"product_cat-edebiyat","6":"product_cat-hikaye","7":"pa_cilt-ciltsiz","8":"pa_tur-kitap","9":"pa_yayinevi-artemis-yayinlari","10":"pa_yazar-allison-ashley","12":"first","13":"instock","14":"sale","15":"shipping-taxable","16":"purchasable","17":"product-type-simple"},"_links":{"self":[{"href":"https:\/\/roveyayinevi.com.tr\/index.php\/wp-json\/wp\/v2\/product\/765050","targetHints":{"allow":["GET"]}}],"collection":[{"href":"https:\/\/roveyayinevi.com.tr\/index.php\/wp-json\/wp\/v2\/product"}],"about":[{"href":"https:\/\/roveyayinevi.com.tr\/index.php\/wp-json\/wp\/v2\/types\/product"}],"wp:attachment":[{"href":"https:\/\/roveyayinevi.com.tr\/index.php\/wp-json\/wp\/v2\/media?parent=765050"}],"wp:term":[{"taxonomy":"product_brand","embeddable":true,"href":"https:\/\/roveyayinevi.com.tr\/index.php\/wp-json\/wp\/v2\/product_brand?post=765050"},{"taxonomy":"product_cat","embeddable":true,"href":"https:\/\/roveyayinevi.com.tr\/index.php\/wp-json\/wp\/v2\/product_cat?post=765050"},{"taxonomy":"product_tag","embeddable":true,"href":"https:\/\/roveyayinevi.com.tr\/index.php\/wp-json\/wp\/v2\/product_tag?post=765050"}],"curies":[{"name":"wp","href":"https:\/\/api.w.org\/{rel}","templated":true}]}}