{"id":765049,"date":"2025-08-28T11:30:31","date_gmt":"2025-08-28T08:30:31","guid":{"rendered":"https:\/\/roveyayinevi.com.tr\/index.php\/urun\/havada-uc-bes-marti-2\/"},"modified":"2026-04-15T03:30:52","modified_gmt":"2026-04-15T00:30:52","slug":"havada-uc-bes-marti-2","status":"publish","type":"product","link":"https:\/\/roveyayinevi.com.tr\/index.php\/urun\/havada-uc-bes-marti-2\/","title":{"rendered":"Havada \u00dc\u00e7 Be\u015f Mart\u0131"},"content":{"rendered":"<p>\u201cDize \u015fiirin omurgas\u0131d\u0131r, hayatla damar ba\u011f\u0131 olmayan dize \u015fiir olmaz. Bazen bir dize \u015fiirdir. \u0130\u015fte G\u00fcven Baykan, bu \u015fiirin yolcusudur!\u201d Nihat Behram \u201cG\u00fcven Baykan, dize a\u011f\u0131rl\u0131kl\u0131 k\u0131sa \u015fiirler yaz\u0131yor. Bazen birka\u00e7 dizeyle etkili bir atmosfer yaratabiliyor. Konular\u0131 ya\u015famla i\u00e7 i\u00e7e. Bir solukta okuyor ve tan\u0131d\u0131k duygular ya\u015f\u0131yorsunuz. Havada \u00dc\u00e7 Be\u015f Mart\u0131, 105 par\u00e7aya b\u00f6l\u00fcnm\u00fc\u015f senfonik bir \u015fiir gibi\u2026\u201d Attila A\u015fut Foto\u011fraf sanat\u00e7\u0131s\u0131, yazar, \u015fair G\u00fcven Baykan\u2019\u0131n Karadeniz\u2019in sert r\u00fczg\u00e2rlar\u0131n\u0131n, azg\u0131n deniziyle m\u00fccadele eden takalar\u0131n\u0131n ve \u00e7ay kokan havas\u0131n\u0131n s\u0131cakl\u0131\u011f\u0131ndan dam\u0131tarak dizelerine yans\u0131tt\u0131\u011f\u0131 bu \u015fiirlerinde a\u015fk\u0131, \u00f6zlemi ve en \u00e7ok da mart\u0131lar\u0131 duyumsayacaks\u0131n\u0131z\u2026   sonrasend\u00fc\u015fersin akl\u0131may\u00fcz\u00fcmde g\u00fcl\u00fcmsemehavada \u00fc\u00e7 be\u015f mart\u0131\u2026 <\/p>\n","protected":false},"excerpt":{"rendered":"<p>\u201cDize \u015fiirin omurgas\u0131d\u0131r, hayatla damar ba\u011f\u0131 olmayan dize \u015fiir olmaz. Bazen bir dize \u015fiirdir. \u0130\u015fte G\u00fcven Baykan, bu \u015fiirin yolcusudur!\u201d Nihat Behram \u201cG\u00fcven Baykan, dize a\u011f\u0131rl\u0131kl\u0131<span class=\"excerpt-hellip\"> [\u2026]<\/span><\/p>\n","protected":false},"featured_media":0,"template":"","meta":{"_monsterinsights_skip_tracking":false,"_monsterinsights_sitenote_active":false,"_monsterinsights_sitenote_note":"","_monsterinsights_sitenote_category":0},"product_brand":[],"product_cat":[12291,12509],"product_tag":[],"class_list":{"0":"post-765049","1":"product","2":"type-product","3":"status-publish","5":"product_cat-edebiyat","6":"product_cat-siir","7":"pa_cilt-ciltsiz","8":"pa_tur-kitap","9":"pa_yayinevi-ilk-baski-yayinevi","10":"pa_yazar-guven-baykan","12":"first","13":"instock","14":"sale","15":"shipping-taxable","16":"purchasable","17":"product-type-simple"},"_links":{"self":[{"href":"https:\/\/roveyayinevi.com.tr\/index.php\/wp-json\/wp\/v2\/product\/765049","targetHints":{"allow":["GET"]}}],"collection":[{"href":"https:\/\/roveyayinevi.com.tr\/index.php\/wp-json\/wp\/v2\/product"}],"about":[{"href":"https:\/\/roveyayinevi.com.tr\/index.php\/wp-json\/wp\/v2\/types\/product"}],"wp:attachment":[{"href":"https:\/\/roveyayinevi.com.tr\/index.php\/wp-json\/wp\/v2\/media?parent=765049"}],"wp:term":[{"taxonomy":"product_brand","embeddable":true,"href":"https:\/\/roveyayinevi.com.tr\/index.php\/wp-json\/wp\/v2\/product_brand?post=765049"},{"taxonomy":"product_cat","embeddable":true,"href":"https:\/\/roveyayinevi.com.tr\/index.php\/wp-json\/wp\/v2\/product_cat?post=765049"},{"taxonomy":"product_tag","embeddable":true,"href":"https:\/\/roveyayinevi.com.tr\/index.php\/wp-json\/wp\/v2\/product_tag?post=765049"}],"curies":[{"name":"wp","href":"https:\/\/api.w.org\/{rel}","templated":true}]}}