{"id":765044,"date":"2025-08-28T11:30:22","date_gmt":"2025-08-28T08:30:22","guid":{"rendered":"https:\/\/roveyayinevi.com.tr\/index.php\/urun\/ibni-haldun-2\/"},"modified":"2026-04-15T03:30:52","modified_gmt":"2026-04-15T00:30:52","slug":"ibni-haldun-2","status":"publish","type":"product","link":"https:\/\/roveyayinevi.com.tr\/index.php\/urun\/ibni-haldun-2\/","title":{"rendered":"\u0130bni Haldun"},"content":{"rendered":"<p>Sosyolojinin kurucusu olarak tan\u0131nan \u0130bni Haldun&#8217;un eserlerine bakt\u0131\u011f\u0131m\u0131zda be\u015feri bilimlerin her alan\u0131na n\u00fcfuz etmi\u015f \u00e7ok y\u00f6nl\u00fc bir d\u00fc\u015f\u00fcn\u00fcr kar\u015f\u0131m\u0131za \u00e7\u0131kar. Ba\u015fyap\u0131t\u0131 Mukaddime\u2019de devletlerin kurulu\u015fu ve d\u00f6n\u00fc\u015f\u00fcm\u00fc \u00fczerine geli\u015ftirdi\u011fi fikirleriyle \u0130bni Haldun, devlete dair g\u00f6r\u00fc\u015fleri derinden etkileyen vazge\u00e7ilmez bir d\u00fc\u015f\u00fcn\u00fcr olma \u00f6zelli\u011fini h\u00e2l\u00e2 s\u00fcrd\u00fcrmektedir. \u0130bni Haldun toplum, siyaset ve tarih d\u00fc\u015f\u00fcncesine getirdi\u011fi yeni solu\u011fun yan\u0131 s\u0131ra felsefe ile din aras\u0131ndaki \u00e7eki\u015fmeyi de kendine \u00f6zg\u00fc yakla\u015f\u0131m\u0131yla \u00e7\u00f6zmeye \u00e7al\u0131\u015f\u0131r. Ahmet Arslan bu kapsaml\u0131 \u00e7al\u0131\u015fmas\u0131nda \u00f6ncelikle \u00fcmran kavram\u0131n\u0131n toplum d\u00fc\u015f\u00fcncesindeki ta\u015f\u0131y\u0131c\u0131 g\u00fcc\u00fcne odaklan\u0131r, ard\u0131ndan \u0130bni Haldun\u2019un felsefi kimli\u011fine \u0131\u015f\u0131k tutar. Elinizdeki kitap, \u0130bni Haldun\u2019un toplum g\u00f6r\u00fc\u015flerini titizlikle takip etmekle birlikte, kendinden \u00f6nceki filozoflarla tart\u0131\u015fmalar\u0131na da yer vererek \u0130slam felsefesi \u00fczerine ayr\u0131nt\u0131l\u0131 bir okuma yapmaya imk\u00e2n vermektedir. <\/p>\n","protected":false},"excerpt":{"rendered":"<p>Sosyolojinin kurucusu olarak tan\u0131nan \u0130bni Haldun&#8217;un eserlerine bakt\u0131\u011f\u0131m\u0131zda be\u015feri bilimlerin her alan\u0131na n\u00fcfuz etmi\u015f \u00e7ok y\u00f6nl\u00fc bir d\u00fc\u015f\u00fcn\u00fcr kar\u015f\u0131m\u0131za \u00e7\u0131kar. Ba\u015fyap\u0131t\u0131 Mukaddime\u2019de devletlerin kurulu\u015fu ve d\u00f6n\u00fc\u015f\u00fcm\u00fc<span class=\"excerpt-hellip\"> [\u2026]<\/span><\/p>\n","protected":false},"featured_media":0,"template":"","meta":{"_monsterinsights_skip_tracking":false,"_monsterinsights_sitenote_active":false,"_monsterinsights_sitenote_note":"","_monsterinsights_sitenote_category":0},"product_brand":[],"product_cat":[12388],"product_tag":[],"class_list":{"0":"post-765044","1":"product","2":"type-product","3":"status-publish","5":"product_cat-felsefe","6":"pa_cilt-ciltsiz","7":"pa_tur-kitap","8":"pa_yayinevi-alfa-yayinlari","9":"pa_yazar-ahmet-arslan","11":"first","12":"instock","13":"sale","14":"shipping-taxable","15":"purchasable","16":"product-type-simple"},"_links":{"self":[{"href":"https:\/\/roveyayinevi.com.tr\/index.php\/wp-json\/wp\/v2\/product\/765044","targetHints":{"allow":["GET"]}}],"collection":[{"href":"https:\/\/roveyayinevi.com.tr\/index.php\/wp-json\/wp\/v2\/product"}],"about":[{"href":"https:\/\/roveyayinevi.com.tr\/index.php\/wp-json\/wp\/v2\/types\/product"}],"wp:attachment":[{"href":"https:\/\/roveyayinevi.com.tr\/index.php\/wp-json\/wp\/v2\/media?parent=765044"}],"wp:term":[{"taxonomy":"product_brand","embeddable":true,"href":"https:\/\/roveyayinevi.com.tr\/index.php\/wp-json\/wp\/v2\/product_brand?post=765044"},{"taxonomy":"product_cat","embeddable":true,"href":"https:\/\/roveyayinevi.com.tr\/index.php\/wp-json\/wp\/v2\/product_cat?post=765044"},{"taxonomy":"product_tag","embeddable":true,"href":"https:\/\/roveyayinevi.com.tr\/index.php\/wp-json\/wp\/v2\/product_tag?post=765044"}],"curies":[{"name":"wp","href":"https:\/\/api.w.org\/{rel}","templated":true}]}}