{"id":765043,"date":"2025-08-28T11:30:20","date_gmt":"2025-08-28T08:30:20","guid":{"rendered":"https:\/\/roveyayinevi.com.tr\/index.php\/urun\/ahlak-4\/"},"modified":"2026-04-15T03:30:52","modified_gmt":"2026-04-15T00:30:52","slug":"ahlak-4","status":"publish","type":"product","link":"https:\/\/roveyayinevi.com.tr\/index.php\/urun\/ahlak-4\/","title":{"rendered":"Ahlak"},"content":{"rendered":"<p>\u0130yi ve k\u00f6t\u00fc nedir? Neyi yapmal\u0131, neyi yapmamal\u0131y\u0131z? Ahlak\u0131n temelini olu\u015fturan bu sorular her d\u00f6nemde insanlar\u0131n zihnini me\u015fgul etti. Peki ahlak nas\u0131l ve hangi ko\u015fullarda do\u011fdu? Tarih boyunca ahlak anlay\u0131\u015f\u0131m\u0131z nas\u0131l de\u011fi\u015fti ve \u00e7e\u015fitli toplumlarda nas\u0131l farkl\u0131la\u015ft\u0131? K\u00fclt\u00fcrel ve teknolojik geli\u015fmeler ahlaki evrimi nas\u0131l etkiledi? Bug\u00fcn tan\u0131k oldu\u011fumuz ahlaki kutupla\u015fman\u0131n kayna\u011f\u0131 ne? G\u00fcn\u00fcm\u00fcz\u00fcn ahlaki krizlerini ge\u00e7mi\u015fin \u0131\u015f\u0131\u011f\u0131nda nas\u0131l yorumlayabiliriz? Hanno Sauer bize ahlak\u0131n hik\u00e2yesini anlat\u0131yor. \u201cUzun bir hik\u00e2ye bu, \u00e7\u00fcnk\u00fc bizim i\u00e7in \u00f6nemli olan her \u015feyle ilgili: de\u011ferlerimizle, ilkelerimizle, kimli\u011fimizin kaynaklar\u0131yla, toplumumuzun temelleriyle, birliktelik ve kar\u015f\u0131tl\u0131kla, yarg\u0131laman\u0131n ve yarg\u0131lanman\u0131n her iki taraf\u0131yla ve ne kadar h\u0131zl\u0131 taraf de\u011fi\u015ftirebildi\u011fimiz ger\u00e7e\u011fiyle. \u201cHik\u00e2yemiz Do\u011fu Afrika\u2019daki hen\u00fcz insan olmayan ilk atalar\u0131m\u0131zdan ba\u015flay\u0131p, \u00e7a\u011fda\u015f d\u00fcnyan\u0131n metropollerinde kimlik, e\u015fitsizlik, bask\u0131 ve \u015fimdiki zaman\u0131 yorumlama ayr\u0131cal\u0131\u011f\u0131 hakk\u0131nda s\u00fcrd\u00fcr\u00fclen g\u00fcncel \u00e7evrimi\u00e7i \u00e7at\u0131\u015fmalara kadar insanl\u0131\u011f\u0131n temel ahlaki d\u00f6n\u00fc\u015f\u00fcmlerinin izini s\u00fcr\u00fcyor. Toplumumuzun \u00e7a\u011flar boyunca nas\u0131l de\u011fi\u015fti\u011fini, de\u011ferlerimize ve normlar\u0131m\u0131za paralel olarak yeni kurumlar\u0131n, teknolojilerin, bilgi birikimlerinin ve ekonomi bi\u00e7imlerinin nas\u0131l geli\u015fti\u011fini anlat\u0131yor ve bu de\u011fi\u015fimlerin her birinin birden fazla ve\u00e7hesi oldu\u011funu s\u00f6yl\u00fcyor.\u201d<\/p>\n","protected":false},"excerpt":{"rendered":"<p>\u0130yi ve k\u00f6t\u00fc nedir? Neyi yapmal\u0131, neyi yapmamal\u0131y\u0131z? Ahlak\u0131n temelini olu\u015fturan bu sorular her d\u00f6nemde insanlar\u0131n zihnini me\u015fgul etti. Peki ahlak nas\u0131l ve hangi ko\u015fullarda do\u011fdu?<span class=\"excerpt-hellip\"> [\u2026]<\/span><\/p>\n","protected":false},"featured_media":0,"template":"","meta":{"_monsterinsights_skip_tracking":false,"_monsterinsights_sitenote_active":false,"_monsterinsights_sitenote_note":"","_monsterinsights_sitenote_category":0},"product_brand":[],"product_cat":[20351,12388],"product_tag":[],"class_list":{"0":"post-765043","1":"product","2":"type-product","3":"status-publish","5":"product_cat-dusunce","6":"product_cat-felsefe","7":"pa_cilt-ciltsiz","8":"pa_tur-kitap","9":"pa_yayinevi-metis-yayinlari","10":"pa_yazar-hanno-sauer","12":"first","13":"instock","14":"sale","15":"shipping-taxable","16":"purchasable","17":"product-type-simple"},"_links":{"self":[{"href":"https:\/\/roveyayinevi.com.tr\/index.php\/wp-json\/wp\/v2\/product\/765043","targetHints":{"allow":["GET"]}}],"collection":[{"href":"https:\/\/roveyayinevi.com.tr\/index.php\/wp-json\/wp\/v2\/product"}],"about":[{"href":"https:\/\/roveyayinevi.com.tr\/index.php\/wp-json\/wp\/v2\/types\/product"}],"wp:attachment":[{"href":"https:\/\/roveyayinevi.com.tr\/index.php\/wp-json\/wp\/v2\/media?parent=765043"}],"wp:term":[{"taxonomy":"product_brand","embeddable":true,"href":"https:\/\/roveyayinevi.com.tr\/index.php\/wp-json\/wp\/v2\/product_brand?post=765043"},{"taxonomy":"product_cat","embeddable":true,"href":"https:\/\/roveyayinevi.com.tr\/index.php\/wp-json\/wp\/v2\/product_cat?post=765043"},{"taxonomy":"product_tag","embeddable":true,"href":"https:\/\/roveyayinevi.com.tr\/index.php\/wp-json\/wp\/v2\/product_tag?post=765043"}],"curies":[{"name":"wp","href":"https:\/\/api.w.org\/{rel}","templated":true}]}}