{"id":765041,"date":"2025-08-28T11:30:16","date_gmt":"2025-08-28T08:30:16","guid":{"rendered":"https:\/\/roveyayinevi.com.tr\/index.php\/urun\/gizli-bahce-14\/"},"modified":"2026-04-15T03:30:52","modified_gmt":"2026-04-15T00:30:52","slug":"gizli-bahce-14","status":"publish","type":"product","link":"https:\/\/roveyayinevi.com.tr\/index.php\/urun\/gizli-bahce-14\/","title":{"rendered":"Gizli Bah\u00e7e"},"content":{"rendered":"<p>Frances Hodgson Burnett, \u00e7evresindeki herkesi kaybetmesinin ard\u0131ndan Hindistan\u2019dan \u0130ngiltere\u2019ye g\u00f6\u00e7 edip yeni bir hayata at\u0131lan Mary\u2019nin ilgin\u00e7 hik\u00e2yesini anlat\u0131yor. Dokuz ya\u015f\u0131na kadar Hindistan\u2019da dad\u0131lar taraf\u0131ndan b\u00fcy\u00fct\u00fclen Mary Lennox aniden \u0130ngiltere\u2019ye, eni\u015ftesinin malik\u00e2nesine ta\u015f\u0131nmak zorunda kal\u0131r. Aksi, huysuz bir \u00e7ocuktur. Fakat odas\u0131ndan asla \u00e7\u0131kmayan kuzeni Colin ve onun aksine, s\u00fcrekli k\u0131rlarda dola\u015f\u0131p hayvanlarla, bitkilerle ilgilenen Dickon\u2019la tan\u0131\u015f\u0131nca, daha \u00f6nce hi\u00e7 g\u00f6rmedi\u011fi g\u00fczelliklerle kar\u015f\u0131la\u015fmaya ba\u015flar. \u00dc\u00e7 kafadar, malik\u00e2nede ke\u015ffettikleri bir bah\u00e7ede \u00e7al\u0131\u015farak hem kendilerini, hem \u00e7evrelerini d\u00f6n\u00fc\u015ft\u00fcr\u00fcr. Gizli Bah\u00e7e\u2019de, g\u00fcller ve zambaklarla birlikte yeni bir hayat\u0131n nas\u0131l filizlendi\u011fine tan\u0131kl\u0131k edeceksiniz.<\/p>\n","protected":false},"excerpt":{"rendered":"<p>Frances Hodgson Burnett, \u00e7evresindeki herkesi kaybetmesinin ard\u0131ndan Hindistan\u2019dan \u0130ngiltere\u2019ye g\u00f6\u00e7 edip yeni bir hayata at\u0131lan Mary\u2019nin ilgin\u00e7 hik\u00e2yesini anlat\u0131yor. Dokuz ya\u015f\u0131na kadar Hindistan\u2019da dad\u0131lar taraf\u0131ndan b\u00fcy\u00fct\u00fclen<span class=\"excerpt-hellip\"> [\u2026]<\/span><\/p>\n","protected":false},"featured_media":0,"template":"","meta":{"_monsterinsights_skip_tracking":false,"_monsterinsights_sitenote_active":false,"_monsterinsights_sitenote_note":"","_monsterinsights_sitenote_category":0},"product_brand":[],"product_cat":[12274,12284],"product_tag":[],"class_list":{"0":"post-765041","1":"product","2":"type-product","3":"status-publish","5":"product_cat-cocuk-ve-genclik-kitaplari","6":"product_cat-hikayeler","7":"pa_cilt-ciltsiz","8":"pa_tur-kitap","9":"pa_yayinevi-iletisim-yayinlari","10":"pa_yazar-frances-hodgson-burnett","12":"first","13":"instock","14":"sale","15":"shipping-taxable","16":"purchasable","17":"product-type-simple"},"_links":{"self":[{"href":"https:\/\/roveyayinevi.com.tr\/index.php\/wp-json\/wp\/v2\/product\/765041","targetHints":{"allow":["GET"]}}],"collection":[{"href":"https:\/\/roveyayinevi.com.tr\/index.php\/wp-json\/wp\/v2\/product"}],"about":[{"href":"https:\/\/roveyayinevi.com.tr\/index.php\/wp-json\/wp\/v2\/types\/product"}],"wp:attachment":[{"href":"https:\/\/roveyayinevi.com.tr\/index.php\/wp-json\/wp\/v2\/media?parent=765041"}],"wp:term":[{"taxonomy":"product_brand","embeddable":true,"href":"https:\/\/roveyayinevi.com.tr\/index.php\/wp-json\/wp\/v2\/product_brand?post=765041"},{"taxonomy":"product_cat","embeddable":true,"href":"https:\/\/roveyayinevi.com.tr\/index.php\/wp-json\/wp\/v2\/product_cat?post=765041"},{"taxonomy":"product_tag","embeddable":true,"href":"https:\/\/roveyayinevi.com.tr\/index.php\/wp-json\/wp\/v2\/product_tag?post=765041"}],"curies":[{"name":"wp","href":"https:\/\/api.w.org\/{rel}","templated":true}]}}